{"id":111,"date":"2011-10-13T16:00:11","date_gmt":"2011-10-13T14:00:11","guid":{"rendered":"http:\/\/www.ventinella.be\/?page_id=111"},"modified":"2014-01-27T16:41:26","modified_gmt":"2014-01-27T15:41:26","slug":"willkommen","status":"publish","type":"page","link":"https:\/\/old.ventinella.com\/de\/willkommen\/","title":{"rendered":"Herzlich Willkommen"},"content":{"rendered":"<p style=\"text-align: justify\">\n<p>Sehr geehrte Damen und Herren,<\/p>\n<p>Gerne m\u00f6chte\u00a0wir Ihnen unsere Firma vorstellen. Ventinella hat ihren Ursprung in Flandern, wo seit 1970 PVC-L\u00e4den produziert wurden, und ist, aufgrund des Wachstums nach Hondschoote in Nord-Frankreich umgezogen. In einer neuen, \u00a0modernen Fertigungsst\u00e4tte, \u00a0stellen wir Fensterl\u00e4den mit Folienbeschichtung und Lackierung her.<\/p>\n<p>Unsere \u00a0Profile werden auf eigenen Werkzeugen aus Hart PVC extrudiert und anschlie\u00dfend\u00a0 mit den bekannten <strong>RENOLIT oder HORNSCHUCH Folien<\/strong> foliert. Wir verwenden somit die gleichen Folien wie die g\u00e4ngigen\u00a0 Fensterprofilhersteller. Der Pflegeaufwand dieser Folien ist minimal und Streichen wie bei Holz ist nicht notwendig . Die Folie zeichnet sich durch eine lange Lebensdauer und Farbechtheit aus.<\/p>\n<p>&nbsp;<\/p>\n<p>&nbsp;<\/p>\n<p>&nbsp;<\/p>\n<p>Ventinella hat eine reiche <strong>Auswahl von insgesamt 125 Folien<\/strong>:<\/p>\n<p>&#8211;\u00a0\u00a0\u00a0\u00a0\u00a0\u00a0\u00a0\u00a0\u00a0\u00a0 Holzdekore,<\/p>\n<p>&#8211;\u00a0\u00a0\u00a0\u00a0\u00a0\u00a0\u00a0\u00a0\u00a0\u00a0 aktuelle Graut\u00f6ne,<\/p>\n<p>&#8211;\u00a0\u00a0\u00a0\u00a0\u00a0\u00a0\u00a0\u00a0\u00a0\u00a0 klassische oder helle Farben<\/p>\n<p>&#8211;\u00a0\u00a0\u00a0\u00a0\u00a0\u00a0\u00a0\u00a0\u00a0 \u00a0 Metallfarben.<\/p>\n<p>Beidseitig unterschiedliche\u00a0 Dekore sind nach freier Wahl auf einem Laden kombinierbar.<\/p>\n<p>Sie haben die <strong>Wahl zwischen 6 verschiedenen F\u00fcllungs Modellen<\/strong>:<\/p>\n<p>&#8211;\u00a0\u00a0\u00a0\u00a0\u00a0\u00a0\u00a0\u00a0\u00a0 Offene Oval Lamellen<\/p>\n<p>&#8211;\u00a0\u00a0\u00a0\u00a0\u00a0\u00a0\u00a0\u00a0\u00a0 geschlossene Dreiecklamellen<\/p>\n<p>&#8211;\u00a0\u00a0\u00a0\u00a0\u00a0\u00a0\u00a0\u00a0\u00a0 bewegliche Lamellen mit Griff<\/p>\n<p>&#8211;\u00a0\u00a0\u00a0\u00a0\u00a0\u00a0\u00a0\u00a0\u00a0 Brettprofil\u00a0 vertikal oder horizontal<\/p>\n<p>&#8211;\u00a0\u00a0\u00a0\u00a0\u00a0\u00a0\u00a0\u00a0\u00a0 isolierende Sandwichplatte.<\/p>\n<p>Kombinationen sind hierbei m\u00f6glich.<\/p>\n<p>Die Produktion der Rahmen erfolgt auf CNC Maschinen. Dies garantiert <strong>exakten und nahtlosen\u00a0 Sitz der Lamellen<\/strong>. Die Lamellen sind beidseitig um <strong>25 mm im Rahmen versenkt<\/strong>. Die L\u00e4den sind dadurch einbruchsicher und sichtbare, unfolierte Stellen an den Einpassstellen, werden bei Ausdehnung durch W\u00e4rme vermieden. Glasleisten und Sichtprofile sind nicht mehr notwendig. Durch Einsparung \u00fcberfl\u00fcssiger Bauteile sind wir somit in der Lage schnell und kosteng\u00fcnstig zu produzieren.<strong> <\/strong>Die L\u00e4den zeichnen sich durch solide und echte Holzoptik aus.<\/p>\n<p>Unser Vertrieb erfolgt \u00fcber Fensterbauer in Benelux, Deutschland und Frankreich. Wir produzieren ausschlie\u00dflich Fensterl\u00e4den.<\/p>\n","protected":false},"excerpt":{"rendered":"<p>Sehr geehrte Damen und Herren, Gerne m\u00f6chte\u00a0wir Ihnen unsere Firma vorstellen. Ventinella hat ihren Ursprung in Flandern, wo seit 1970 PVC-L\u00e4den produziert wurden, und ist, aufgrund des Wachstums nach Hondschoote in Nord-Frankreich umgezogen. In einer neuen, \u00a0modernen Fertigungsst\u00e4tte, \u00a0stellen wir [&hellip;]<\/p>\n","protected":false},"author":1,"featured_media":0,"parent":0,"menu_order":0,"comment_status":"closed","ping_status":"closed","template":"tpl_sliderPagina_sidebar.php","meta":{"ngg_post_thumbnail":0,"footnotes":""},"class_list":["post-111","page","type-page","status-publish","hentry"],"_links":{"self":[{"href":"https:\/\/old.ventinella.com\/de\/wp-json\/wp\/v2\/pages\/111\/"}],"collection":[{"href":"https:\/\/old.ventinella.com\/de\/wp-json\/wp\/v2\/pages\/"}],"about":[{"href":"https:\/\/old.ventinella.com\/de\/wp-json\/wp\/v2\/types\/page\/"}],"author":[{"embeddable":true,"href":"https:\/\/old.ventinella.com\/de\/wp-json\/wp\/v2\/users\/1\/"}],"replies":[{"embeddable":true,"href":"https:\/\/old.ventinella.com\/de\/wp-json\/wp\/v2\/comments\/?post=111"}],"version-history":[{"count":0,"href":"https:\/\/old.ventinella.com\/de\/wp-json\/wp\/v2\/pages\/111\/revisions\/"}],"wp:attachment":[{"href":"https:\/\/old.ventinella.com\/de\/wp-json\/wp\/v2\/media\/?parent=111"}],"curies":[{"name":"wp","href":"https:\/\/api.w.org\/{rel}","templated":true}]}}