{"id":135,"date":"2011-10-13T16:43:07","date_gmt":"2011-10-13T14:43:07","guid":{"rendered":"http:\/\/www.ventinella.be\/?page_id=135"},"modified":"2013-12-20T18:15:55","modified_gmt":"2013-12-20T17:15:55","slug":"farbenkatalog","status":"publish","type":"page","link":"https:\/\/old.ventinella.com\/de\/farbenkatalog\/","title":{"rendered":"Dekore"},"content":{"rendered":"<blockquote><p><em>Ventinella bietet einen Auswahl von 125 Foliedekore.<\/em><\/p>\n<p><a href=\"http:\/\/www.ventinella.com\/wp-content\/uploads\/2013\/12\/VENTINELLA-\u00d9BERSICHT-DEKORE.xlsx\"><em>Bitte klicken Sie hier f\u00fcr die aktuelle Liste in EXCELL<\/em><\/a><\/p>\n<p>&nbsp;<\/p>\n<p><a href=\"http:\/\/www.ventinella.com\/wp-content\/uploads\/2013\/12\/VENTINELLA-\u00d9BERSICHT-DEKORE.pdf\"><em>Bitte klicken Sie hier f\u00fcr die aktuelle Liste in PDF.<\/em><\/a><\/p>\n<p><em>Bitte klicken Sie auf die Farbe f\u00fcr die Renolit-Referenz.<\/em><em> <\/em><em>Mehrere<\/em><em> Dekore k\u00f6nnen auf ein Laden kombiniert werden.<\/em><\/p><\/blockquote>\n<p>&nbsp;<\/p>\n<p>&nbsp;<\/p>\nngg_shortcode_0_placeholder\n","protected":false},"excerpt":{"rendered":"<p>Ventinella bietet einen Auswahl von 125 Foliedekore. Bitte klicken Sie hier f\u00fcr die aktuelle Liste in EXCELL &nbsp; Bitte klicken Sie hier f\u00fcr die aktuelle Liste in PDF. Bitte klicken Sie auf die Farbe f\u00fcr die Renolit-Referenz. Mehrere Dekore k\u00f6nnen [&hellip;]<\/p>\n","protected":false},"author":1,"featured_media":0,"parent":0,"menu_order":0,"comment_status":"closed","ping_status":"open","template":"tpl_sliderPagina.php","meta":{"ngg_post_thumbnail":0,"footnotes":""},"class_list":["post-135","page","type-page","status-publish","hentry"],"_links":{"self":[{"href":"https:\/\/old.ventinella.com\/de\/wp-json\/wp\/v2\/pages\/135\/"}],"collection":[{"href":"https:\/\/old.ventinella.com\/de\/wp-json\/wp\/v2\/pages\/"}],"about":[{"href":"https:\/\/old.ventinella.com\/de\/wp-json\/wp\/v2\/types\/page\/"}],"author":[{"embeddable":true,"href":"https:\/\/old.ventinella.com\/de\/wp-json\/wp\/v2\/users\/1\/"}],"replies":[{"embeddable":true,"href":"https:\/\/old.ventinella.com\/de\/wp-json\/wp\/v2\/comments\/?post=135"}],"version-history":[{"count":0,"href":"https:\/\/old.ventinella.com\/de\/wp-json\/wp\/v2\/pages\/135\/revisions\/"}],"wp:attachment":[{"href":"https:\/\/old.ventinella.com\/de\/wp-json\/wp\/v2\/media\/?parent=135"}],"curies":[{"name":"wp","href":"https:\/\/api.w.org\/{rel}","templated":true}]}}