{"id":171,"date":"2011-10-13T17:21:24","date_gmt":"2011-10-13T15:21:24","guid":{"rendered":"http:\/\/www.ventinella.be\/?page_id=171"},"modified":"2017-07-21T13:06:19","modified_gmt":"2017-07-21T11:06:19","slug":"kontakt","status":"publish","type":"page","link":"https:\/\/old.ventinella.com\/de\/kontakt\/","title":{"rendered":"Kontakt"},"content":{"rendered":"<h1>Preisangebot<\/h1>\n<p>Ein detailliertes Preisangebot machen wir gerne. Es gen\u00fcgt da\u00df Sie uns Aussenma\u00dfe und Anzahl St\u00fcck pro Format mitteilen.<\/p>\n<h1>Kontakt<\/h1>\n\n<div class=\"wpcf7 no-js\" id=\"wpcf7-f175-o1\" lang=\"en-US\" dir=\"ltr\" data-wpcf7-id=\"175\">\n<div class=\"screen-reader-response\"><p role=\"status\" aria-live=\"polite\" aria-atomic=\"true\"><\/p> <ul><\/ul><\/div>\n<form action=\"\/de\/wp-json\/wp\/v2\/pages\/171#wpcf7-f175-o1\" method=\"post\" class=\"wpcf7-form init\" aria-label=\"Contact form\" novalidate=\"novalidate\" data-status=\"init\">\n<fieldset class=\"hidden-fields-container\"><input type=\"hidden\" name=\"_wpcf7\" value=\"175\" \/><input type=\"hidden\" name=\"_wpcf7_version\" value=\"6.1.1\" \/><input type=\"hidden\" name=\"_wpcf7_locale\" value=\"en_US\" \/><input type=\"hidden\" name=\"_wpcf7_unit_tag\" value=\"wpcf7-f175-o1\" \/><input type=\"hidden\" name=\"_wpcf7_container_post\" value=\"0\" \/><input type=\"hidden\" name=\"_wpcf7_posted_data_hash\" value=\"\" \/>\n<\/fieldset>\n<ul id=\"contact\">\n\t<li>\n\t\t<p><span class=\"text\">Ihr Namen<\/span><span class=\"required\">(*)<\/span><span class=\"wpcf7-form-control-wrap\" data-name=\"your-name\"><input size=\"40\" maxlength=\"400\" class=\"wpcf7-form-control wpcf7-text wpcf7-validates-as-required\" aria-required=\"true\" aria-invalid=\"false\" value=\"\" type=\"text\" name=\"your-name\" \/><\/span>\n\t\t<\/p>\n\t<\/li>\n\t<li>\n\t\t<p><span class=\"text\">Ihre Email Adresse<\/span><span class=\"required\">(*)<\/span><span class=\"wpcf7-form-control-wrap\" data-name=\"your-email\"><input size=\"40\" maxlength=\"400\" class=\"wpcf7-form-control wpcf7-email wpcf7-validates-as-required wpcf7-text wpcf7-validates-as-email\" aria-required=\"true\" aria-invalid=\"false\" value=\"\" type=\"email\" name=\"your-email\" \/><\/span>\n\t\t<\/p>\n\t<\/li>\n\t<li>\n\t\t<p><span class=\"text\">Betreff<\/span><span class=\"wpcf7-form-control-wrap\" data-name=\"your-subject\"><input size=\"40\" maxlength=\"400\" class=\"wpcf7-form-control wpcf7-text\" aria-invalid=\"false\" value=\"\" type=\"text\" name=\"your-subject\" \/><\/span>\n\t\t<\/p>\n\t<\/li>\n\t<li id=\"message\">\n\t\t<p><span class=\"text\">Ihre Nachricht<\/span><span class=\"wpcf7-form-control-wrap\" data-name=\"your-message\"><textarea cols=\"40\" rows=\"10\" maxlength=\"2000\" class=\"wpcf7-form-control wpcf7-textarea\" aria-invalid=\"false\" name=\"your-message\"><\/textarea><\/span>\n\t\t<\/p>\n\t<\/li>\n\t<li id=\"submit\">\n\t\t<p><input class=\"wpcf7-form-control wpcf7-submit has-spinner\" type=\"submit\" value=\"Senden\" \/>\n\t\t<\/p>\n\t<\/li>\n<\/ul>\n<div style=\"clear:both\">\n<\/div><div class=\"wpcf7-response-output\" aria-hidden=\"true\"><\/div>\n<\/form>\n<\/div>\n\n\n    <div id=\"MultipleMarkerMapDemo\" style=\"width:100%px;height:442px;border:1px solid gray;\"><\/div><br>\n    <script type=\"text\/javascript\">\n    var infowindow = null;\n\t\tvar latlng = new google.maps.LatLng(50.882243, 5.328369);\n\t\tvar myOptions = {\n\t\t\tzoom: 7,\n\t\t\tcenter: latlng,\n\t\t\tmapTypeId: google.maps.MapTypeId.ROADMAP\n\t\t};\n\t\tvar MultipleMarkerMapDemo = new google.maps.Map(document.getElementById(\"MultipleMarkerMapDemo\"),\n\t\tmyOptions);\n\t\t var sites = [[50.991133,2.563033,'Ventinella','http:\/\/google-maps-icons.googlecode.com\/files\/factory.png']];\n\t  for (var i = 0; i < sites.length; i++) { var site = sites[i];\n\t  var siteLatLng = new google.maps.LatLng(site[0], site[1]);\n    if(site[3]!=null) { \n    var markerimage  = site[3];\n    var marker = new google.maps.Marker({\n    position: siteLatLng,\n    map: MultipleMarkerMapDemo,\n    icon: markerimage,\n    html: site[2] });\n    } else {\n    var marker = new google.maps.Marker({\n    position: siteLatLng,\n    map: MultipleMarkerMapDemo,\n    html: site[2] });\n    }\n    var contentString = \"Some content\";google.maps.event.addListener(marker, \"click\", function () {\n   infowindow.setContent(this.html);\n    infowindow.open(MultipleMarkerMapDemo, this);\n   });\n   }\n    infowindow = new google.maps.InfoWindow({\n                content: \"loading...\"\n            });\n    <\/script>\n","protected":false},"excerpt":{"rendered":"<p>Preisangebot Ein detailliertes Preisangebot machen wir gerne. Es gen\u00fcgt da\u00df Sie uns Aussenma\u00dfe und Anzahl St\u00fcck pro Format mitteilen. Kontakt<\/p>\n","protected":false},"author":1,"featured_media":0,"parent":0,"menu_order":0,"comment_status":"closed","ping_status":"open","template":"tpl_sliderPagina_sidebar.php","meta":{"ngg_post_thumbnail":0,"footnotes":""},"class_list":["post-171","page","type-page","status-publish","hentry"],"_links":{"self":[{"href":"https:\/\/old.ventinella.com\/de\/wp-json\/wp\/v2\/pages\/171\/"}],"collection":[{"href":"https:\/\/old.ventinella.com\/de\/wp-json\/wp\/v2\/pages\/"}],"about":[{"href":"https:\/\/old.ventinella.com\/de\/wp-json\/wp\/v2\/types\/page\/"}],"author":[{"embeddable":true,"href":"https:\/\/old.ventinella.com\/de\/wp-json\/wp\/v2\/users\/1\/"}],"replies":[{"embeddable":true,"href":"https:\/\/old.ventinella.com\/de\/wp-json\/wp\/v2\/comments\/?post=171"}],"version-history":[{"count":0,"href":"https:\/\/old.ventinella.com\/de\/wp-json\/wp\/v2\/pages\/171\/revisions\/"}],"wp:attachment":[{"href":"https:\/\/old.ventinella.com\/de\/wp-json\/wp\/v2\/media\/?parent=171"}],"curies":[{"name":"wp","href":"https:\/\/api.w.org\/{rel}","templated":true}]}}