{"id":127,"date":"2011-10-13T16:39:29","date_gmt":"2011-10-13T14:39:29","guid":{"rendered":"http:\/\/www.ventinella.be\/?page_id=127"},"modified":"2017-09-26T10:44:22","modified_gmt":"2017-09-26T08:44:22","slug":"modeles","status":"publish","type":"page","link":"https:\/\/old.ventinella.com\/fr\/modeles\/","title":{"rendered":"MOD\u00c8LES OLD"},"content":{"rendered":"<h1 style=\"text-align: center;\"><b>VOUS POUVEZ COMBINER 2 MOD\u00c8LES SUR UN VOLET.<\/b><\/h1>\n<p style=\"text-align: center;\"><strong>LES VOLETS SONT D\u00c9CORATIFS (FIXES) OU FONCTIONNELS.<br \/>\n<\/strong><\/p>\n<p style=\"text-align: center;\"><strong>SP\u00c9CIALIT\u00c9 DE VOLETS CINTR\u00c9S<\/strong><\/p>\n<p>&nbsp;<a href=\"http:\/\/www.ventinella.com\/wp-content\/uploads\/2014\/08\/2.FR-MODELES.pdf\">CLIQUEZ ICI POUR PLUS DE D\u00c9TAILS SUR NOS MOD\u00c8LES<\/a><\/p>\n<table class=\"modellen\" border=\"0\" width=\"970\">\n<tbody>\n<tr valign=\"top\">\n<td class=\"bor\" style=\"text-align: center;\" valign=\"top\" width=\"600\"><strong>MOD\u00c8LE 1 : VOLET CADRE \u00c0 LAMES AJOUR\u00c9ES.<\/strong><\/p>\n<ul>\n<li style=\"text-align: left;\">PROT\u00c8GE DU SOLEIL<\/li>\n<li style=\"text-align: left;\">PROT\u00c8GE DES REGARDS INDISCRETS<\/li>\n<li style=\"text-align: left;\">PERMET LE PASSAGE DE L&rsquo;AIR<\/li>\n<li style=\"text-align: left;\">LE D\u00c9COR DU CADRE ET DES LAMES EST JOINTIF<\/li>\n<\/ul>\n<\/td>\n<td class=\"bor\" valign=\"top\" width=\"180\">ngg_shortcode_0_placeholder<\/td>\n<td class=\"bor\" valign=\"top\" width=\"180\">ngg_shortcode_1_placeholder<\/td>\n<td class=\"last\" width=\"180\">&nbsp;<\/td>\n<\/tr>\n<tr valign=\"top\">\n<td class=\"bor\" style=\"text-align: center;\" valign=\"top\" width=\"600\"><strong>MOD\u00c8LE 2 : VOLET CADRE \u00c0 LAMES NON-AJOUR\u00c9ES.<\/strong><\/p>\n<ul>\n<li style=\"text-align: left;\">UN ASPECT LOUVR\u00c9<\/li>\n<li style=\"text-align: left;\">PAS DE PASSAGE D&rsquo;AIR<\/li>\n<li style=\"text-align: left;\">LE D\u00c9COR DU CADRE ET DES LAMES EST JOINTIF<\/li>\n<\/ul>\n<\/td>\n<td class=\"bor\" valign=\"top\" width=\"180\">ngg_shortcode_2_placeholder<\/td>\n<td class=\"bor\" valign=\"top\" width=\"180\">ngg_shortcode_3_placeholder<\/td>\n<td class=\"last\" width=\"180\">&nbsp;<\/td>\n<\/tr>\n<tr valign=\"top\">\n<td class=\"bor\" style=\"text-align: center;\" valign=\"top\" width=\"600\"><strong>MOD\u00c8LE 3 : VOLET CADRE \u00c0 LAMES VERTICALES.<\/strong><\/p>\n<ul>\n<li style=\"text-align: left;\">LAMES TRICELLULAIRES TR\u00c8S ROBUSTES<\/li>\n<li style=\"text-align: left;\">MONTAGE DES LAMES \u00c0 LA VERTICALE OU \u00c0 L&rsquo;HORIZONTALE<\/li>\n<li style=\"text-align: left;\">LES LAMES DU BORD ONT LA M\u00caME LARGEUR POUR UN ASPECT ESTH\u00c9TIQUE<\/li>\n<\/ul>\n<\/td>\n<td class=\"bor\" valign=\"top\" width=\"180\">ngg_shortcode_4_placeholder<\/td>\n<td class=\"bor\" valign=\"top\" width=\"180\">ngg_shortcode_5_placeholder<\/td>\n<td class=\"last\" width=\"180\">&nbsp;<\/td>\n<\/tr>\n<tr valign=\"top\">\n<td class=\"bor\" style=\"text-align: center;\" valign=\"top\" width=\"600\"><strong>MOD\u00c8LE 4 : VOLET CADRE \u00c0 PANNEAU PLEIN.<\/strong><\/p>\n<ul>\n<li style=\"text-align: left;\">PANNEAU ISOLANT<\/li>\n<li style=\"text-align: left;\">SP\u00c9CIALIT\u00c9 DE VOLETS EN FORME DE SABLIER<\/li>\n<\/ul>\n<p>&nbsp;<\/td>\n<td class=\"bor\" valign=\"top\" width=\"180\">ngg_shortcode_6_placeholder<\/td>\n<td class=\"bor\" valign=\"top\" width=\"180\">ngg_shortcode_7_placeholder<\/td>\n<td class=\"last\" width=\"180\">&nbsp;<\/td>\n<\/tr>\n<tr valign=\"top\">\n<td class=\"bor\" style=\"text-align: center;\" valign=\"top\" width=\"600\"><strong>MOD\u00c8LE 5 : VOLET CADRE \u00c0 LAMES BASCULANTES.<\/strong><\/p>\n<ul>\n<li style=\"text-align: left;\">VENTILATION ET OCCULTATION R\u00c9GLABLES<\/li>\n<li style=\"text-align: left;\">BLOCAGE M\u00c9CANIQUE<\/li>\n<li style=\"text-align: left;\">LAMES MUNIES D&rsquo;UN JOINT D&rsquo;\u00c9TANCH\u00c9IT\u00c9<\/li>\n<\/ul>\n<p>&nbsp;<\/td>\n<td class=\"bor\" valign=\"top\" width=\"180\">ngg_shortcode_8_placeholder<\/td>\n<td class=\"bor\" valign=\"top\" width=\"180\">ngg_shortcode_9_placeholder<\/td>\n<td class=\"last\" width=\"180\">&nbsp;<\/td>\n<\/tr>\n<tr valign=\"top\">\n<td class=\"bor\" valign=\"top\" width=\"600\"><strong>MOD\u00c8LE 6&nbsp;: VOLET \u00c0 CLEF<\/strong><strong>.<\/strong> <strong>MOD\u00c8LE 7 : VOLET \u00c0 BARRES.<\/strong><strong>&nbsp;<\/strong>&nbsp;<\/p>\n<p><strong>MOD\u00c8LE 8 : VOLET BARRE ET \u00c9CHARPE.<\/strong><\/p>\n<h1><b>&nbsp;<\/b><\/h1>\n<h1><b>&nbsp;<\/b><\/h1>\n<\/td>\n<td class=\"bor\" valign=\"top\" width=\"180\">ngg_shortcode_10_placeholder<\/td>\n<td class=\"bor\" valign=\"top\" width=\"180\">ngg_shortcode_11_placeholder<\/td>\n<td class=\"last\" width=\"180\">&nbsp;<\/td>\n<\/tr>\n<\/tbody>\n<\/table>\n","protected":false},"excerpt":{"rendered":"<p>VOUS POUVEZ COMBINER 2 MOD\u00c8LES SUR UN VOLET. LES VOLETS SONT D\u00c9CORATIFS (FIXES) OU FONCTIONNELS. SP\u00c9CIALIT\u00c9 DE VOLETS CINTR\u00c9S &nbsp;CLIQUEZ ICI POUR PLUS DE D\u00c9TAILS SUR NOS MOD\u00c8LES MOD\u00c8LE 1 : VOLET CADRE \u00c0 LAMES AJOUR\u00c9ES. PROT\u00c8GE DU SOLEIL PROT\u00c8GE [&hellip;]<\/p>\n","protected":false},"author":1,"featured_media":0,"parent":0,"menu_order":0,"comment_status":"closed","ping_status":"closed","template":"tpl_sliderPagina.php","meta":{"ngg_post_thumbnail":0,"footnotes":""},"class_list":["post-127","page","type-page","status-publish","hentry"],"_links":{"self":[{"href":"https:\/\/old.ventinella.com\/fr\/wp-json\/wp\/v2\/pages\/127\/"}],"collection":[{"href":"https:\/\/old.ventinella.com\/fr\/wp-json\/wp\/v2\/pages\/"}],"about":[{"href":"https:\/\/old.ventinella.com\/fr\/wp-json\/wp\/v2\/types\/page\/"}],"author":[{"embeddable":true,"href":"https:\/\/old.ventinella.com\/fr\/wp-json\/wp\/v2\/users\/1\/"}],"replies":[{"embeddable":true,"href":"https:\/\/old.ventinella.com\/fr\/wp-json\/wp\/v2\/comments\/?post=127"}],"version-history":[{"count":0,"href":"https:\/\/old.ventinella.com\/fr\/wp-json\/wp\/v2\/pages\/127\/revisions\/"}],"wp:attachment":[{"href":"https:\/\/old.ventinella.com\/fr\/wp-json\/wp\/v2\/media\/?parent=127"}],"curies":[{"name":"wp","href":"https:\/\/api.w.org\/{rel}","templated":true}]}}