{"id":169,"date":"2011-10-13T17:21:07","date_gmt":"2011-10-13T15:21:07","guid":{"rendered":"http:\/\/www.ventinella.be\/?page_id=169"},"modified":"2017-09-26T10:39:45","modified_gmt":"2017-09-26T08:39:45","slug":"contact","status":"publish","type":"page","link":"https:\/\/old.ventinella.com\/fr\/contact\/","title":{"rendered":"CONTACT OLD"},"content":{"rendered":"<h1 style=\"text-align: left;\"><span style=\"color: #000000; font-weight: bold;\">&nbsp;<\/span><strong>DEMANDER UN DEVIS EST TR\u00c8S FACILE !<\/strong><\/h1>\n<p>&nbsp;<\/p>\n<h1 style=\"text-align: left;\"><a href=\"http:\/\/www.ventinella.com\/wp-content\/uploads\/2015\/11\/PRIJSAANVRAAG-FR.xlsx\"><span style=\"color: #3366ff;\"><em>T\u00e9l\u00e9chargez le formulaire de demande de devis<\/em><\/span><\/a><\/h1>\n<p><strong>Il suffit de nous donner les infos suivantes:<\/strong><\/p>\n<p>1.Dimensions finies de vos volets ou dimensions des baies + quantit\u00e9s.<\/p>\n<p>2.Le (les) mod\u00e8les ou couleur(s) voulues.<\/p>\n<p>3.S&rsquo;il s&rsquo;agit de volets fonctionnels ou d\u00e9coratifs.<\/p>\n<p>4. Votre code postal<\/p>\n<p>5.Votre num\u00e9ro de TVA ou SIREN<\/p>\n<p><strong>Envoyez votre demande \u00e0 <a href=\"mailto:info@ventinella.com\">info@ventinella.com<\/a><\/strong><\/p>\n<p><strong>NOUS R\u00c9PONDONS SOUS 48 HEURES<\/strong><\/p>\n\n    <div id=\"MultipleMarkerMapDemo\" style=\"width:100%px;height:442px;border:1px solid gray;\"><\/div><br>\n    <script type=\"text\/javascript\">\n    var infowindow = null;\n\t\tvar latlng = new google.maps.LatLng(49.951219, 1.230468);\n\t\tvar myOptions = {\n\t\t\tzoom: 7,\n\t\t\tcenter: latlng,\n\t\t\tmapTypeId: google.maps.MapTypeId.ROADMAP\n\t\t};\n\t\tvar MultipleMarkerMapDemo = new google.maps.Map(document.getElementById(\"MultipleMarkerMapDemo\"),\n\t\tmyOptions);\n\t\t var sites = [[50.991133,2.563033,'Ventinella','http:\/\/google-maps-icons.googlecode.com\/files\/factory.png']];\n\t  for (var i = 0; i < sites.length; i++) { var site = sites[i];\n\t  var siteLatLng = new google.maps.LatLng(site[0], site[1]);\n    if(site[3]!=null) { \n    var markerimage  = site[3];\n    var marker = new google.maps.Marker({\n    position: siteLatLng,\n    map: MultipleMarkerMapDemo,\n    icon: markerimage,\n    html: site[2] });\n    } else {\n    var marker = new google.maps.Marker({\n    position: siteLatLng,\n    map: MultipleMarkerMapDemo,\n    html: site[2] });\n    }\n    var contentString = \"Some content\";google.maps.event.addListener(marker, \"click\", function () {\n   infowindow.setContent(this.html);\n    infowindow.open(MultipleMarkerMapDemo, this);\n   });\n   }\n    infowindow = new google.maps.InfoWindow({\n                content: \"loading...\"\n            });\n    <\/script>\n<p>VENTINELLA Usine de volets<\/p>\n<p>Guy Baert et Katia Coppenrath, G\u00e9rants<\/p>\n<p>Bureau Belgique : +32 58 620 134&nbsp;&nbsp; Bureau France: +33 328 622 721<\/p>\n<p>Usine : 8 ,All\u00e9e Val\u00e8re Decock , ZI du Pont aux Cerfs ,F-59122 HONDSCHOOTE -FRANCE<\/p>\n<p><a href=\"mailto:info@ventinella.com\">info@ventinella.com<\/a>&nbsp;&nbsp; www.ventinella.com&nbsp;&nbsp; fax. +33 328 622 757<\/p>\n","protected":false},"excerpt":{"rendered":"<p>&nbsp;DEMANDER UN DEVIS EST TR\u00c8S FACILE ! &nbsp; T\u00e9l\u00e9chargez le formulaire de demande de devis Il suffit de nous donner les infos suivantes: 1.Dimensions finies de vos volets ou dimensions des baies + quantit\u00e9s. 2.Le (les) mod\u00e8les ou couleur(s) voulues. [&hellip;]<\/p>\n","protected":false},"author":1,"featured_media":0,"parent":0,"menu_order":0,"comment_status":"closed","ping_status":"open","template":"tpl_sliderPagina_sidebar.php","meta":{"ngg_post_thumbnail":0,"footnotes":""},"class_list":["post-169","page","type-page","status-publish","hentry"],"_links":{"self":[{"href":"https:\/\/old.ventinella.com\/fr\/wp-json\/wp\/v2\/pages\/169\/"}],"collection":[{"href":"https:\/\/old.ventinella.com\/fr\/wp-json\/wp\/v2\/pages\/"}],"about":[{"href":"https:\/\/old.ventinella.com\/fr\/wp-json\/wp\/v2\/types\/page\/"}],"author":[{"embeddable":true,"href":"https:\/\/old.ventinella.com\/fr\/wp-json\/wp\/v2\/users\/1\/"}],"replies":[{"embeddable":true,"href":"https:\/\/old.ventinella.com\/fr\/wp-json\/wp\/v2\/comments\/?post=169"}],"version-history":[{"count":0,"href":"https:\/\/old.ventinella.com\/fr\/wp-json\/wp\/v2\/pages\/169\/revisions\/"}],"wp:attachment":[{"href":"https:\/\/old.ventinella.com\/fr\/wp-json\/wp\/v2\/media\/?parent=169"}],"curies":[{"name":"wp","href":"https:\/\/api.w.org\/{rel}","templated":true}]}}