{"id":2646,"date":"2017-07-27T15:13:02","date_gmt":"2017-07-27T13:13:02","guid":{"rendered":"http:\/\/www.ventinella.com\/?page_id=2646"},"modified":"2021-11-11T14:21:20","modified_gmt":"2021-11-11T13:21:20","slug":"modele1","status":"publish","type":"page","link":"https:\/\/old.ventinella.com\/fr\/modele1\/","title":{"rendered":"MODELE1NEW"},"content":{"rendered":"<h1>&nbsp;<\/h1>\n<h1 style=\"text-align: center;\">Mod\u00e8le 1 \u00e0 lames ajour\u00e9es<\/h1>\nngg_shortcode_0_placeholder\n","protected":false},"excerpt":{"rendered":"<p>&nbsp; Mod\u00e8le 1 \u00e0 lames ajour\u00e9es<\/p>\n","protected":false},"author":2,"featured_media":0,"parent":0,"menu_order":0,"comment_status":"closed","ping_status":"closed","template":"","meta":{"ngg_post_thumbnail":0,"footnotes":""},"class_list":["post-2646","page","type-page","status-publish","hentry"],"_links":{"self":[{"href":"https:\/\/old.ventinella.com\/fr\/wp-json\/wp\/v2\/pages\/2646\/"}],"collection":[{"href":"https:\/\/old.ventinella.com\/fr\/wp-json\/wp\/v2\/pages\/"}],"about":[{"href":"https:\/\/old.ventinella.com\/fr\/wp-json\/wp\/v2\/types\/page\/"}],"author":[{"embeddable":true,"href":"https:\/\/old.ventinella.com\/fr\/wp-json\/wp\/v2\/users\/2\/"}],"replies":[{"embeddable":true,"href":"https:\/\/old.ventinella.com\/fr\/wp-json\/wp\/v2\/comments\/?post=2646"}],"version-history":[{"count":3,"href":"https:\/\/old.ventinella.com\/fr\/wp-json\/wp\/v2\/pages\/2646\/revisions\/"}],"predecessor-version":[{"id":6165,"href":"https:\/\/old.ventinella.com\/fr\/wp-json\/wp\/v2\/pages\/2646\/revisions\/6165\/"}],"wp:attachment":[{"href":"https:\/\/old.ventinella.com\/fr\/wp-json\/wp\/v2\/media\/?parent=2646"}],"curies":[{"name":"wp","href":"https:\/\/api.w.org\/{rel}","templated":true}]}}