{"id":2802,"date":"2017-07-27T16:12:09","date_gmt":"2017-07-27T14:12:09","guid":{"rendered":"http:\/\/www.ventinella.com\/?page_id=2802"},"modified":"2021-11-11T14:33:18","modified_gmt":"2021-11-11T13:33:18","slug":"modele678","status":"publish","type":"page","link":"https:\/\/old.ventinella.com\/fr\/modele678\/","title":{"rendered":"MODELE678NEW"},"content":{"rendered":"<h1 style=\"text-align: center;\">&nbsp;<\/h1>\n<h1 style=\"text-align: center;\">Mod\u00e8les 6, 7 et 8: Volets \u00e0 barres et \u00e9charpes<\/h1>\n<p>&nbsp;<\/p>\n<p>&nbsp;<\/p>\nngg_shortcode_0_placeholder\n","protected":false},"excerpt":{"rendered":"<p>&nbsp; Mod\u00e8les 6, 7 et 8: Volets \u00e0 barres et \u00e9charpes &nbsp; &nbsp; &nbsp;<\/p>\n","protected":false},"author":2,"featured_media":0,"parent":0,"menu_order":0,"comment_status":"closed","ping_status":"closed","template":"","meta":{"ngg_post_thumbnail":0,"footnotes":""},"class_list":["post-2802","page","type-page","status-publish","hentry"],"_links":{"self":[{"href":"https:\/\/old.ventinella.com\/fr\/wp-json\/wp\/v2\/pages\/2802\/"}],"collection":[{"href":"https:\/\/old.ventinella.com\/fr\/wp-json\/wp\/v2\/pages\/"}],"about":[{"href":"https:\/\/old.ventinella.com\/fr\/wp-json\/wp\/v2\/types\/page\/"}],"author":[{"embeddable":true,"href":"https:\/\/old.ventinella.com\/fr\/wp-json\/wp\/v2\/users\/2\/"}],"replies":[{"embeddable":true,"href":"https:\/\/old.ventinella.com\/fr\/wp-json\/wp\/v2\/comments\/?post=2802"}],"version-history":[{"count":1,"href":"https:\/\/old.ventinella.com\/fr\/wp-json\/wp\/v2\/pages\/2802\/revisions\/"}],"predecessor-version":[{"id":6169,"href":"https:\/\/old.ventinella.com\/fr\/wp-json\/wp\/v2\/pages\/2802\/revisions\/6169\/"}],"wp:attachment":[{"href":"https:\/\/old.ventinella.com\/fr\/wp-json\/wp\/v2\/media\/?parent=2802"}],"curies":[{"name":"wp","href":"https:\/\/api.w.org\/{rel}","templated":true}]}}