{"id":3049,"date":"2017-07-28T12:13:03","date_gmt":"2017-07-28T10:13:03","guid":{"rendered":"http:\/\/www.ventinella.com\/?page_id=3049"},"modified":"2017-08-24T16:28:13","modified_gmt":"2017-08-24T14:28:13","slug":"couleurs-alu","status":"publish","type":"page","link":"https:\/\/old.ventinella.com\/fr\/couleurs-alu\/","title":{"rendered":"COULEURS ALU"},"content":{"rendered":"<p>Les profil\u00e9s ALU de 6 m\u00e8tres sont thermolaqu\u00e9s \u00e0 200\u00b0. Ensuite les volets sont fabriqu\u00e9s. Ce proc\u00e9d\u00e9 \u00e9limine le risque de bords incolores sous l&rsquo;effet de la chaleur.<\/p>\n<h1>&nbsp;<\/h1>\n<p>&nbsp;<\/p>\n<h1 style=\"text-align: center;\">LE TOP-10 DES COULEURS LAQU\u00c9ES POUR VOLETS ALU<\/h1>\n<p>Toutes les teintes RAL sont possibles. Possibilit\u00e9 de bicolorage.<\/p>\n\n\t\t<style type=\"text\/css\">\n\t\t\t#gallery-1 {\n\t\t\t\tmargin: auto;\n\t\t\t}\n\t\t\t#gallery-1 .gallery-item {\n\t\t\t\tfloat: left;\n\t\t\t\tmargin-top: 10px;\n\t\t\t\ttext-align: center;\n\t\t\t\twidth: 20%;\n\t\t\t}\n\t\t\t#gallery-1 img {\n\t\t\t\tborder: 2px solid #cfcfcf;\n\t\t\t}\n\t\t\t#gallery-1 .gallery-caption {\n\t\t\t\tmargin-left: 0;\n\t\t\t}\n\t\t\t\/* see gallery_shortcode() in wp-includes\/media.php *\/\n\t\t<\/style>\n\t\t<div id='gallery-1' class='gallery galleryid-3049 gallery-columns-5 gallery-size-medium'><dl class='gallery-item'>\n\t\t\t<dt class='gallery-icon portrait'>\n\t\t\t\t<a href='https:\/\/old.ventinella.com\/wp-content\/uploads\/2017\/07\/RAL3005-1.jpg' title=\"RAL3005\" data-rl_title=\"RAL3005\" class=\"rl-gallery-link\" data-rl_caption=\"RAL3005\" data-rel=\"lightbox-gallery-1\"><img loading=\"lazy\" decoding=\"async\" width=\"210\" height=\"300\" src=\"https:\/\/old.ventinella.com\/wp-content\/uploads\/2017\/07\/RAL3005-1-210x300.jpg\" class=\"attachment-medium size-medium\" alt=\"\" aria-describedby=\"gallery-1-4475\" srcset=\"https:\/\/old.ventinella.com\/wp-content\/uploads\/2017\/07\/RAL3005-1-210x300.jpg 210w, https:\/\/old.ventinella.com\/wp-content\/uploads\/2017\/07\/RAL3005-1-105x150.jpg 105w, https:\/\/old.ventinella.com\/wp-content\/uploads\/2017\/07\/RAL3005-1.jpg 280w\" sizes=\"auto, (max-width: 210px) 100vw, 210px\" \/><\/a>\n\t\t\t<\/dt>\n\t\t\t\t<dd class='wp-caption-text gallery-caption' id='gallery-1-4475'>\n\t\t\t\tRAL 3005 BORDEAU\n\t\t\t\t<\/dd><\/dl><dl class='gallery-item'>\n\t\t\t<dt class='gallery-icon portrait'>\n\t\t\t\t<a href='https:\/\/old.ventinella.com\/wp-content\/uploads\/2017\/07\/RAL3011.jpg' title=\"RAL3011\" data-rl_title=\"RAL3011\" class=\"rl-gallery-link\" data-rl_caption=\"RAL3011\" data-rel=\"lightbox-gallery-1\"><img loading=\"lazy\" decoding=\"async\" width=\"210\" height=\"300\" src=\"https:\/\/old.ventinella.com\/wp-content\/uploads\/2017\/07\/RAL3011-210x300.jpg\" class=\"attachment-medium size-medium\" alt=\"\" aria-describedby=\"gallery-1-4478\" srcset=\"https:\/\/old.ventinella.com\/wp-content\/uploads\/2017\/07\/RAL3011-210x300.jpg 210w, https:\/\/old.ventinella.com\/wp-content\/uploads\/2017\/07\/RAL3011-105x150.jpg 105w, https:\/\/old.ventinella.com\/wp-content\/uploads\/2017\/07\/RAL3011.jpg 280w\" sizes=\"auto, (max-width: 210px) 100vw, 210px\" \/><\/a>\n\t\t\t<\/dt>\n\t\t\t\t<dd class='wp-caption-text gallery-caption' id='gallery-1-4478'>\n\t\t\t\tRAL 3011 ROUGE BASQUE\n\t\t\t\t<\/dd><\/dl><dl class='gallery-item'>\n\t\t\t<dt class='gallery-icon portrait'>\n\t\t\t\t<a href='https:\/\/old.ventinella.com\/wp-content\/uploads\/2017\/07\/RAL5007.jpg' title=\"RAL5007\" data-rl_title=\"RAL5007\" class=\"rl-gallery-link\" data-rl_caption=\"RAL5007\" data-rel=\"lightbox-gallery-1\"><img loading=\"lazy\" decoding=\"async\" width=\"210\" height=\"300\" src=\"https:\/\/old.ventinella.com\/wp-content\/uploads\/2017\/07\/RAL5007-210x300.jpg\" class=\"attachment-medium size-medium\" alt=\"\" aria-describedby=\"gallery-1-4481\" srcset=\"https:\/\/old.ventinella.com\/wp-content\/uploads\/2017\/07\/RAL5007-210x300.jpg 210w, https:\/\/old.ventinella.com\/wp-content\/uploads\/2017\/07\/RAL5007-105x150.jpg 105w, https:\/\/old.ventinella.com\/wp-content\/uploads\/2017\/07\/RAL5007.jpg 280w\" sizes=\"auto, (max-width: 210px) 100vw, 210px\" \/><\/a>\n\t\t\t<\/dt>\n\t\t\t\t<dd class='wp-caption-text gallery-caption' id='gallery-1-4481'>\n\t\t\t\tRAL 5007  BLEU PROVENCAL\n\t\t\t\t<\/dd><\/dl><dl class='gallery-item'>\n\t\t\t<dt class='gallery-icon portrait'>\n\t\t\t\t<a href='https:\/\/old.ventinella.com\/wp-content\/uploads\/2017\/07\/RAL5014.jpg' title=\"RAL5014\" data-rl_title=\"RAL5014\" class=\"rl-gallery-link\" data-rl_caption=\"RAL5014\" data-rel=\"lightbox-gallery-1\"><img loading=\"lazy\" decoding=\"async\" width=\"210\" height=\"300\" src=\"https:\/\/old.ventinella.com\/wp-content\/uploads\/2017\/07\/RAL5014-210x300.jpg\" class=\"attachment-medium size-medium\" alt=\"\" aria-describedby=\"gallery-1-4484\" srcset=\"https:\/\/old.ventinella.com\/wp-content\/uploads\/2017\/07\/RAL5014-210x300.jpg 210w, https:\/\/old.ventinella.com\/wp-content\/uploads\/2017\/07\/RAL5014-105x150.jpg 105w, https:\/\/old.ventinella.com\/wp-content\/uploads\/2017\/07\/RAL5014.jpg 280w\" sizes=\"auto, (max-width: 210px) 100vw, 210px\" \/><\/a>\n\t\t\t<\/dt>\n\t\t\t\t<dd class='wp-caption-text gallery-caption' id='gallery-1-4484'>\n\t\t\t\tRAL 5014 GRIS PIGEON\n\t\t\t\t<\/dd><\/dl><dl class='gallery-item'>\n\t\t\t<dt class='gallery-icon portrait'>\n\t\t\t\t<a href='https:\/\/old.ventinella.com\/wp-content\/uploads\/2017\/07\/RAL6005.jpg' title=\"RAL6005\" data-rl_title=\"RAL6005\" class=\"rl-gallery-link\" data-rl_caption=\"RAL6005\" data-rel=\"lightbox-gallery-1\"><img loading=\"lazy\" decoding=\"async\" width=\"210\" height=\"300\" src=\"https:\/\/old.ventinella.com\/wp-content\/uploads\/2017\/07\/RAL6005-210x300.jpg\" class=\"attachment-medium size-medium\" alt=\"\" aria-describedby=\"gallery-1-4487\" srcset=\"https:\/\/old.ventinella.com\/wp-content\/uploads\/2017\/07\/RAL6005-210x300.jpg 210w, https:\/\/old.ventinella.com\/wp-content\/uploads\/2017\/07\/RAL6005-105x150.jpg 105w, https:\/\/old.ventinella.com\/wp-content\/uploads\/2017\/07\/RAL6005.jpg 280w\" sizes=\"auto, (max-width: 210px) 100vw, 210px\" \/><\/a>\n\t\t\t<\/dt>\n\t\t\t\t<dd class='wp-caption-text gallery-caption' id='gallery-1-4487'>\n\t\t\t\tRAL 6005 VERT MOUSSE\n\t\t\t\t<\/dd><\/dl><br style=\"clear: both\" \/>\n\t\t<\/div>\n\n\n\t\t<style type=\"text\/css\">\n\t\t\t#gallery-2 {\n\t\t\t\tmargin: auto;\n\t\t\t}\n\t\t\t#gallery-2 .gallery-item {\n\t\t\t\tfloat: left;\n\t\t\t\tmargin-top: 10px;\n\t\t\t\ttext-align: center;\n\t\t\t\twidth: 20%;\n\t\t\t}\n\t\t\t#gallery-2 img {\n\t\t\t\tborder: 2px solid #cfcfcf;\n\t\t\t}\n\t\t\t#gallery-2 .gallery-caption {\n\t\t\t\tmargin-left: 0;\n\t\t\t}\n\t\t\t\/* see gallery_shortcode() in wp-includes\/media.php *\/\n\t\t<\/style>\n\t\t<div id='gallery-2' class='gallery galleryid-3049 gallery-columns-5 gallery-size-medium'><dl class='gallery-item'>\n\t\t\t<dt class='gallery-icon portrait'>\n\t\t\t\t<a href='https:\/\/old.ventinella.com\/wp-content\/uploads\/2017\/07\/RAL6009.jpg' title=\"RAL6009\" data-rl_title=\"RAL6009\" class=\"rl-gallery-link\" data-rl_caption=\"RAL6009\" data-rel=\"lightbox-gallery-2\"><img loading=\"lazy\" decoding=\"async\" width=\"210\" height=\"300\" src=\"https:\/\/old.ventinella.com\/wp-content\/uploads\/2017\/07\/RAL6009-210x300.jpg\" class=\"attachment-medium size-medium\" alt=\"\" aria-describedby=\"gallery-2-4490\" srcset=\"https:\/\/old.ventinella.com\/wp-content\/uploads\/2017\/07\/RAL6009-210x300.jpg 210w, https:\/\/old.ventinella.com\/wp-content\/uploads\/2017\/07\/RAL6009-105x150.jpg 105w, https:\/\/old.ventinella.com\/wp-content\/uploads\/2017\/07\/RAL6009.jpg 280w\" sizes=\"auto, (max-width: 210px) 100vw, 210px\" \/><\/a>\n\t\t\t<\/dt>\n\t\t\t\t<dd class='wp-caption-text gallery-caption' id='gallery-2-4490'>\n\t\t\t\tRAL 6009 VERT SAPIN\n\t\t\t\t<\/dd><\/dl><dl class='gallery-item'>\n\t\t\t<dt class='gallery-icon portrait'>\n\t\t\t\t<a href='https:\/\/old.ventinella.com\/wp-content\/uploads\/2017\/07\/RAL6021.jpg' title=\"RAL6021\" data-rl_title=\"RAL6021\" class=\"rl-gallery-link\" data-rl_caption=\"RAL6021\" data-rel=\"lightbox-gallery-2\"><img loading=\"lazy\" decoding=\"async\" width=\"210\" height=\"300\" src=\"https:\/\/old.ventinella.com\/wp-content\/uploads\/2017\/07\/RAL6021-210x300.jpg\" class=\"attachment-medium size-medium\" alt=\"\" aria-describedby=\"gallery-2-4493\" srcset=\"https:\/\/old.ventinella.com\/wp-content\/uploads\/2017\/07\/RAL6021-210x300.jpg 210w, https:\/\/old.ventinella.com\/wp-content\/uploads\/2017\/07\/RAL6021-105x150.jpg 105w, https:\/\/old.ventinella.com\/wp-content\/uploads\/2017\/07\/RAL6021.jpg 280w\" sizes=\"auto, (max-width: 210px) 100vw, 210px\" \/><\/a>\n\t\t\t<\/dt>\n\t\t\t\t<dd class='wp-caption-text gallery-caption' id='gallery-2-4493'>\n\t\t\t\tRAL 6021 VERT AMANDE\n\t\t\t\t<\/dd><\/dl><dl class='gallery-item'>\n\t\t\t<dt class='gallery-icon portrait'>\n\t\t\t\t<a href='https:\/\/old.ventinella.com\/wp-content\/uploads\/2017\/07\/RAL7016.jpg' title=\"RAL7016\" data-rl_title=\"RAL7016\" class=\"rl-gallery-link\" data-rl_caption=\"RAL7016\" data-rel=\"lightbox-gallery-2\"><img loading=\"lazy\" decoding=\"async\" width=\"210\" height=\"300\" src=\"https:\/\/old.ventinella.com\/wp-content\/uploads\/2017\/07\/RAL7016-210x300.jpg\" class=\"attachment-medium size-medium\" alt=\"\" aria-describedby=\"gallery-2-4496\" srcset=\"https:\/\/old.ventinella.com\/wp-content\/uploads\/2017\/07\/RAL7016-210x300.jpg 210w, https:\/\/old.ventinella.com\/wp-content\/uploads\/2017\/07\/RAL7016-105x150.jpg 105w, https:\/\/old.ventinella.com\/wp-content\/uploads\/2017\/07\/RAL7016.jpg 280w\" sizes=\"auto, (max-width: 210px) 100vw, 210px\" \/><\/a>\n\t\t\t<\/dt>\n\t\t\t\t<dd class='wp-caption-text gallery-caption' id='gallery-2-4496'>\n\t\t\t\tRAL 7016 ANTHRACITE\n\t\t\t\t<\/dd><\/dl><dl class='gallery-item'>\n\t\t\t<dt class='gallery-icon portrait'>\n\t\t\t\t<a href='https:\/\/old.ventinella.com\/wp-content\/uploads\/2017\/07\/RAL7038.jpg' title=\"RAL7038\" data-rl_title=\"RAL7038\" class=\"rl-gallery-link\" data-rl_caption=\"RAL7038\" data-rel=\"lightbox-gallery-2\"><img loading=\"lazy\" decoding=\"async\" width=\"210\" height=\"300\" src=\"https:\/\/old.ventinella.com\/wp-content\/uploads\/2017\/07\/RAL7038-210x300.jpg\" class=\"attachment-medium size-medium\" alt=\"\" aria-describedby=\"gallery-2-4499\" srcset=\"https:\/\/old.ventinella.com\/wp-content\/uploads\/2017\/07\/RAL7038-210x300.jpg 210w, https:\/\/old.ventinella.com\/wp-content\/uploads\/2017\/07\/RAL7038-105x150.jpg 105w, https:\/\/old.ventinella.com\/wp-content\/uploads\/2017\/07\/RAL7038.jpg 280w\" sizes=\"auto, (max-width: 210px) 100vw, 210px\" \/><\/a>\n\t\t\t<\/dt>\n\t\t\t\t<dd class='wp-caption-text gallery-caption' id='gallery-2-4499'>\n\t\t\t\tRAL 7038 GRIS AGATE\n\t\t\t\t<\/dd><\/dl><dl class='gallery-item'>\n\t\t\t<dt class='gallery-icon portrait'>\n\t\t\t\t<a href='https:\/\/old.ventinella.com\/wp-content\/uploads\/2017\/07\/RAL8015.jpg' title=\"RAL8015\" data-rl_title=\"RAL8015\" class=\"rl-gallery-link\" data-rl_caption=\"RAL8015\" data-rel=\"lightbox-gallery-2\"><img loading=\"lazy\" decoding=\"async\" width=\"210\" height=\"300\" src=\"https:\/\/old.ventinella.com\/wp-content\/uploads\/2017\/07\/RAL8015-210x300.jpg\" class=\"attachment-medium size-medium\" alt=\"\" aria-describedby=\"gallery-2-4502\" srcset=\"https:\/\/old.ventinella.com\/wp-content\/uploads\/2017\/07\/RAL8015-210x300.jpg 210w, https:\/\/old.ventinella.com\/wp-content\/uploads\/2017\/07\/RAL8015-105x150.jpg 105w, https:\/\/old.ventinella.com\/wp-content\/uploads\/2017\/07\/RAL8015.jpg 280w\" sizes=\"auto, (max-width: 210px) 100vw, 210px\" \/><\/a>\n\t\t\t<\/dt>\n\t\t\t\t<dd class='wp-caption-text gallery-caption' id='gallery-2-4502'>\n\t\t\t\tRAL 8015 BRUN MARRON\n\t\t\t\t<\/dd><\/dl><br style=\"clear: both\" \/>\n\t\t<\/div>\n\n<p>&nbsp;<\/p>\n<h1>&nbsp;<\/h1>\n<h1 style=\"text-align: center;\">LES D\u00c9CORS BOIS POUR VOLETS ALU&nbsp;<\/h1>\n<p>Un film d\u00e9coratif est transf\u00e9r\u00e9 \u00e0 chaud sur le profil\u00e9 laqu\u00e9.<\/p>\n\n\t\t<style type=\"text\/css\">\n\t\t\t#gallery-3 {\n\t\t\t\tmargin: auto;\n\t\t\t}\n\t\t\t#gallery-3 .gallery-item {\n\t\t\t\tfloat: left;\n\t\t\t\tmargin-top: 10px;\n\t\t\t\ttext-align: center;\n\t\t\t\twidth: 25%;\n\t\t\t}\n\t\t\t#gallery-3 img {\n\t\t\t\tborder: 2px solid #cfcfcf;\n\t\t\t}\n\t\t\t#gallery-3 .gallery-caption {\n\t\t\t\tmargin-left: 0;\n\t\t\t}\n\t\t\t\/* see gallery_shortcode() in wp-includes\/media.php *\/\n\t\t<\/style>\n\t\t<div id='gallery-3' class='gallery galleryid-3049 gallery-columns-4 gallery-size-medium'><dl class='gallery-item'>\n\t\t\t<dt class='gallery-icon landscape'>\n\t\t\t\t<a href='https:\/\/old.ventinella.com\/wp-content\/uploads\/2017\/07\/2-1.jpg' title=\"2\" data-rl_title=\"2\" class=\"rl-gallery-link\" data-rl_caption=\"2\" data-rel=\"lightbox-gallery-3\"><img loading=\"lazy\" decoding=\"async\" width=\"300\" height=\"212\" src=\"https:\/\/old.ventinella.com\/wp-content\/uploads\/2017\/07\/2-1-300x212.jpg\" class=\"attachment-medium size-medium\" alt=\"\" aria-describedby=\"gallery-3-4445\" srcset=\"https:\/\/old.ventinella.com\/wp-content\/uploads\/2017\/07\/2-1-300x212.jpg 300w, https:\/\/old.ventinella.com\/wp-content\/uploads\/2017\/07\/2-1-150x106.jpg 150w, https:\/\/old.ventinella.com\/wp-content\/uploads\/2017\/07\/2-1.jpg 400w\" sizes=\"auto, (max-width: 300px) 100vw, 300px\" \/><\/a>\n\t\t\t<\/dt>\n\t\t\t\t<dd class='wp-caption-text gallery-caption' id='gallery-3-4445'>\n\t\t\t\tACAJOU\n\t\t\t\t<\/dd><\/dl><dl class='gallery-item'>\n\t\t\t<dt class='gallery-icon landscape'>\n\t\t\t\t<a href='https:\/\/old.ventinella.com\/wp-content\/uploads\/2017\/07\/3-1.jpg' title=\"3\" data-rl_title=\"3\" class=\"rl-gallery-link\" data-rl_caption=\"3\" data-rel=\"lightbox-gallery-3\"><img loading=\"lazy\" decoding=\"async\" width=\"300\" height=\"212\" src=\"https:\/\/old.ventinella.com\/wp-content\/uploads\/2017\/07\/3-1-300x212.jpg\" class=\"attachment-medium size-medium\" alt=\"\" aria-describedby=\"gallery-3-4448\" srcset=\"https:\/\/old.ventinella.com\/wp-content\/uploads\/2017\/07\/3-1-300x212.jpg 300w, https:\/\/old.ventinella.com\/wp-content\/uploads\/2017\/07\/3-1-150x106.jpg 150w, https:\/\/old.ventinella.com\/wp-content\/uploads\/2017\/07\/3-1.jpg 400w\" sizes=\"auto, (max-width: 300px) 100vw, 300px\" \/><\/a>\n\t\t\t<\/dt>\n\t\t\t\t<dd class='wp-caption-text gallery-caption' id='gallery-3-4448'>\n\t\t\t\tCH\u00caNE DOR\u00c9\n\t\t\t\t<\/dd><\/dl><dl class='gallery-item'>\n\t\t\t<dt class='gallery-icon landscape'>\n\t\t\t\t<a href='https:\/\/old.ventinella.com\/wp-content\/uploads\/2017\/07\/4-1.jpg' title=\"4\" data-rl_title=\"4\" class=\"rl-gallery-link\" data-rl_caption=\"4\" data-rel=\"lightbox-gallery-3\"><img loading=\"lazy\" decoding=\"async\" width=\"300\" height=\"212\" src=\"https:\/\/old.ventinella.com\/wp-content\/uploads\/2017\/07\/4-1-300x212.jpg\" class=\"attachment-medium size-medium\" alt=\"\" aria-describedby=\"gallery-3-4451\" srcset=\"https:\/\/old.ventinella.com\/wp-content\/uploads\/2017\/07\/4-1-300x212.jpg 300w, https:\/\/old.ventinella.com\/wp-content\/uploads\/2017\/07\/4-1-150x106.jpg 150w, https:\/\/old.ventinella.com\/wp-content\/uploads\/2017\/07\/4-1.jpg 400w\" sizes=\"auto, (max-width: 300px) 100vw, 300px\" \/><\/a>\n\t\t\t<\/dt>\n\t\t\t\t<dd class='wp-caption-text gallery-caption' id='gallery-3-4451'>\n\t\t\t\tPIN\n\t\t\t\t<\/dd><\/dl><dl class='gallery-item'>\n\t\t\t<dt class='gallery-icon landscape'>\n\t\t\t\t<a href='https:\/\/old.ventinella.com\/wp-content\/uploads\/2017\/07\/6.-1.jpg' title=\"6.\" data-rl_title=\"6.\" class=\"rl-gallery-link\" data-rl_caption=\"6.\" data-rel=\"lightbox-gallery-3\"><img loading=\"lazy\" decoding=\"async\" width=\"300\" height=\"212\" src=\"https:\/\/old.ventinella.com\/wp-content\/uploads\/2017\/07\/6.-1-300x212.jpg\" class=\"attachment-medium size-medium\" alt=\"\" aria-describedby=\"gallery-3-4454\" srcset=\"https:\/\/old.ventinella.com\/wp-content\/uploads\/2017\/07\/6.-1-300x212.jpg 300w, https:\/\/old.ventinella.com\/wp-content\/uploads\/2017\/07\/6.-1-150x106.jpg 150w, https:\/\/old.ventinella.com\/wp-content\/uploads\/2017\/07\/6.-1.jpg 400w\" sizes=\"auto, (max-width: 300px) 100vw, 300px\" \/><\/a>\n\t\t\t<\/dt>\n\t\t\t\t<dd class='wp-caption-text gallery-caption' id='gallery-3-4454'>\n\t\t\t\tCH\u00caNE CLAIR\n\t\t\t\t<\/dd><\/dl><br style=\"clear: both\" \/>\n\t\t<\/div>\n\n\n\t\t<style type=\"text\/css\">\n\t\t\t#gallery-4 {\n\t\t\t\tmargin: auto;\n\t\t\t}\n\t\t\t#gallery-4 .gallery-item {\n\t\t\t\tfloat: left;\n\t\t\t\tmargin-top: 10px;\n\t\t\t\ttext-align: center;\n\t\t\t\twidth: 25%;\n\t\t\t}\n\t\t\t#gallery-4 img {\n\t\t\t\tborder: 2px solid #cfcfcf;\n\t\t\t}\n\t\t\t#gallery-4 .gallery-caption {\n\t\t\t\tmargin-left: 0;\n\t\t\t}\n\t\t\t\/* see gallery_shortcode() in wp-includes\/media.php *\/\n\t\t<\/style>\n\t\t<div id='gallery-4' class='gallery galleryid-3049 gallery-columns-4 gallery-size-medium'><dl class='gallery-item'>\n\t\t\t<dt class='gallery-icon landscape'>\n\t\t\t\t<a href='https:\/\/old.ventinella.com\/wp-content\/uploads\/2017\/07\/10.-1.jpg' title=\"10.\" data-rl_title=\"10.\" class=\"rl-gallery-link\" data-rl_caption=\"10.\" data-rel=\"lightbox-gallery-4\"><img loading=\"lazy\" decoding=\"async\" width=\"300\" height=\"212\" src=\"https:\/\/old.ventinella.com\/wp-content\/uploads\/2017\/07\/10.-1-300x212.jpg\" class=\"attachment-medium size-medium\" alt=\"\" aria-describedby=\"gallery-4-4457\" srcset=\"https:\/\/old.ventinella.com\/wp-content\/uploads\/2017\/07\/10.-1-300x212.jpg 300w, https:\/\/old.ventinella.com\/wp-content\/uploads\/2017\/07\/10.-1-150x106.jpg 150w, https:\/\/old.ventinella.com\/wp-content\/uploads\/2017\/07\/10.-1.jpg 400w\" sizes=\"auto, (max-width: 300px) 100vw, 300px\" \/><\/a>\n\t\t\t<\/dt>\n\t\t\t\t<dd class='wp-caption-text gallery-caption' id='gallery-4-4457'>\n\t\t\t\tNOYER\n\t\t\t\t<\/dd><\/dl><dl class='gallery-item'>\n\t\t\t<dt class='gallery-icon landscape'>\n\t\t\t\t<a href='https:\/\/old.ventinella.com\/wp-content\/uploads\/2017\/07\/43..jpg' title=\"43.\" data-rl_title=\"43.\" class=\"rl-gallery-link\" data-rl_caption=\"43.\" data-rel=\"lightbox-gallery-4\"><img loading=\"lazy\" decoding=\"async\" width=\"300\" height=\"212\" src=\"https:\/\/old.ventinella.com\/wp-content\/uploads\/2017\/07\/43.-300x212.jpg\" class=\"attachment-medium size-medium\" alt=\"\" aria-describedby=\"gallery-4-4403\" srcset=\"https:\/\/old.ventinella.com\/wp-content\/uploads\/2017\/07\/43.-300x212.jpg 300w, https:\/\/old.ventinella.com\/wp-content\/uploads\/2017\/07\/43.-150x106.jpg 150w, https:\/\/old.ventinella.com\/wp-content\/uploads\/2017\/07\/43..jpg 400w\" sizes=\"auto, (max-width: 300px) 100vw, 300px\" \/><\/a>\n\t\t\t<\/dt>\n\t\t\t\t<dd class='wp-caption-text gallery-caption' id='gallery-4-4403'>\n\t\t\t\tBLACK CHERRY\n\t\t\t\t<\/dd><\/dl><dl class='gallery-item'>\n\t\t\t<dt class='gallery-icon landscape'>\n\t\t\t\t<a href='https:\/\/old.ventinella.com\/wp-content\/uploads\/2017\/07\/45.-1.jpg' title=\"45.\" data-rl_title=\"45.\" class=\"rl-gallery-link\" data-rl_caption=\"45.\" data-rel=\"lightbox-gallery-4\"><img loading=\"lazy\" decoding=\"async\" width=\"300\" height=\"212\" src=\"https:\/\/old.ventinella.com\/wp-content\/uploads\/2017\/07\/45.-1-300x212.jpg\" class=\"attachment-medium size-medium\" alt=\"\" aria-describedby=\"gallery-4-4463\" srcset=\"https:\/\/old.ventinella.com\/wp-content\/uploads\/2017\/07\/45.-1-300x212.jpg 300w, https:\/\/old.ventinella.com\/wp-content\/uploads\/2017\/07\/45.-1-150x106.jpg 150w, https:\/\/old.ventinella.com\/wp-content\/uploads\/2017\/07\/45.-1.jpg 400w\" sizes=\"auto, (max-width: 300px) 100vw, 300px\" \/><\/a>\n\t\t\t<\/dt>\n\t\t\t\t<dd class='wp-caption-text gallery-caption' id='gallery-4-4463'>\n\t\t\t\tCH\u00caNE FONC\u00c9\n\t\t\t\t<\/dd><\/dl><dl class='gallery-item'>\n\t\t\t<dt class='gallery-icon landscape'>\n\t\t\t\t<a href='https:\/\/old.ventinella.com\/wp-content\/uploads\/2017\/07\/40.-1.jpg' title=\"40.\" data-rl_title=\"40.\" class=\"rl-gallery-link\" data-rl_caption=\"40.\" data-rel=\"lightbox-gallery-4\"><img loading=\"lazy\" decoding=\"async\" width=\"300\" height=\"212\" src=\"https:\/\/old.ventinella.com\/wp-content\/uploads\/2017\/07\/40.-1-300x212.jpg\" class=\"attachment-medium size-medium\" alt=\"\" aria-describedby=\"gallery-4-4460\" srcset=\"https:\/\/old.ventinella.com\/wp-content\/uploads\/2017\/07\/40.-1-300x212.jpg 300w, https:\/\/old.ventinella.com\/wp-content\/uploads\/2017\/07\/40.-1-150x106.jpg 150w, https:\/\/old.ventinella.com\/wp-content\/uploads\/2017\/07\/40.-1.jpg 400w\" sizes=\"auto, (max-width: 300px) 100vw, 300px\" \/><\/a>\n\t\t\t<\/dt>\n\t\t\t\t<dd class='wp-caption-text gallery-caption' id='gallery-4-4460'>\n\t\t\t\tCUIVRE\n\t\t\t\t<\/dd><\/dl><br style=\"clear: both\" \/>\n\t\t<\/div>\n\n<p>&nbsp;<\/p>\n<p>&nbsp;<\/p>\n<p>&nbsp;<\/p>\n","protected":false},"excerpt":{"rendered":"<p>Les profil\u00e9s ALU de 6 m\u00e8tres sont thermolaqu\u00e9s \u00e0 200\u00b0. Ensuite les volets sont fabriqu\u00e9s. Ce proc\u00e9d\u00e9 \u00e9limine le risque de bords incolores sous l&rsquo;effet de la chaleur. &nbsp; &nbsp; LE TOP-10 DES COULEURS LAQU\u00c9ES POUR VOLETS ALU Toutes les [&hellip;]<\/p>\n","protected":false},"author":2,"featured_media":0,"parent":0,"menu_order":0,"comment_status":"closed","ping_status":"closed","template":"","meta":{"ngg_post_thumbnail":0,"footnotes":""},"class_list":["post-3049","page","type-page","status-publish","hentry"],"_links":{"self":[{"href":"https:\/\/old.ventinella.com\/fr\/wp-json\/wp\/v2\/pages\/3049\/"}],"collection":[{"href":"https:\/\/old.ventinella.com\/fr\/wp-json\/wp\/v2\/pages\/"}],"about":[{"href":"https:\/\/old.ventinella.com\/fr\/wp-json\/wp\/v2\/types\/page\/"}],"author":[{"embeddable":true,"href":"https:\/\/old.ventinella.com\/fr\/wp-json\/wp\/v2\/users\/2\/"}],"replies":[{"embeddable":true,"href":"https:\/\/old.ventinella.com\/fr\/wp-json\/wp\/v2\/comments\/?post=3049"}],"version-history":[{"count":0,"href":"https:\/\/old.ventinella.com\/fr\/wp-json\/wp\/v2\/pages\/3049\/revisions\/"}],"wp:attachment":[{"href":"https:\/\/old.ventinella.com\/fr\/wp-json\/wp\/v2\/media\/?parent=3049"}],"curies":[{"name":"wp","href":"https:\/\/api.w.org\/{rel}","templated":true}]}}