{"id":3065,"date":"2017-07-28T12:33:26","date_gmt":"2017-07-28T10:33:26","guid":{"rendered":"http:\/\/www.ventinella.com\/?page_id=3065"},"modified":"2025-01-15T14:45:29","modified_gmt":"2025-01-15T13:45:29","slug":"ferrure-2","status":"publish","type":"page","link":"https:\/\/old.ventinella.com\/fr\/ferrure-2\/","title":{"rendered":"FERRURE"},"content":{"rendered":"<h1>&nbsp;<\/h1>\n<h1 style=\"text-align: center;\">Ferrure r\u00e9glable pour une pose facile<\/h1>\n<p>&nbsp;<\/p>\n<h2 style=\"text-align: center;\"><strong><a href=\"http:\/\/www.ventinella.com\/fr\/contact-fr\/\">Demander un devis ? C&rsquo;est facile, rapide et sans engagement.<\/a><\/strong><\/h2>\n<p>&nbsp;<\/p>\n<p style=\"text-align: center;\">La ferrure en aluminium est laqu\u00e9 en noir en standard. Toute couleur RAL est possible sur demande. Tous les accessoires se vendent \u00e0 la pi\u00e8ce.<\/p>\n<p>&nbsp;<\/p>\n<table class=\"modellen\" border=\"0\" width=\"901\">\n<tbody>\n<tr valign=\"top\">\n<td class=\"bor\" style=\"text-align: center;\" valign=\"top\" width=\"600\"><strong>A1. Penture \u00e9querre r\u00e9glable<\/strong><\/td>\n<td class=\"bor\" valign=\"top\" width=\"180\"><img loading=\"lazy\" decoding=\"async\" class=\"size-medium wp-image-2706 aligncenter\" src=\"http:\/\/www.ventinella.fr\/\/wp-content\/uploads\/2017\/06\/A1-300x112.jpg\" alt=\"\" width=\"300\" height=\"112\"><\/td>\n<td class=\"bor\" valign=\"top\" width=\"180\"><img loading=\"lazy\" decoding=\"async\" class=\"size-medium wp-image-2749 aligncenter\" src=\"http:\/\/www.ventinella.fr\/\/wp-content\/uploads\/2017\/06\/A1-1-300x295.jpg\" alt=\"\" width=\"300\" height=\"295\"><\/td>\n<td class=\"last\" style=\"text-align: center;\" width=\"180\">Vient pr\u00e9mont\u00e9e sur le volet<\/td>\n<\/tr>\n<tr valign=\"top\">\n<td class=\"bor\" style=\"text-align: center;\" valign=\"top\" width=\"600\"><strong>A2. Penture droite r\u00e9glable<br \/>\n<\/strong>&nbsp;<\/td>\n<td class=\"bor\" valign=\"top\" width=\"180\"><img loading=\"lazy\" decoding=\"async\" class=\"size-medium wp-image-2707 aligncenter\" src=\"http:\/\/www.ventinella.fr\/\/wp-content\/uploads\/2017\/06\/A2-300x112.jpg\" alt=\"\" width=\"300\" height=\"112\"><strong><br \/>\n<\/strong><\/td>\n<td class=\"bor\" valign=\"top\" width=\"180\"><img loading=\"lazy\" decoding=\"async\" class=\"size-medium wp-image-2738 aligncenter\" src=\"http:\/\/www.ventinella.fr\/\/wp-content\/uploads\/2017\/06\/A2-1-300x77.jpg\" alt=\"\" width=\"300\" height=\"77\"><\/td>\n<td class=\"last\" style=\"text-align: center;\" width=\"180\">Vient pr\u00e9mont\u00e9e sur le volet<\/td>\n<\/tr>\n<tr valign=\"top\">\n<td class=\"bor\" style=\"text-align: center;\" valign=\"top\" width=\"600\"><strong>A3. Croisillon<br \/>\n<\/strong>&nbsp;<\/td>\n<td class=\"bor\" valign=\"top\" width=\"180\"><img loading=\"lazy\" decoding=\"async\" class=\"size-medium wp-image-2708 aligncenter\" src=\"http:\/\/www.ventinella.fr\/\/wp-content\/uploads\/2017\/06\/A3-300x112.jpg\" alt=\"\" width=\"300\" height=\"112\"><strong><br \/>\n<\/strong><\/td>\n<td class=\"bor\" valign=\"top\" width=\"180\"><img loading=\"lazy\" decoding=\"async\" class=\"size-medium wp-image-2750 aligncenter\" src=\"http:\/\/www.ventinella.fr\/\/wp-content\/uploads\/2017\/06\/A3-1-300x195.jpg\" alt=\"\" width=\"300\" height=\"195\"><\/td>\n<td class=\"last\" width=\"180\">\n<p style=\"text-align: center;\">Sert au r\u00e9glage<\/p>\n<p style=\"text-align: center;\">en hauteur et<\/p>\n<p style=\"text-align: center;\">en largeur.<\/p>\n<p style=\"text-align: center;\">2 trous frontaux pour bloquer apr\u00e8s la pose.<\/p>\n<\/td>\n<\/tr>\n<tr valign=\"top\">\n<td class=\"bor\" style=\"text-align: center;\" valign=\"top\" width=\"600\"><strong>A5. Noeud<\/strong><\/td>\n<td class=\"bor\" valign=\"top\" width=\"180\"><img loading=\"lazy\" decoding=\"async\" class=\"size-medium wp-image-2709 aligncenter\" src=\"http:\/\/www.ventinella.fr\/\/wp-content\/uploads\/2017\/06\/A4-300x112.jpg\" alt=\"\" width=\"300\" height=\"112\"><strong><br \/>\n<\/strong><\/td>\n<td class=\"bor\" valign=\"top\" width=\"180\"><img loading=\"lazy\" decoding=\"async\" class=\"aligncenter wp-image-2740 size-medium\" src=\"http:\/\/www.ventinella.fr\/\/wp-content\/uploads\/2017\/06\/A5-300x138.jpg\" alt=\"\" width=\"300\" height=\"138\"><\/td>\n<td class=\"last\" width=\"180\">\n<p style=\"text-align: center;\">Diam. 14 mm en standard. Autres diam\u00e8tres:&nbsp;<\/p>\n<p style=\"text-align: center;\">9\/10\/12\/16\/18\/22<\/p>\n<\/td>\n<\/tr>\n<tr valign=\"top\">\n<td class=\"bor\" style=\"text-align: center;\" valign=\"top\" width=\"600\"><strong>A6. Noeud col de cigne<\/strong><\/td>\n<td class=\"bor\" valign=\"top\" width=\"180\"><img loading=\"lazy\" decoding=\"async\" class=\"size-medium wp-image-2710 aligncenter\" src=\"http:\/\/www.ventinella.fr\/\/wp-content\/uploads\/2017\/06\/A6-300x112.jpg\" alt=\"\" width=\"300\" height=\"112\"><strong><br \/>\n<\/strong><\/td>\n<td class=\"bor\" valign=\"top\" width=\"180\"><img loading=\"lazy\" decoding=\"async\" class=\"aligncenter wp-image-2741 size-medium\" src=\"http:\/\/www.ventinella.fr\/\/wp-content\/uploads\/2017\/06\/A6-1-300x131.jpg\" alt=\"\" width=\"300\" height=\"131\"><\/td>\n<td class=\"last\" width=\"180\">\n<p style=\"text-align: center;\">Pour volets repliants.<\/p>\n<\/td>\n<\/tr>\n<tr valign=\"top\">\n<td class=\"bor\" style=\"text-align: center;\" valign=\"top\" width=\"600\"><strong>B1. Penture r\u00e9glable pour mod\u00e8les 6-8<\/strong><\/td>\n<td class=\"bor\" valign=\"top\" width=\"180\"><img loading=\"lazy\" decoding=\"async\" class=\"size-medium wp-image-2711 aligncenter\" src=\"http:\/\/www.ventinella.fr\/\/wp-content\/uploads\/2017\/06\/B1-300x112.jpg\" alt=\"\" width=\"300\" height=\"112\"><strong><br \/>\n<\/strong><\/td>\n<td class=\"bor\" valign=\"top\" width=\"180\"><img loading=\"lazy\" decoding=\"async\" class=\"size-medium wp-image-2745 aligncenter\" src=\"http:\/\/www.ventinella.fr\/\/wp-content\/uploads\/2017\/06\/B1-1-300x94.jpg\" alt=\"\" width=\"300\" height=\"94\"><\/td>\n<td class=\"last\" style=\"text-align: center;\" width=\"180\">&nbsp;Vient pr\u00e9mont\u00e9e sur le volet<\/td>\n<\/tr>\n<tr valign=\"top\">\n<td class=\"bor\" style=\"text-align: center;\" valign=\"top\" width=\"600\"><strong>B2. Neusillon pour mod\u00e8les 6-8<\/strong><\/td>\n<td class=\"bor\" valign=\"top\" width=\"180\"><img loading=\"lazy\" decoding=\"async\" class=\"size-medium wp-image-2712 aligncenter\" src=\"http:\/\/www.ventinella.fr\/\/wp-content\/uploads\/2017\/06\/B2-300x112.jpg\" alt=\"\" width=\"300\" height=\"112\"><strong><br \/>\n<\/strong><\/td>\n<td class=\"bor\" valign=\"top\" width=\"180\"><img loading=\"lazy\" decoding=\"async\" class=\"size-medium wp-image-2746 aligncenter\" src=\"http:\/\/www.ventinella.fr\/\/wp-content\/uploads\/2017\/06\/B2-1-300x116.jpg\" alt=\"\" width=\"300\" height=\"116\"><\/td>\n<td class=\"last\" width=\"180\">\n<p style=\"text-align: center;\">Sert au r\u00e9glage<\/p>\n<p style=\"text-align: center;\">en hauteur et<\/p>\n<p style=\"text-align: center;\">en largeur.<\/p>\n<p style=\"text-align: center;\">2 trous frontaux pour bloquer apr\u00e8s la pose.<\/p>\n<p>&nbsp;<\/td>\n<\/tr>\n<tr valign=\"top\">\n<td class=\"bor\" style=\"text-align: center;\" valign=\"top\" width=\"600\"><strong>B3. Penture r\u00e9glable en col de cygne<\/strong><\/td>\n<td class=\"bor\" valign=\"top\" width=\"180\"><strong>&nbsp;<\/strong><\/td>\n<td class=\"bor\" valign=\"top\" width=\"180\">&nbsp;<\/td>\n<td class=\"last\" style=\"text-align: center;\" width=\"180\">&nbsp;Pour volets repliants.<\/td>\n<\/tr>\n<tr valign=\"top\">\n<td class=\"bor\" style=\"text-align: center;\" valign=\"top\" width=\"600\"><strong>C1. Gond<\/strong><\/td>\n<td class=\"bor\" valign=\"top\" width=\"180\"><img loading=\"lazy\" decoding=\"async\" class=\"size-medium wp-image-2714 aligncenter\" src=\"http:\/\/www.ventinella.fr\/\/wp-content\/uploads\/2017\/06\/C1-300x112.jpg\" alt=\"\" width=\"300\" height=\"112\"><strong><br \/>\n<\/strong><\/td>\n<td class=\"bor\" valign=\"top\" width=\"180\"><img loading=\"lazy\" decoding=\"async\" class=\"size-medium wp-image-2752 aligncenter\" src=\"http:\/\/www.ventinella.fr\/\/wp-content\/uploads\/2017\/06\/C1-1-300x109.jpg\" alt=\"\" width=\"300\" height=\"109\"><\/td>\n<td class=\"last\" width=\"180\">&nbsp;<\/p>\n<p style=\"text-align: center;\">&nbsp;Pour enmurage&nbsp;<\/p>\n<p style=\"text-align: center;\">ou fixation chimique<\/p>\n<\/td>\n<\/tr>\n<tr valign=\"top\">\n<td class=\"bor\" style=\"text-align: center;\" valign=\"top\" width=\"600\"><strong>C3. Platine murale<\/strong><\/td>\n<td class=\"bor\" valign=\"top\" width=\"180\"><strong><img loading=\"lazy\" decoding=\"async\" class=\"size-medium wp-image-3075 aligncenter\" src=\"http:\/\/www.ventinella.com\/wp-content\/uploads\/2017\/07\/C3-300x112.jpg\" alt=\"\" width=\"300\" height=\"112\" srcset=\"https:\/\/old.ventinella.com\/wp-content\/uploads\/2017\/07\/C3-300x112.jpg 300w, https:\/\/old.ventinella.com\/wp-content\/uploads\/2017\/07\/C3-150x56.jpg 150w, https:\/\/old.ventinella.com\/wp-content\/uploads\/2017\/07\/C3-768x288.jpg 768w, https:\/\/old.ventinella.com\/wp-content\/uploads\/2017\/07\/C3.jpg 838w\" sizes=\"auto, (max-width: 300px) 100vw, 300px\" \/><br \/>\n<\/strong><\/td>\n<td class=\"bor\" valign=\"top\" width=\"180\"><img loading=\"lazy\" decoding=\"async\" class=\"size-medium wp-image-2753 aligncenter\" src=\"http:\/\/www.ventinella.fr\/\/wp-content\/uploads\/2017\/06\/C3-1-300x239.jpg\" alt=\"\" width=\"300\" height=\"239\"><\/td>\n<td class=\"last\" width=\"180\">\n<p style=\"text-align: center;\">Montage facile<\/p>\n<p style=\"text-align: center;\">droit sur le mur<\/p>\n<p>&nbsp;<\/td>\n<\/tr>\n<tr valign=\"top\">\n<td class=\"bor\" style=\"text-align: center;\" valign=\"top\" width=\"600\"><strong>C4. Platine murale en col de cygne<br \/>\n<\/strong><\/td>\n<td class=\"bor\" style=\"text-align: center;\" valign=\"top\" width=\"180\">&nbsp;<\/td>\n<td class=\"bor\" valign=\"top\" width=\"180\">&nbsp;<\/td>\n<td class=\"last\" style=\"text-align: center;\" width=\"180\">&nbsp;Pour volets repliants.<\/td>\n<\/tr>\n<tr valign=\"top\">\n<td class=\"bor\" style=\"text-align: center;\" valign=\"top\" width=\"600\"><strong>D1. Arr\u00eat automatique<\/strong><\/td>\n<td class=\"bor\" valign=\"top\" width=\"180\"><img loading=\"lazy\" decoding=\"async\" class=\"size-medium wp-image-2716 aligncenter\" src=\"http:\/\/www.ventinella.fr\/\/wp-content\/uploads\/2017\/06\/D1-300x112.jpg\" alt=\"\" width=\"300\" height=\"112\"><\/td>\n<td class=\"bor\" valign=\"top\" width=\"180\"><img loading=\"lazy\" decoding=\"async\" class=\"size-medium wp-image-2754 aligncenter\" src=\"http:\/\/www.ventinella.fr\/\/wp-content\/uploads\/2017\/06\/D1-1-272x300.jpg\" alt=\"\" width=\"272\" height=\"300\"><\/td>\n<td class=\"last\" width=\"180\">\n<p style=\"text-align: center;\">Arr\u00eat en nylon.<\/p>\n<p style=\"text-align: center;\">Syst\u00e8me \u00e0 ressort qui bloque le volet en position ouverte.<\/p>\n<p style=\"text-align: center;\">&nbsp;<\/p>\n<\/td>\n<\/tr>\n<tr valign=\"top\">\n<td class=\"bor\" style=\"text-align: center;\" valign=\"top\" width=\"600\"><strong>D2.&nbsp;Arr\u00eat automatique allong\u00e9<\/strong><\/td>\n<td class=\"bor\" valign=\"top\" width=\"180\">&nbsp;<\/td>\n<td class=\"bor\" valign=\"top\" width=\"180\">&nbsp;<\/td>\n<td class=\"last\" style=\"text-align: center;\" width=\"180\">&nbsp;&nbsp;Pour volets repliants.<\/td>\n<\/tr>\n<tr valign=\"top\">\n<td class=\"bor\" style=\"text-align: center;\" valign=\"top\" width=\"600\"><strong>D4. Dardenne<\/strong><\/td>\n<td class=\"bor\" valign=\"top\" width=\"180\"><img loading=\"lazy\" decoding=\"async\" class=\"size-medium wp-image-2718 aligncenter\" src=\"http:\/\/www.ventinella.fr\/\/wp-content\/uploads\/2017\/06\/D4-300x112.jpg\" alt=\"\" width=\"300\" height=\"112\"><img loading=\"lazy\" decoding=\"async\" class=\"size-medium wp-image-2717 aligncenter\" src=\"http:\/\/www.ventinella.fr\/\/wp-content\/uploads\/2017\/06\/D3-300x112.jpg\" alt=\"\" width=\"300\" height=\"112\"><\/td>\n<td class=\"bor\" valign=\"top\" width=\"180\"><img loading=\"lazy\" decoding=\"async\" class=\"size-medium wp-image-2755 aligncenter\" src=\"http:\/\/www.ventinella.fr\/\/wp-content\/uploads\/2017\/06\/D3-1-300x163.jpg\" alt=\"\" width=\"300\" height=\"163\"><\/td>\n<td class=\"last\" style=\"text-align: center;\" width=\"180\">Arr\u00eat de volet pour position ferm\u00e9e. Version droite ou coud\u00e9e.<\/td>\n<\/tr>\n<tr valign=\"top\">\n<td class=\"bor\" style=\"text-align: center;\" valign=\"top\" width=\"600\"><strong>E2. Espagnolette composite<\/strong><\/td>\n<td class=\"bor\" valign=\"top\" width=\"180\"><img loading=\"lazy\" decoding=\"async\" class=\"size-medium wp-image-2719 aligncenter\" src=\"http:\/\/www.ventinella.fr\/\/wp-content\/uploads\/2017\/06\/E2-300x251.jpg\" alt=\"\" width=\"300\" height=\"251\"><\/td>\n<td class=\"bor\" valign=\"top\" width=\"180\"><img loading=\"lazy\" decoding=\"async\" class=\"size-medium wp-image-2757 aligncenter\" src=\"http:\/\/www.ventinella.fr\/\/wp-content\/uploads\/2017\/06\/E2-1-300x160.jpg\" alt=\"\" width=\"300\" height=\"160\"><\/td>\n<td class=\"last\" width=\"180\">\n<p style=\"text-align: center;\">&nbsp;Tige ALU avec accessoires en<\/p>\n<p style=\"text-align: center;\">composite.<\/p>\n<p style=\"text-align: center;\">Vient pr\u00e9-assembl\u00e9e mais non-mont\u00e9e.<\/p>\n<\/td>\n<\/tr>\n<tr valign=\"top\">\n<td class=\"bor\" style=\"text-align: center;\" valign=\"top\" width=\"600\"><strong>E3. Espagnolette Zamak<\/strong><\/td>\n<td class=\"bor\" valign=\"top\" width=\"180\"><img loading=\"lazy\" decoding=\"async\" class=\"size-medium wp-image-2719 aligncenter\" src=\"http:\/\/www.ventinella.fr\/\/wp-content\/uploads\/2017\/06\/E2-300x251.jpg\" alt=\"\" width=\"300\" height=\"251\"><\/td>\n<td class=\"bor\" valign=\"top\" width=\"180\"><img loading=\"lazy\" decoding=\"async\" class=\"size-full wp-image-2758 aligncenter\" src=\"http:\/\/www.ventinella.fr\/\/wp-content\/uploads\/2017\/06\/E3.jpg\" alt=\"\" width=\"218\" height=\"114\"><\/td>\n<td class=\"last\" width=\"180\">&nbsp;<\/p>\n<p style=\"text-align: center;\">Tige ALU avec accessoires en zamak.<\/p>\n<p style=\"text-align: center;\">Vient pr\u00e9-assembl\u00e9e mais non-mont\u00e9e.<\/p>\n<p style=\"text-align: center;\">&nbsp;<\/p>\n<\/td>\n<\/tr>\n<tr valign=\"top\">\n<td class=\"bor\" valign=\"top\" width=\"600\">\n<p style=\"text-align: center;\">&nbsp;<strong>E4. Arr\u00eat Bajonnette<\/strong><\/p>\n<\/td>\n<td class=\"bor\" valign=\"top\" width=\"180\">&nbsp;<\/td>\n<td class=\"bor\" valign=\"top\" width=\"180\"><img loading=\"lazy\" decoding=\"async\" class=\"size-medium wp-image-2759 aligncenter\" src=\"http:\/\/www.ventinella.fr\/\/wp-content\/uploads\/2017\/06\/E5-1-300x164.jpg\" alt=\"\" width=\"300\" height=\"164\"><\/td>\n<td class=\"last\" width=\"180\">\n<p style=\"text-align: center;\">Bloque le volet en position ferm\u00e9e.<\/p>\n<p style=\"text-align: center;\">Se monte \u00e0 la verticale ou \u00e0 l&rsquo;horizontale.<\/p>\n<p style=\"text-align: center;\">Livr\u00e9 avec ses vis.<\/p>\n<\/td>\n<\/tr>\n<tr valign=\"top\">\n<td class=\"bor\" style=\"text-align: center;\" valign=\"top\" width=\"600\">&nbsp;<strong>E5. Fl\u00e9au de volet<\/strong><\/td>\n<td class=\"bor\" valign=\"top\" width=\"180\"><img loading=\"lazy\" decoding=\"async\" class=\"size-medium wp-image-2720 aligncenter\" src=\"http:\/\/www.ventinella.fr\/\/wp-content\/uploads\/2017\/06\/E5-300x112.jpg\" alt=\"\" width=\"300\" height=\"112\"><\/td>\n<td class=\"bor\" valign=\"top\" width=\"180\"><img loading=\"lazy\" decoding=\"async\" class=\"size-medium wp-image-2760 aligncenter\" src=\"http:\/\/www.ventinella.fr\/\/wp-content\/uploads\/2017\/06\/E6-300x209.jpg\" alt=\"\" width=\"300\" height=\"209\"><\/td>\n<td class=\"last\" style=\"text-align: center;\" width=\"180\">Relie les 2 vantaux. Se monte \u00e0 l&rsquo;int\u00e9rieur ou \u00e0 l&rsquo;ext\u00e9rieur.Livr\u00e9 avec ses vis.<\/td>\n<\/tr>\n<tr valign=\"top\">\n<td class=\"bor\" style=\"text-align: center;\" valign=\"top\" width=\"600\"><strong>E7. Barre anti effraction<\/strong><strong><br \/>\n<\/strong><\/td>\n<td class=\"bor\" valign=\"top\" width=\"180\">&nbsp;<\/td>\n<td class=\"bor\" valign=\"top\" width=\"180\"><img loading=\"lazy\" decoding=\"async\" class=\"size-medium wp-image-2756 aligncenter\" src=\"http:\/\/www.ventinella.fr\/\/wp-content\/uploads\/2017\/06\/BAI-300x125.jpg\" alt=\"\" width=\"300\" height=\"125\"><\/td>\n<td class=\"last\" style=\"text-align: center;\" width=\"180\">Montage et emploi facile. Ex\u00e9cution en acier robuste.<\/td>\n<\/tr>\n<tr valign=\"top\">\n<td class=\"bor\" style=\"text-align: center;\" valign=\"top\" width=\"600\">&nbsp;<strong>F1. Charni\u00e8re<\/strong><\/td>\n<td class=\"bor\" valign=\"top\" width=\"180\">&nbsp;<\/td>\n<td class=\"bor\" valign=\"top\" width=\"180\"><img loading=\"lazy\" decoding=\"async\" class=\"size-medium wp-image-2762 aligncenter\" src=\"http:\/\/www.ventinella.fr\/\/wp-content\/uploads\/2017\/06\/F1-222x300.jpg\" alt=\"\" width=\"222\" height=\"300\"><\/td>\n<td class=\"last\" style=\"text-align: center;\" width=\"180\">Pour volets repliants.<\/td>\n<\/tr>\n<tr valign=\"top\">\n<td class=\"bor\" style=\"text-align: center;\" valign=\"top\" width=\"600\"><strong>F2. Crochet de rappel<\/strong><\/td>\n<td class=\"bor\" valign=\"top\" width=\"180\">&nbsp;<\/td>\n<td class=\"bor\" valign=\"top\" width=\"180\"><img loading=\"lazy\" decoding=\"async\" class=\"size-medium wp-image-2763 aligncenter\" src=\"http:\/\/www.ventinella.fr\/\/wp-content\/uploads\/2017\/06\/F2-1-300x201.jpg\" alt=\"\" width=\"300\" height=\"201\"><\/td>\n<td class=\"last\" width=\"180\">\n<p style=\"text-align: center;\">Pour volets repliants.<\/p>\n<p>&nbsp;<\/td>\n<\/tr>\n<tr valign=\"top\">\n<td class=\"bor\" valign=\"top\" width=\"600\">&nbsp;<\/td>\n<td class=\"bor\" valign=\"top\" width=\"180\">&nbsp;<\/td>\n<td class=\"bor\" valign=\"top\" width=\"180\">&nbsp;<\/td>\n<td class=\"last\" width=\"180\">&nbsp;<\/td>\n<\/tr>\n<tr valign=\"top\">\n<td class=\"bor\" valign=\"top\" width=\"600\">&nbsp;<\/td>\n<td class=\"bor\" valign=\"top\" width=\"180\">&nbsp;<\/td>\n<td class=\"bor\" valign=\"top\" width=\"180\">&nbsp;<\/td>\n<td class=\"last\" width=\"180\">&nbsp;<\/td>\n<\/tr>\n<\/tbody>\n<\/table>\n","protected":false},"excerpt":{"rendered":"<p>&nbsp; Ferrure r\u00e9glable pour une pose facile &nbsp; Demander un devis ? C&rsquo;est facile, rapide et sans engagement. &nbsp; La ferrure en aluminium est laqu\u00e9 en noir en standard. Toute couleur RAL est possible sur demande. Tous les accessoires se [&hellip;]<\/p>\n","protected":false},"author":2,"featured_media":0,"parent":0,"menu_order":0,"comment_status":"closed","ping_status":"closed","template":"","meta":{"ngg_post_thumbnail":0,"footnotes":""},"class_list":["post-3065","page","type-page","status-publish","hentry"],"_links":{"self":[{"href":"https:\/\/old.ventinella.com\/fr\/wp-json\/wp\/v2\/pages\/3065\/"}],"collection":[{"href":"https:\/\/old.ventinella.com\/fr\/wp-json\/wp\/v2\/pages\/"}],"about":[{"href":"https:\/\/old.ventinella.com\/fr\/wp-json\/wp\/v2\/types\/page\/"}],"author":[{"embeddable":true,"href":"https:\/\/old.ventinella.com\/fr\/wp-json\/wp\/v2\/users\/2\/"}],"replies":[{"embeddable":true,"href":"https:\/\/old.ventinella.com\/fr\/wp-json\/wp\/v2\/comments\/?post=3065"}],"version-history":[{"count":3,"href":"https:\/\/old.ventinella.com\/fr\/wp-json\/wp\/v2\/pages\/3065\/revisions\/"}],"predecessor-version":[{"id":6298,"href":"https:\/\/old.ventinella.com\/fr\/wp-json\/wp\/v2\/pages\/3065\/revisions\/6298\/"}],"wp:attachment":[{"href":"https:\/\/old.ventinella.com\/fr\/wp-json\/wp\/v2\/media\/?parent=3065"}],"curies":[{"name":"wp","href":"https:\/\/api.w.org\/{rel}","templated":true}]}}