{"id":3095,"date":"2017-07-31T17:57:51","date_gmt":"2017-07-31T15:57:51","guid":{"rendered":"http:\/\/www.ventinella.com\/?page_id=3095"},"modified":"2025-01-15T14:46:56","modified_gmt":"2025-01-15T13:46:56","slug":"contact-fr","status":"publish","type":"page","link":"https:\/\/old.ventinella.com\/fr\/contact-fr\/","title":{"rendered":"DEMANDE DE DEVIS"},"content":{"rendered":"<h2>&nbsp;<\/h2>\n<h1 style=\"text-align: center;\"><strong>Devis en 48 heures sans engagement<\/strong><\/h1>\n<p>&nbsp;<\/p>\n<h2 style=\"text-align: left;\"><strong>Les champs avec un \u00ab\u00a0*\u00a0\u00bb sont requis.&nbsp;<\/strong><strong>Nous r\u00e9pondons \u00e0 votre demande end\u00e9ans les 48 heures.<\/strong><\/h2>\n<p>&nbsp;<\/p>\n<p>&nbsp;<\/p>\n\n\n<!-- Fast Secure Contact Form plugin 4.0.52 - begin - FastSecureContactForm.com -->\r\n<div style=\"clear:both;\"><\/div>\n<p><\/p>\r\n<div id=\"FSContact2\" style=\"width:99%; max-width:555px;\">\r\n<form enctype=\"multipart\/form-data\" action=\"https:\/\/old.ventinella.com\/fr\/wp-json\/wp\/v2\/pages\/3095#FSContact2\" id=\"fscf_form2\" method=\"post\">\r\n<fieldset id=\"fscf_form_fieldset2\" style=\"border:1px solid black; width:99%; max-width:550px; padding:10px;\">\n<legend>Contact Form<\/legend>\n\n<div id=\"fscf_div_clear2_7\" style=\"clear:both;\">\n  <div id=\"fscf_div_field2_7\" style=\"clear:left; float:left; width:99%; max-width:250px; margin-right:10px;\">\n    <div  id=\"fscf_label2_7\" style=\"text-align:left; padding-top:10px;font-weight: bold;\">\r\n      <label style=\"display:inline;\" for=\"fscf_field2_7\">Votre Nom<span style=\"text-align:left;\">*<\/span><\/label>\n    <\/div>\n    <div style=\"text-align:left;\">\n      <input style=\"text-align:left; margin:0; width:99%; max-width:520px;\" type=\"text\" id=\"fscf_field2_7\" name=\"CONTACTPERSOON\" value=\"\"  \/>\n    <\/div>\n  <\/div>\n  <div id=\"fscf_div_follow2_1\" style=\"float:left; padding-left:10px; width:99%; max-width:250px;\">\n    <div style=\"text-align:left; padding-top:10px;font-weight: bold;\">\n      <label style=\"display:inline;\" for=\"fscf_email2\">Adresse mail<span style=\"text-align:left;\">*<\/span><\/label>\n    <\/div>\n    <div style=\"text-align:left;\">\n      <input style=\"text-align:left; margin:0; width:99%; max-width:520px;\" type=\"text\" id=\"fscf_email2\" name=\"email\" value=\"\"  \/>\n    <\/div>\n  <\/div>\n<\/div>\n\n<div id=\"fscf_div_clear2_10\" style=\"clear:both;\">\n  <div id=\"fscf_div_field2_10\" style=\"clear:left; float:left; width:99%; max-width:250px; margin-right:10px;\">\n    <div  id=\"fscf_label2_10\" style=\"text-align:left; padding-top:10px;font-weight: bold;\">\r\n      <label style=\"display:inline;\" for=\"fscf_field2_10\">Code postal<span style=\"text-align:left;\">*<\/span><\/label>\n    <\/div>\n    <div style=\"text-align:left;\">\n      <input style=\"text-align:left; margin:0; width:99%; max-width:520px;\" type=\"text\" id=\"fscf_field2_10\" name=\"POSTCODENUMMER\" value=\"\"  \/>\n    <\/div>\n  <\/div>\n  <div id=\"fscf_div_follow2_34\" style=\"float:left; padding-left:10px; width:99%; max-width:250px;\">\n    <div  id=\"fscf_label2_34\" style=\"text-align:left; padding-top:10px;font-weight: bold;\">\r\n      <label style=\"display:inline;\" for=\"fscf_field2_34\">Ville<span style=\"text-align:left;\">*<\/span><\/label>\n    <\/div>\n    <div style=\"text-align:left;\">\n      <input style=\"text-align:left; margin:0; width:99%; max-width:520px;\" type=\"text\" id=\"fscf_field2_34\" name=\"WOONPLAATS\" value=\"\"  \/>\n    <\/div>\n  <\/div>\n<\/div>\n\n<div id=\"fscf_div_clear2_21\" style=\"clear:both;\">\n  <div id=\"fscf_div_field2_21\" style=\"clear:left; float:left; width:99%; max-width:250px; margin-right:10px;\">\n    <div  id=\"fscf_label2_21\" style=\"text-align:left; padding-top:10px;font-weight: bold;\">\r\n      <label style=\"text-align:mid; color:#000000; background-color:##FFFACD;\" for=\"fscf_field2_21\">Soci\u00e9t\u00e9 (clients PRO)<\/label>\n    <\/div>\n    <div style=\"text-align:left;\">\n      <input style=\"text-align:left; margin:0; width:99%; max-width:520px;\" type=\"text\" id=\"fscf_field2_21\" name=\"VOOR-BEDRIJVEN\" value=\"\"  \/>\n    <\/div>\n  <\/div>\n  <div id=\"fscf_div_follow2_22\" style=\"float:left; padding-left:10px; width:99%; max-width:250px;\">\n    <div  id=\"fscf_label2_22\" style=\"text-align:left; padding-top:10px;font-weight: bold;\">\r\n      <label style=\"display:inline;\" for=\"fscf_field2_22\">No. de TVA<\/label>\n    <\/div>\n    <div style=\"text-align:left;\">\n      <input style=\"text-align:left; margin:0; width:99%; max-width:520px;\" type=\"text\" id=\"fscf_field2_22\" name=\"BTW-of-KvK-nummer01\" value=\"\"  \/>\n    <\/div>\n  <\/div>\n<\/div>\n\n<div id=\"fscf_div_clear2_12\" style=\"clear:both;\">\n  <div id=\"fscf_div_field2_12\" style=\"clear:left; float:left; width:99%; max-width:250px; margin-right:10px;\">\n    <div  id=\"fscf_label2_12\" style=\"text-align:left; padding-top:10px;font-weight: bold;\">\r\n      <label style=\"display:inline;\" for=\"fscf_field2_12\">Mod\u00e8le choisi<span style=\"text-align:left;\">*<\/span><\/label>\n    <\/div>\n    <div style=\"text-align:left;\">\n      <select style=\"text-align:left;margin:0; width:99%; max-width:520px; height:40px;\" id=\"fscf_field2_12\" name=\"GEWENST-MODEL[]\">\n        <option value=\"1\">- MOD.1 LAMES OUVERTES<\/option>\n        <option value=\"2\">- MOD.2 LAMES \u00c0 CHEVRONS<\/option>\n        <option value=\"3\">- MOD3. PLANCHETTES<\/option>\n        <option value=\"4\">- MOD4. PANNEAU ISOLANT<\/option>\n        <option value=\"5\">- MOD5. LAMES R\u00c9GLABLES<\/option>\n        <option value=\"6\">- MOD6. VOLET \u00c0 CLEF<\/option>\n        <option value=\"7\">- MOD7. VOLET \u00c0 BARRES<\/option>\n        <option value=\"8\">- MOD8. BARRES-\u00c9CHARPES<\/option>\n        <option value=\"9\">- AUTRE: VOIR MON COMMENTAIRE<\/option>\n      <\/select>\n    <\/div>\n  <\/div>\n  <div id=\"fscf_div_follow2_11\" style=\"float:left; padding-left:10px; width:99%; max-width:250px;\">\n    <div  id=\"fscf_label2_11\" style=\"text-align:left; padding-top:10px;font-weight: bold;\">\r\n      <label style=\"display:inline;\" for=\"fscf_field2_11\">Mat\u00e9riau et couleur<span style=\"text-align:left;\">*<\/span><\/label>\n    <\/div>\n    <div style=\"text-align:left;\">\n      <select style=\"text-align:left;margin:0; width:99%; max-width:520px; height:40px;\" id=\"fscf_field2_11\" name=\"GEWENSTE-UITVOERING[]\">\n        <option value=\"1\">- PVC PLAX\u00c9.  Choix entre 125 d\u00e9cors.<\/option>\n        <option value=\"2\">- PVC BLANC. Teint\u00e9 masse.<\/option>\n        <option value=\"3\">- ALU LAQU\u00c9. Toute teinte RAL.<\/option>\n        <option value=\"4\">- ALU FINITION D\u00c9COR BOIS<\/option>\n        <option value=\"5\">- BOIS MERANTI<\/option>\n        <option value=\"6\">- BOIS PIN<\/option>\n        <option value=\"7\">- AUTRE: VOIR MON COMMENTAIRE<\/option>\n      <\/select>\n    <\/div>\n  <\/div>\n<\/div>\n\n<div id=\"fscf_div_clear2_14\" style=\"clear:both;\">\n  <div id=\"fscf_div_field2_14\" style=\"clear:left; float:left; width:99%; max-width:550px; margin-right:10px;\">\n    <div  id=\"fscf_label2_14\" style=\"text-align:left; padding-top:10px;font-weight: bold;\">\r\n      <label style=\"display:inline;\" for=\"fscf_field2_14\">Pose<span style=\"text-align:left;\">*<\/span><\/label>\n    <\/div>\n    <div style=\"text-align:left;\">\n      <select style=\"text-align:left;margin:0; width:99%; max-width:520px; height:40px;\" id=\"fscf_field2_14\" name=\"MONTAGE[]\">\n        <option value=\"1\">- POSE EN R\u00c9NOVATION (Gonds existants)<\/option>\n        <option value=\"2\">- POSE EN NEUF<\/option>\n        <option value=\"3\">- VOLET FIXE (VOLET POSTICHE)<\/option>\n        <option value=\"4\">- AUTRE: VOIR MON COMMENTAIRE<\/option>\n      <\/select>\n    <\/div>\n  <\/div>\n<\/div>\n\n<div id=\"fscf_div_clear2_15\" style=\"clear:both;\">\n  <div id=\"fscf_div_field2_15\" style=\"clear:left; float:left; width:99%; max-width:550px; margin-right:10px;\">\n    <div  id=\"fscf_label2_15\" style=\"text-align:left; padding-top:10px;font-weight: bold;\">\r\n      <label style=\"display:inline;\" for=\"fscf_field2_15\">Les mesures (approximatives) sont<span style=\"text-align:left;\">*<\/span><\/label>\n    <\/div>\n    <div style=\"text-align:left;\">\n      <select style=\"text-align:left;margin:0; width:99%; max-width:520px; height:40px;\" id=\"fscf_field2_15\" name=\"DE-OPGEGEVEN-MATEN-ZIJN[]\">\n        <option value=\"1\">- LES MESURES FINIES DU VOLET<\/option>\n        <option value=\"2\">- LES MESURES DE LA BAIE<\/option>\n        <option value=\"3\">- AUTRE: VOIR MON COMMENTAIRE<\/option>\n      <\/select>\n    <\/div>\n  <\/div>\n<\/div>\n\n<div id=\"fscf_div_clear2_16\" style=\"clear:both;\">\n  <div id=\"fscf_div_field2_16\" style=\"clear:left; float:left; width:99%; max-width:250px; margin-right:10px;\">\n    <div  id=\"fscf_label2_16\" style=\"text-align:left; padding-top:10px;font-weight: bold;\">\r\n      <label style=\"display:inline;\" for=\"fscf_field2_16\">Largeur X hauteur<\/label>\n    <\/div>\n    <div style=\"text-align:left;\">\n      <input style=\"text-align:left; margin:0; width:99%; max-width:520px;\" type=\"text\" id=\"fscf_field2_16\" name=\"BREEDTE-HOOGTE01\" value=\"\"  placeholder=\"600*1200\" \/>\n    <\/div>\n  <\/div>\n  <div id=\"fscf_div_follow2_17\" style=\"float:left; padding-left:10px; width:99%; max-width:250px;\">\n    <div  id=\"fscf_label2_17\" style=\"text-align:left; padding-top:10px;font-weight: bold;\">\r\n      <label style=\"display:inline;\" for=\"fscf_field2_17\">Quantit\u00e9<\/label>\n    <\/div>\n    <div style=\"text-align:left;\">\n      <input style=\"text-align:left; margin:0; width:99%; max-width:520px;\" type=\"text\" id=\"fscf_field2_17\" name=\"AANTAL\" value=\"\"  placeholder=\"10\" \/>\n    <\/div>\n  <\/div>\n<\/div>\n\n<div id=\"fscf_div_clear2_18\" style=\"clear:both;\">\n  <div id=\"fscf_div_field2_18\" style=\"clear:left; float:left; width:99%; max-width:250px; margin-right:10px;\">\n    <div  id=\"fscf_label2_18\" style=\"text-align:left; padding-top:10px;font-weight: bold;\">\n    <\/div>\n    <div style=\"text-align:left;\">\n      <input style=\"text-align:left; margin:0; width:99%; max-width:520px;\" type=\"text\" id=\"fscf_field2_18\" name=\"B1\" value=\"\"  \/>\n    <\/div>\n  <\/div>\n  <div id=\"fscf_div_follow2_19\" style=\"float:left; padding-left:10px; width:99%; max-width:250px;\">\n    <div  id=\"fscf_label2_19\" style=\"text-align:left; padding-top:10px;font-weight: bold;\">\n    <\/div>\n    <div style=\"text-align:left;\">\n      <input style=\"text-align:left; margin:0; width:99%; max-width:520px;\" type=\"text\" id=\"fscf_field2_19\" name=\"A1\" value=\"\"  \/>\n    <\/div>\n  <\/div>\n<\/div>\n\n<div id=\"fscf_div_clear2_24\" style=\"clear:both;\">\n  <div id=\"fscf_div_field2_24\" style=\"clear:left; float:left; width:99%; max-width:250px; margin-right:10px;\">\n    <div  id=\"fscf_label2_24\" style=\"text-align:left; padding-top:10px;font-weight: bold;\">\n    <\/div>\n    <div style=\"text-align:left;\">\n      <input style=\"text-align:left; margin:0; width:99%; max-width:520px;\" type=\"text\" id=\"fscf_field2_24\" name=\"B2\" value=\"\"  \/>\n    <\/div>\n  <\/div>\n  <div id=\"fscf_div_follow2_25\" style=\"float:left; padding-left:10px; width:99%; max-width:250px;\">\n    <div  id=\"fscf_label2_25\" style=\"text-align:left; padding-top:10px;font-weight: bold;\">\n    <\/div>\n    <div style=\"text-align:left;\">\n      <input style=\"text-align:left; margin:0; width:99%; max-width:520px;\" type=\"text\" id=\"fscf_field2_25\" name=\"A2\" value=\"\"  \/>\n    <\/div>\n  <\/div>\n<\/div>\n\n<div id=\"fscf_div_clear2_26\" style=\"clear:both;\">\n  <div id=\"fscf_div_field2_26\" style=\"clear:left; float:left; width:99%; max-width:250px; margin-right:10px;\">\n    <div  id=\"fscf_label2_26\" style=\"text-align:left; padding-top:10px;font-weight: bold;\">\n    <\/div>\n    <div style=\"text-align:left;\">\n      <input style=\"text-align:left; margin:0; width:99%; max-width:520px;\" type=\"text\" id=\"fscf_field2_26\" name=\"B3\" value=\"\"  \/>\n    <\/div>\n  <\/div>\n  <div id=\"fscf_div_follow2_27\" style=\"float:left; padding-left:10px; width:99%; max-width:250px;\">\n    <div  id=\"fscf_label2_27\" style=\"text-align:left; padding-top:10px;font-weight: bold;\">\n    <\/div>\n    <div style=\"text-align:left;\">\n      <input style=\"text-align:left; margin:0; width:99%; max-width:520px;\" type=\"text\" id=\"fscf_field2_27\" name=\"A3\" value=\"\"  \/>\n    <\/div>\n  <\/div>\n<\/div>\n\n<div id=\"fscf_div_clear2_28\" style=\"clear:both;\">\n  <div id=\"fscf_div_field2_28\" style=\"clear:left; float:left; width:99%; max-width:250px; margin-right:10px;\">\n    <div  id=\"fscf_label2_28\" style=\"text-align:left; padding-top:10px;font-weight: bold;\">\n    <\/div>\n    <div style=\"text-align:left;\">\n      <input style=\"text-align:left; margin:0; width:99%; max-width:520px;\" type=\"text\" id=\"fscf_field2_28\" name=\"B4\" value=\"\"  \/>\n    <\/div>\n  <\/div>\n  <div id=\"fscf_div_follow2_29\" style=\"float:left; padding-left:10px; width:99%; max-width:250px;\">\n    <div  id=\"fscf_label2_29\" style=\"text-align:left; padding-top:10px;font-weight: bold;\">\n    <\/div>\n    <div style=\"text-align:left;\">\n      <input style=\"text-align:left; margin:0; width:99%; max-width:520px;\" type=\"text\" id=\"fscf_field2_29\" name=\"A4\" value=\"\"  \/>\n    <\/div>\n  <\/div>\n<\/div>\n\n<div id=\"fscf_div_clear2_30\" style=\"clear:both;\">\n  <div id=\"fscf_div_field2_30\" style=\"clear:left; float:left; width:99%; max-width:250px; margin-right:10px;\">\n    <div  id=\"fscf_label2_30\" style=\"text-align:left; padding-top:10px;font-weight: bold;\">\n    <\/div>\n    <div style=\"text-align:left;\">\n      <input style=\"text-align:left; margin:0; width:99%; max-width:520px;\" type=\"text\" id=\"fscf_field2_30\" name=\"B5\" value=\"\"  \/>\n    <\/div>\n  <\/div>\n  <div id=\"fscf_div_follow2_31\" style=\"float:left; padding-left:10px; width:99%; max-width:250px;\">\n    <div  id=\"fscf_label2_31\" style=\"text-align:left; padding-top:10px;font-weight: bold;\">\n    <\/div>\n    <div style=\"text-align:left;\">\n      <input style=\"text-align:left; margin:0; width:99%; max-width:520px;\" type=\"text\" id=\"fscf_field2_31\" name=\"A5\" value=\"\"  \/>\n    <\/div>\n  <\/div>\n<\/div>\n\n<div id=\"fscf_div_clear2_32\" style=\"clear:both;\">\n  <div id=\"fscf_div_field2_32\" style=\"clear:left; float:left; width:99%; max-width:550px; margin-right:10px;\">\n    <div  id=\"fscf_label2_32\" style=\"text-align:left; padding-top:10px;font-weight: bold;\">\r\n      <label style=\"display:inline;\" for=\"fscf_field2_32\">Commentaire<\/label>\n    <\/div>\n    <div style=\"text-align:left;\">\n      <textarea style=\"text-align:left; margin:0; width:99%; max-width:520px; height:60px;\" id=\"fscf_field2_32\" name=\"COMMENTAAR\" cols=\"30\" rows=\"10\" ><\/textarea>\n    <\/div>\n  <\/div>\n<\/div>\n\n<div id=\"fscf_div_clear2_33\" style=\"clear:both;\">\n  <div id=\"fscf_div_field2_33\" style=\"clear:left; float:left; width:99%; max-width:550px; margin-right:10px;\">\n    <div  id=\"fscf_label2_33\" style=\"text-align:left; padding-top:10px;font-weight: bold;\">\r\n      <label style=\"display:inline;\" for=\"fscf_field2_33\">Annexes (photos)<\/label>\n    <\/div>\n    <div style=\"text-align:left;\">\n      <input style=\"text-align:left; margin:0; width:99%; max-width:520px;\" type=\"file\" id=\"fscf_field2_33\" name=\"Annexes\"  size=\"20\" \/><br \/>\n      <span id=\"fscf_hint_file_types2_33\" style=\"font-size:x-small; font-weight:normal;\">Fichiers accept\u00e9s:doc,docx,pdf,txt,gif,jpg,jpeg,png.<br \/>Taille maxi du fichier: 1mb.<\/span>\n    <\/div>\n  <\/div>\n<\/div>\r\n<div style=\"clear:both;\"><\/div>\n\n<div style=\"text-align:left; padding-top:10px;font-weight: bold;\">\n<\/div>\n<div id=\"fscf_captcha_image_div2\" style=\"width:250px; height:65px; padding-top:2px;\">\n      <img loading=\"lazy\" decoding=\"async\" id=\"fscf_captcha_image2\" style=\"border-style:none; margin:0; padding:0px; padding-right:5px; float:left;\" src=\"https:\/\/old.ventinella.com\/wp-content\/plugins\/si-contact-form\/captcha\/securimage_show.php?prefix=aefd2M76hZsbiCxF\" width=\"175\" height=\"60\" alt=\"Code Anti-spam\" title=\"Code Anti-spam\" \/>\n      <input id=\"fscf_captcha_prefix2\" type=\"hidden\" name=\"fscf_captcha_prefix2\" value=\"aefd2M76hZsbiCxF\" \/>\n     <div id=\"fscf_captcha_refresh2\">\n        <a href=\"#\" rel=\"nofollow\" title=\"A nouveau\" onclick=\"fscf_captcha_refresh('2','\/wp-content\/plugins\/si-contact-form\/captcha','https:\/\/old.ventinella.com\/wp-content\/plugins\/si-contact-form\/captcha\/securimage_show.php?prefix='); return false;\">\n        <img loading=\"lazy\" decoding=\"async\" src=\"https:\/\/old.ventinella.com\/wp-content\/plugins\/si-contact-form\/captcha\/images\/refresh.png\" width=\"22\" height=\"20\" alt=\"A nouveau\" style=\"border-style:none; margin:0; padding:0px; vertical-align:bottom;\" onclick=\"this.blur();\" \/><\/a>\r\n     <\/div>\r\n<\/div>\r\n\r\n<div id=\"fscf_captcha_field2\" style=\"text-align:left; padding-top:10px;font-weight: bold;\">\r\n     <label style=\"display:inline;\" for=\"fscf_captcha_code2\">Code CAPTCHA<span style=\"text-align:left;\">*<\/span><\/label>\r\n<\/div>\r\n<div style=\"text-align:left;\">\n     <input style=\"text-align:left; margin:0; width:50px;\" type=\"text\" value=\"\" autocomplete=\"off\" id=\"fscf_captcha_code2\" name=\"captcha_code\"  \/>\n<\/div>\n\n<div id=\"fscf_submit_div2\" style=\"text-align:left; clear:both; padding-top:15px;\">\r\n\t\t<input type=\"submit\" id=\"fscf_submit2\" style=\"cursor:pointer; margin:0;\" value=\"Envoyer\"  onclick=\"this.disabled=true; this.value='Envoyer'; this.form.submit();\" \/> <input type=\"reset\" id=\"fscf_reset2\" style=\"cursor:pointer; margin:0;\" value=\"Reseter\" onclick=\"return confirm('Voulez-vous vraiment effacer le formulaire?')\" \/>\n<\/div>\n<\/fieldset>\n\n<input type=\"hidden\" name=\"fscf_submitted\" value=\"0\" \/>\n<input type=\"hidden\" name=\"fs_postonce_2\" value=\"f1006f9decc10fefa051f1c022221e6b,1775929043\" \/>\n<input type=\"hidden\" name=\"si_contact_action\" value=\"send\" \/>\n<input type=\"hidden\" name=\"form_id\" value=\"2\" \/>\n<input type=\"hidden\" name=\"mailto_id\" value=\"1\" \/>\n\n<\/form>\n<\/div>\r\n<div style=\"clear:both;\"><\/div>\n\r\n<style type=\"text\/css\">\r\n\r\n\/* Placeholder Style - WebKit browsers - Safari, Chrome *\/\r\n::-webkit-input-placeholder { opacity:0.6; color:#333333; }\r\n\r\n\/* Placeholder Style - Mozilla Firefox 4 - 18 *\/\r\n:-moz-placeholder { opacity:0.6; color:#333333; }\r\n\r\n\/* Placeholder Style - Mozilla Firefox 19+ *\/\r\n::-moz-placeholder { opacity:0.6; color:#333333; }\r\n\r\n\/* Placeholder Style - Internet Explorer 10+ *\/\r\n:-ms-input-placeholder { opacity:0.6; color:#333333; }\r\n\r\n<\/style>\r\n\n<!-- Fast Secure Contact Form plugin 4.0.52 - end - FastSecureContactForm.com -->\n\n","protected":false},"excerpt":{"rendered":"<p>&nbsp; Devis en 48 heures sans engagement &nbsp; Les champs avec un \u00ab\u00a0*\u00a0\u00bb sont requis.&nbsp;Nous r\u00e9pondons \u00e0 votre demande end\u00e9ans les 48 heures. &nbsp; &nbsp;<\/p>\n","protected":false},"author":2,"featured_media":0,"parent":0,"menu_order":0,"comment_status":"closed","ping_status":"closed","template":"","meta":{"ngg_post_thumbnail":0,"footnotes":""},"class_list":["post-3095","page","type-page","status-publish","hentry"],"_links":{"self":[{"href":"https:\/\/old.ventinella.com\/fr\/wp-json\/wp\/v2\/pages\/3095\/"}],"collection":[{"href":"https:\/\/old.ventinella.com\/fr\/wp-json\/wp\/v2\/pages\/"}],"about":[{"href":"https:\/\/old.ventinella.com\/fr\/wp-json\/wp\/v2\/types\/page\/"}],"author":[{"embeddable":true,"href":"https:\/\/old.ventinella.com\/fr\/wp-json\/wp\/v2\/users\/2\/"}],"replies":[{"embeddable":true,"href":"https:\/\/old.ventinella.com\/fr\/wp-json\/wp\/v2\/comments\/?post=3095"}],"version-history":[{"count":2,"href":"https:\/\/old.ventinella.com\/fr\/wp-json\/wp\/v2\/pages\/3095\/revisions\/"}],"predecessor-version":[{"id":6281,"href":"https:\/\/old.ventinella.com\/fr\/wp-json\/wp\/v2\/pages\/3095\/revisions\/6281\/"}],"wp:attachment":[{"href":"https:\/\/old.ventinella.com\/fr\/wp-json\/wp\/v2\/media\/?parent=3095"}],"curies":[{"name":"wp","href":"https:\/\/api.w.org\/{rel}","templated":true}]}}