{"id":3120,"date":"2017-08-22T18:10:18","date_gmt":"2017-08-22T16:10:18","guid":{"rendered":"http:\/\/www.ventinella.com\/?page_id=3120"},"modified":"2025-10-09T14:24:52","modified_gmt":"2025-10-09T12:24:52","slug":"bienvenue","status":"publish","type":"page","link":"https:\/\/old.ventinella.com\/fr\/bienvenue\/","title":{"rendered":"ACCUEIL"},"content":{"rendered":"<h1>&nbsp;<\/h1>\n<h1 style=\"text-align: center;\"><strong>Ventinella fabrique des volets battants<\/strong><\/h1>\n<p>&nbsp;<\/p>\n<h2 style=\"text-align: center;\"><strong><a href=\"http:\/\/www.ventinella.com\/fr\/contact-fr\/\">Demander un devis? C&rsquo;est facile, rapide et sans<\/a><\/strong><a href=\"http:\/\/www.ventinella.com\/fr\/contact-fr\/\"> engagement.<\/a><\/h2>\n<p>&nbsp;<\/p>\n<p><strong>Depuis 1972<\/strong>, Ventinella fabrique des volets battants de qualit\u00e9. Notre large gamme de mat\u00e9riaux, de mod\u00e8les, de coloris et d&rsquo;accessoires &nbsp;permet d&rsquo;accorder parfaitement nos volets \u00e0 chaque style d&rsquo;habitation. Vous achetez \u00e0 prix usine et vous poserez sans probl\u00e8me.<\/p>\n<p>&nbsp;<\/p>\n<p>&nbsp;<\/p>\n<h2 style=\"text-align: center;\"><strong><a href=\"http:\/\/www.ventinella.com\/fr\/modeles-2\/\">Gamme compl\u00e8te de mod\u00e8les en PVC, Alu et Bois<\/a> &nbsp; &nbsp; &nbsp;<\/strong><\/h2>\n<h1 style=\"text-align: right;\"><strong>&nbsp; &nbsp; &nbsp; &nbsp; &nbsp; &nbsp; &nbsp; &nbsp; &nbsp; &nbsp; &nbsp; &nbsp; &nbsp;<\/strong><\/h1>\n<p><div class='content-column two_third'><strong>PVC: Le meilleur rapport qualit\u00e9\/prix.&nbsp;<\/strong>&nbsp;Demande&nbsp;peu d&rsquo;entretien. Le PVC est un bon isolant thermique et acoustique. Les volets \u00e0 cadre thermosoud\u00e9s et renforc\u00e9s sont solides et rigides. Le plaxage les rend durables et r\u00e9sistants UV. Id\u00e9al dans les r\u00e9gions littorales.<\/p>\n<p>&nbsp;<\/p>\n<p>&nbsp;<\/p>\n<p><strong>ALU: R\u00e9sistant \u00e0 l&rsquo;effraction. <\/strong>Permet de fabriquer des volets de grande dimension. Moins isolant que le PVC. L&rsquo;Alu ne se dilate pas sous l&rsquo;effet de la chaleur et est tr\u00e8s durable sauf en bord de mer.<\/p>\n<p>&nbsp;<\/p>\n<p>&nbsp;<\/p>\n<p><strong>BOIS: Un mat\u00e9riau noble et \u00e9l\u00e9gant<\/strong>. Demande un entretien r\u00e9gulier. La durabilit\u00e9 du bois d\u00e9pend du type de bois (Pin&lt;Ch\u00eane&lt;M\u00e9ranti) et des traitements subis. Le bois de qualit\u00e9 est cher.<\/div><div class='content-column one_third last_column'><p><img loading=\"lazy\" decoding=\"async\" class=\"alignright wp-image-3150 size-medium\" src=\"http:\/\/www.ventinella.com\/wp-content\/uploads\/2017\/08\/2-1-300x225.jpg\" alt=\"\" width=\"300\" height=\"225\" srcset=\"https:\/\/old.ventinella.com\/wp-content\/uploads\/2017\/08\/2-1-300x225.jpg 300w, https:\/\/old.ventinella.com\/wp-content\/uploads\/2017\/08\/2-1-150x113.jpg 150w, https:\/\/old.ventinella.com\/wp-content\/uploads\/2017\/08\/2-1.jpg 460w\" sizes=\"auto, (max-width: 300px) 100vw, 300px\" \/><span style=\"font-weight: 300;\"><\/div><div class='clear_column'><\/div><\/span><\/p>\n<h1>&nbsp;<\/h1>\n<h2 style=\"text-align: center;\"><strong><a href=\"http:\/\/www.ventinella.com\/fr\/couleurs-3\/\">Large choix de coloris et d\u00e9cors bois<\/a>&nbsp;<\/strong><\/h2>\n<h2>&nbsp;<\/h2>\n<div class='content-column two_third'><strong>PVC:<\/strong>&nbsp;Choix entre 125 d\u00e9cors vein\u00e9s qui imitent l&rsquo;aspect du bois naturel ou bois peint. Les films de plaxage sont garantis en tenue de couleur. Volets bicolores sans suppl\u00e9m\u00e9nt. \u00c9chantillons gratuits.<\/p>\n<p>&nbsp;<\/p>\n<p>&nbsp;<\/p>\n<p>&nbsp;<\/p>\n<p><strong>ALU:<\/strong>&nbsp;Palette compl\u00e8te des teintes RAL en thermolaquage et 8 d\u00e9cors bois lisses.<\/p>\n<p>&nbsp;<\/p>\n<p>&nbsp;<\/p>\n<p>&nbsp;<\/p>\n<p><strong>BOIS:<\/strong>&nbsp;Traitements insecticides, fongicides et hydrofuges. Palette compl\u00e8te des teintes RAL.<\/div>\n<div class='content-column one_third last_column'><a href=\"http:\/\/www.ventinella.com\/fr\/couleurs-3\/\"><img loading=\"lazy\" decoding=\"async\" class=\"alignright wp-image-3390 size-medium\" src=\"http:\/\/www.ventinella.com\/wp-content\/uploads\/2017\/08\/8L14-300x225.jpg\" alt=\"\" width=\"300\" height=\"225\" srcset=\"https:\/\/old.ventinella.com\/wp-content\/uploads\/2017\/08\/8L14-300x225.jpg 300w, https:\/\/old.ventinella.com\/wp-content\/uploads\/2017\/08\/8L14-150x113.jpg 150w, https:\/\/old.ventinella.com\/wp-content\/uploads\/2017\/08\/8L14.jpg 460w\" sizes=\"auto, (max-width: 300px) 100vw, 300px\" \/><\/a><\/div><div class='clear_column'><\/div>\n<h1>&nbsp;<\/h1>\n<h2 style=\"text-align: center;\"><strong><a href=\"http:\/\/www.ventinella.com\/fr\/une-finition-soignee\/\">Une finition soign\u00e9e et &nbsp;robuste au prix d&rsquo;usine<\/a>&nbsp;<\/strong><\/h2>\n<p>&nbsp;<\/p>\n<p><div class='content-column two_third'>Ventinella dispose de sa propre gamme de profil\u00e9s.<\/p>\n<p>&nbsp;<\/p>\n<p>Nous n&#8217;employons ni parcloses, ni profil\u00e9s auxiliaires.<\/p>\n<h2>Ainsi, l&rsquo;apport &nbsp;en composants est r\u00e9duit de 30% pour <a href=\"http:\/\/www.ventinella.com\/fr\/une-finition-soignee\/\"><strong>une finition plus soign\u00e9e<\/strong><\/a> et plus robuste&nbsp;\u00e0 prix r\u00e9duit.<\/h2>\n<p>&nbsp;<\/p>\n<p>&nbsp;<\/p>\n<h2>&nbsp;Sp\u00e9cialit\u00e9: La <strong><a href=\"http:\/\/www.ventinella.com\/fr\/jonction-angle-droit\/\">jonction \u00e0 angle droit<\/a><\/strong> &nbsp;comme un volet en bois.<\/h2>\n<p>&nbsp;<\/p>\n<p>&nbsp;<\/p>\n<h2><strong><a href=\"http:\/\/www.ventinella.com\/fr\/fabrication-sur-mesure\/\">Tous nos volets sont fabriqu\u00e9s sur mesure<\/a><\/strong>.<\/h2><\/div><div class='content-column one_third last_column'><a href=\"http:\/\/www.ventinella.com\/fr\/jonction-angle-droit\/\"><img loading=\"lazy\" decoding=\"async\" class=\"alignright wp-image-3610 size-medium\" src=\"http:\/\/www.ventinella.com\/wp-content\/uploads\/2017\/09\/HVL19-300x224.jpg\" alt=\"\" width=\"300\" height=\"224\" srcset=\"https:\/\/old.ventinella.com\/wp-content\/uploads\/2017\/09\/HVL19-300x224.jpg 300w, https:\/\/old.ventinella.com\/wp-content\/uploads\/2017\/09\/HVL19-150x112.jpg 150w, https:\/\/old.ventinella.com\/wp-content\/uploads\/2017\/09\/HVL19.jpg 460w\" sizes=\"auto, (max-width: 300px) 100vw, 300px\" \/><\/a><\/div><div class='clear_column'><\/div>&nbsp;<\/p>\n<h1>&nbsp;<\/h1>\n<h2 style=\"text-align: center;\"><strong><a href=\"http:\/\/www.ventinella.com\/fr\/la-pose\/\">Facilit\u00e9 de pose<\/a>&nbsp;&nbsp;<\/strong><\/h2>\n<p>&nbsp;<\/p>\n<div id=\"attachment_3323\" style=\"width: 256px\" class=\"wp-caption alignright\"><a href=\"https:\/\/www.youtube.com\/watch?v=zf6kNJLJqC0&amp;t=3s\" data-rel=\"lightbox-video-0\"><img loading=\"lazy\" decoding=\"async\" aria-describedby=\"caption-attachment-3323\" class=\"wp-image-3323 size-full\" src=\"http:\/\/www.ventinella.com\/wp-content\/uploads\/2017\/08\/FILM-DE-POSE.jpg\" alt=\"\" width=\"246\" height=\"138\" srcset=\"https:\/\/old.ventinella.com\/wp-content\/uploads\/2017\/08\/FILM-DE-POSE.jpg 246w, https:\/\/old.ventinella.com\/wp-content\/uploads\/2017\/08\/FILM-DE-POSE-150x84.jpg 150w\" sizes=\"auto, (max-width: 246px) 100vw, 246px\" \/><\/a><p id=\"caption-attachment-3323\" class=\"wp-caption-text\">Film d&rsquo;instruction de pose<\/p><\/div>\n<p><div class='content-column two_third'>Les <strong>pentures r\u00e9glables<\/strong>&nbsp;sont pr\u00e9mont\u00e9es en usine.<\/p>\n<p>Elles vous permettent d&rsquo;ajuster, en hauteur et en largeur, l&rsquo;\u00e9querrage de vos volets apr\u00e8s la pose.<\/p>\n<p>En r\u00e9novation, <strong>votre pose se limite &nbsp;\u00e0 accrocher les volets sur vos gonds existants<\/strong>.<\/p>\n<p>En pose \u00e0 neuf, les gonds \u00e0 platine vous permettent de percer droit sur le mur, sans risque d&rsquo;\u00e9clatement de la pierre sur le chant.<\/p>\n<p>Nous vous accompagnons pendant tout le processus de commande, afin de vous garantir une pose sans soucis.&nbsp;<\/p>\n<p><strong>Ventinella est au service du poseur PRO et particulier.<\/div><div class='content-column one_third last_column'><\/div><div class='clear_column'><\/div><\/strong>&nbsp;<a href=\"http:\/\/www.ventinella.com\/fr\/photos-realisations\/\"><strong>Regardez quelques r\u00e9alisations de nos clients<\/strong><\/a><\/p>\n<h1>&nbsp;<\/h1>\n<h2 style=\"text-align: center;\"><strong><a href=\"http:\/\/www.ventinella.com\/fr\/contact-fr\/\">Demander un devis<\/a><\/strong><\/h2>\n<p>&nbsp;<\/p>\n<p><div class='content-column two_third'><\/div>Nous r\u00e9pondons \u00e0 <a href=\"http:\/\/www.ventinella.com\/fr\/contact-fr\/\"><strong>votre demande<\/strong><\/a>&nbsp; avec un devis personnalis\u00e9, sans engagement aucun de votre part.<\/p>\n<p>&nbsp;<\/p>\n<p>Vous pouvez nous joindre par mail \u00e0 info<strong>@ventinella.com ou <\/strong>par t\u00e9l\u00e9phone au <strong> +32(0)483 367 612.<\/strong><\/p>\n<p>Cordialement,<\/p>\n<p>Les g\u00e9rants,<\/p>\n<p>&nbsp;<\/p>\n<p>Cath\u00e9rine Baert et Hannes Vandamme<\/p>\n<p style=\"text-align: left;\"><img loading=\"lazy\" decoding=\"async\" class=\"size-medium wp-image-6400 alignleft\" src=\"https:\/\/www.ventinella.com\/wp-content\/uploads\/2025\/01\/2022_0729_23070500-247x300.jpg\" alt=\"\" width=\"247\" height=\"300\" srcset=\"https:\/\/old.ventinella.com\/wp-content\/uploads\/2025\/01\/2022_0729_23070500-247x300.jpg 247w, https:\/\/old.ventinella.com\/wp-content\/uploads\/2025\/01\/2022_0729_23070500-123x150.jpg 123w, https:\/\/old.ventinella.com\/wp-content\/uploads\/2025\/01\/2022_0729_23070500.jpg 679w\" sizes=\"auto, (max-width: 247px) 100vw, 247px\" \/><img loading=\"lazy\" decoding=\"async\" class=\"size-medium wp-image-6404 alignnone\" src=\"https:\/\/www.ventinella.com\/wp-content\/uploads\/2025\/01\/2022_0812_04142400-300x279.jpg\" alt=\"\" width=\"300\" height=\"279\" srcset=\"https:\/\/old.ventinella.com\/wp-content\/uploads\/2025\/01\/2022_0812_04142400-300x279.jpg 300w, https:\/\/old.ventinella.com\/wp-content\/uploads\/2025\/01\/2022_0812_04142400-150x139.jpg 150w, https:\/\/old.ventinella.com\/wp-content\/uploads\/2025\/01\/2022_0812_04142400-768x714.jpg 768w, https:\/\/old.ventinella.com\/wp-content\/uploads\/2025\/01\/2022_0812_04142400.jpg 854w\" sizes=\"auto, (max-width: 300px) 100vw, 300px\" \/><\/p>\n","protected":false},"excerpt":{"rendered":"<p>&nbsp; Ventinella fabrique des volets battants &nbsp; Demander un devis? C&rsquo;est facile, rapide et sans engagement. &nbsp; Depuis 1972, Ventinella fabrique des volets battants de qualit\u00e9. Notre large gamme de mat\u00e9riaux, de mod\u00e8les, de coloris et d&rsquo;accessoires &nbsp;permet d&rsquo;accorder parfaitement [&hellip;]<\/p>\n","protected":false},"author":2,"featured_media":0,"parent":0,"menu_order":0,"comment_status":"closed","ping_status":"closed","template":"tpl_sliderPagina.php","meta":{"ngg_post_thumbnail":0,"footnotes":""},"class_list":["post-3120","page","type-page","status-publish","hentry"],"_links":{"self":[{"href":"https:\/\/old.ventinella.com\/fr\/wp-json\/wp\/v2\/pages\/3120\/"}],"collection":[{"href":"https:\/\/old.ventinella.com\/fr\/wp-json\/wp\/v2\/pages\/"}],"about":[{"href":"https:\/\/old.ventinella.com\/fr\/wp-json\/wp\/v2\/types\/page\/"}],"author":[{"embeddable":true,"href":"https:\/\/old.ventinella.com\/fr\/wp-json\/wp\/v2\/users\/2\/"}],"replies":[{"embeddable":true,"href":"https:\/\/old.ventinella.com\/fr\/wp-json\/wp\/v2\/comments\/?post=3120"}],"version-history":[{"count":19,"href":"https:\/\/old.ventinella.com\/fr\/wp-json\/wp\/v2\/pages\/3120\/revisions\/"}],"predecessor-version":[{"id":6430,"href":"https:\/\/old.ventinella.com\/fr\/wp-json\/wp\/v2\/pages\/3120\/revisions\/6430\/"}],"wp:attachment":[{"href":"https:\/\/old.ventinella.com\/fr\/wp-json\/wp\/v2\/media\/?parent=3120"}],"curies":[{"name":"wp","href":"https:\/\/api.w.org\/{rel}","templated":true}]}}