{"id":3218,"date":"2017-08-23T15:03:02","date_gmt":"2017-08-23T13:03:02","guid":{"rendered":"http:\/\/www.ventinella.com\/?page_id=3218"},"modified":"2025-01-15T14:44:31","modified_gmt":"2025-01-15T13:44:31","slug":"modeles-2","status":"publish","type":"page","link":"https:\/\/old.ventinella.com\/fr\/modeles-2\/","title":{"rendered":"MOD\u00c8LES"},"content":{"rendered":"<h1>&nbsp;<\/h1>\n<h1 style=\"text-align: center;\">Gamme compl\u00e8te en Pvc, Alu et Bois<\/h1>\n<p>&nbsp;<\/p>\n<h2 style=\"text-align: center;\"><strong><a href=\"http:\/\/www.ventinella.com\/fr\/contact-fr\/\">Demander un devis ? C&rsquo;est facile, rapide et sans engagement.<\/a><\/strong><\/h2>\n<p>&nbsp;<\/p>\n<h2 style=\"text-align: center;\"><strong><a href=\"http:\/\/www.ventinella.com\/fr\/modele1\/\">Mod\u00e8le 1: Lames ouvertes \u00e0 l&rsquo;Am\u00e9ricaine<\/a><\/strong><\/h2>\n<p>&nbsp;<\/p>\n<div class='content-column one_third'><div style=\"padding-right:60px;padding-left:60px;\"><ul>\n<li><a href=\"http:\/\/www.ventinella.com\/wp-content\/uploads\/2017\/08\/FICHE-TECHNIQUE-PVC-MOD1.pdf\">Fiche technique PVC<\/a><\/div><\/div><\/li>\n<\/ul>\n<div class='content-column one_third'><div style=\"padding-right:60px;padding-left:60px;\"><ul>\n<li><a href=\"http:\/\/www.ventinella.com\/wp-content\/uploads\/2017\/08\/FICHE-TECHNIQUE-ALU-MOD1.pdf\">Fiche technique ALU<\/a><\/div><\/div><\/li>\n<\/ul>\n<div class='content-column one_third last_column'><div style=\"padding-right:60px;padding-left:60px;\"><ul>\n<li>FT sur demande<\/div><\/div><div class='clear_column'><\/div><\/li>\n<\/ul>\n<p>&nbsp;<\/p>\n\n\t\t<style type=\"text\/css\">\n\t\t\t#gallery-1 {\n\t\t\t\tmargin: auto;\n\t\t\t}\n\t\t\t#gallery-1 .gallery-item {\n\t\t\t\tfloat: left;\n\t\t\t\tmargin-top: 10px;\n\t\t\t\ttext-align: center;\n\t\t\t\twidth: 33%;\n\t\t\t}\n\t\t\t#gallery-1 img {\n\t\t\t\tborder: 2px solid #cfcfcf;\n\t\t\t}\n\t\t\t#gallery-1 .gallery-caption {\n\t\t\t\tmargin-left: 0;\n\t\t\t}\n\t\t\t\/* see gallery_shortcode() in wp-includes\/media.php *\/\n\t\t<\/style>\n\t\t<div id='gallery-1' class='gallery galleryid-3218 gallery-columns-3 gallery-size-medium'><dl class='gallery-item'>\n\t\t\t<dt class='gallery-icon portrait'>\n\t\t\t\t<img loading=\"lazy\" decoding=\"async\" width=\"225\" height=\"300\" src=\"https:\/\/old.ventinella.com\/wp-content\/uploads\/2017\/08\/1-225x300.jpg\" class=\"attachment-medium size-medium\" alt=\"\" srcset=\"https:\/\/old.ventinella.com\/wp-content\/uploads\/2017\/08\/1-225x300.jpg 225w, https:\/\/old.ventinella.com\/wp-content\/uploads\/2017\/08\/1-113x150.jpg 113w, https:\/\/old.ventinella.com\/wp-content\/uploads\/2017\/08\/1.jpg 340w\" sizes=\"auto, (max-width: 225px) 100vw, 225px\" \/>\n\t\t\t<\/dt><\/dl><dl class='gallery-item'>\n\t\t\t<dt class='gallery-icon portrait'>\n\t\t\t\t<img loading=\"lazy\" decoding=\"async\" width=\"225\" height=\"300\" src=\"https:\/\/old.ventinella.com\/wp-content\/uploads\/2017\/08\/2-225x300.jpg\" class=\"attachment-medium size-medium\" alt=\"\" srcset=\"https:\/\/old.ventinella.com\/wp-content\/uploads\/2017\/08\/2-225x300.jpg 225w, https:\/\/old.ventinella.com\/wp-content\/uploads\/2017\/08\/2-113x150.jpg 113w, https:\/\/old.ventinella.com\/wp-content\/uploads\/2017\/08\/2.jpg 345w\" sizes=\"auto, (max-width: 225px) 100vw, 225px\" \/>\n\t\t\t<\/dt><\/dl><dl class='gallery-item'>\n\t\t\t<dt class='gallery-icon portrait'>\n\t\t\t\t<img loading=\"lazy\" decoding=\"async\" width=\"225\" height=\"300\" src=\"https:\/\/old.ventinella.com\/wp-content\/uploads\/2017\/08\/1D13-225x300.jpg\" class=\"attachment-medium size-medium\" alt=\"\" srcset=\"https:\/\/old.ventinella.com\/wp-content\/uploads\/2017\/08\/1D13-225x300.jpg 225w, https:\/\/old.ventinella.com\/wp-content\/uploads\/2017\/08\/1D13-113x150.jpg 113w, https:\/\/old.ventinella.com\/wp-content\/uploads\/2017\/08\/1D13.jpg 340w\" sizes=\"auto, (max-width: 225px) 100vw, 225px\" \/>\n\t\t\t<\/dt><\/dl><br style=\"clear: both\" \/>\n\t\t<\/div>\n\n<h1>&nbsp;<\/h1>\n<h2 style=\"text-align: center;\"><strong><a href=\"http:\/\/www.ventinella.com\/fr\/modele2\/\">Mod\u00e8le 2: Lames \u00e0 chevrons<\/a><\/strong><\/h2>\n<h2>&nbsp;<\/h2>\n<div class='content-column one_third'><div style=\"padding-right:60px;padding-left:60px;\"><ul>\n<li><a href=\"http:\/\/www.ventinella.com\/wp-content\/uploads\/2017\/08\/FICHE-TECHNIQUE-PVC-MOD2.pdf\">Fiche technique PVC<\/a><\/div><\/div><\/li>\n<\/ul>\n<div class='content-column one_third'><div style=\"padding-right:60px;padding-left:60px;\"><ul>\n<li><a href=\"http:\/\/www.ventinella.com\/wp-content\/uploads\/2017\/08\/FICHE-TECHNIQUE-ALU-MOD2.pdf\">Fiche technique ALU<\/a><\/div><\/div><\/li>\n<\/ul>\n<div class='content-column one_third last_column'><div style=\"padding-right:60px;padding-left:60px;\"><ul>\n<li>FT sur demande<\/div><\/div><div class='clear_column'><\/div><\/li>\n<\/ul>\n<p>&nbsp;<\/p>\n\n\t\t<style type=\"text\/css\">\n\t\t\t#gallery-2 {\n\t\t\t\tmargin: auto;\n\t\t\t}\n\t\t\t#gallery-2 .gallery-item {\n\t\t\t\tfloat: left;\n\t\t\t\tmargin-top: 10px;\n\t\t\t\ttext-align: center;\n\t\t\t\twidth: 33%;\n\t\t\t}\n\t\t\t#gallery-2 img {\n\t\t\t\tborder: 2px solid #cfcfcf;\n\t\t\t}\n\t\t\t#gallery-2 .gallery-caption {\n\t\t\t\tmargin-left: 0;\n\t\t\t}\n\t\t\t\/* see gallery_shortcode() in wp-includes\/media.php *\/\n\t\t<\/style>\n\t\t<div id='gallery-2' class='gallery galleryid-3218 gallery-columns-3 gallery-size-medium'><dl class='gallery-item'>\n\t\t\t<dt class='gallery-icon portrait'>\n\t\t\t\t<img loading=\"lazy\" decoding=\"async\" width=\"225\" height=\"300\" src=\"https:\/\/old.ventinella.com\/wp-content\/uploads\/2017\/08\/2D2-225x300.jpg\" class=\"attachment-medium size-medium\" alt=\"\" srcset=\"https:\/\/old.ventinella.com\/wp-content\/uploads\/2017\/08\/2D2-225x300.jpg 225w, https:\/\/old.ventinella.com\/wp-content\/uploads\/2017\/08\/2D2-113x150.jpg 113w, https:\/\/old.ventinella.com\/wp-content\/uploads\/2017\/08\/2D2.jpg 345w\" sizes=\"auto, (max-width: 225px) 100vw, 225px\" \/>\n\t\t\t<\/dt><\/dl><dl class='gallery-item'>\n\t\t\t<dt class='gallery-icon portrait'>\n\t\t\t\t<img loading=\"lazy\" decoding=\"async\" width=\"225\" height=\"300\" src=\"https:\/\/old.ventinella.com\/wp-content\/uploads\/2017\/08\/2L27-225x300.jpg\" class=\"attachment-medium size-medium\" alt=\"\" srcset=\"https:\/\/old.ventinella.com\/wp-content\/uploads\/2017\/08\/2L27-225x300.jpg 225w, https:\/\/old.ventinella.com\/wp-content\/uploads\/2017\/08\/2L27-113x150.jpg 113w, https:\/\/old.ventinella.com\/wp-content\/uploads\/2017\/08\/2L27.jpg 345w\" sizes=\"auto, (max-width: 225px) 100vw, 225px\" \/>\n\t\t\t<\/dt><\/dl><dl class='gallery-item'>\n\t\t\t<dt class='gallery-icon portrait'>\n\t\t\t\t<img loading=\"lazy\" decoding=\"async\" width=\"225\" height=\"300\" src=\"https:\/\/old.ventinella.com\/wp-content\/uploads\/2017\/08\/2D8-225x300.jpg\" class=\"attachment-medium size-medium\" alt=\"\" srcset=\"https:\/\/old.ventinella.com\/wp-content\/uploads\/2017\/08\/2D8-225x300.jpg 225w, https:\/\/old.ventinella.com\/wp-content\/uploads\/2017\/08\/2D8-113x150.jpg 113w, https:\/\/old.ventinella.com\/wp-content\/uploads\/2017\/08\/2D8.jpg 340w\" sizes=\"auto, (max-width: 225px) 100vw, 225px\" \/>\n\t\t\t<\/dt><\/dl><br style=\"clear: both\" \/>\n\t\t<\/div>\n\n<h1>&nbsp;<\/h1>\n<h2 style=\"text-align: center;\"><strong><a href=\"http:\/\/www.ventinella.com\/fr\/modele3\/\">Mod\u00e8le 3: Planchettes \u00e0 la verticale ou horizontale<\/a><\/strong><\/h2>\n<h2>&nbsp;<\/h2>\n<div class='content-column one_third'><div style=\"padding-right:60px;padding-left:60px;\"><ul>\n<li><a href=\"http:\/\/www.ventinella.com\/wp-content\/uploads\/2017\/08\/FICHE-TECHNIQUE-PVC-MOD3.pdf\">Fiche technique PVC<\/a><\/div><\/div><\/li>\n<\/ul>\n<div class='content-column one_third'><div style=\"padding-right:60px;padding-left:60px;\"><ul>\n<li><a href=\"http:\/\/www.ventinella.com\/wp-content\/uploads\/2017\/08\/FICHE-TECHNIQUE-ALU-MOD3.pdf\">Fiche technique ALU<\/a><\/div><\/div><\/li>\n<\/ul>\n<div class='content-column one_third last_column'><div style=\"padding-right:60px;padding-left:60px;\"><ul>\n<li>FT sur demande<\/div><\/div><div class='clear_column'><\/div><\/li>\n<\/ul>\n<p>&nbsp;<\/p>\n\n\t\t<style type=\"text\/css\">\n\t\t\t#gallery-3 {\n\t\t\t\tmargin: auto;\n\t\t\t}\n\t\t\t#gallery-3 .gallery-item {\n\t\t\t\tfloat: left;\n\t\t\t\tmargin-top: 10px;\n\t\t\t\ttext-align: center;\n\t\t\t\twidth: 33%;\n\t\t\t}\n\t\t\t#gallery-3 img {\n\t\t\t\tborder: 2px solid #cfcfcf;\n\t\t\t}\n\t\t\t#gallery-3 .gallery-caption {\n\t\t\t\tmargin-left: 0;\n\t\t\t}\n\t\t\t\/* see gallery_shortcode() in wp-includes\/media.php *\/\n\t\t<\/style>\n\t\t<div id='gallery-3' class='gallery galleryid-3218 gallery-columns-3 gallery-size-medium'><dl class='gallery-item'>\n\t\t\t<dt class='gallery-icon portrait'>\n\t\t\t\t<img loading=\"lazy\" decoding=\"async\" width=\"225\" height=\"300\" src=\"https:\/\/old.ventinella.com\/wp-content\/uploads\/2017\/08\/3D11-225x300.jpg\" class=\"attachment-medium size-medium\" alt=\"\" srcset=\"https:\/\/old.ventinella.com\/wp-content\/uploads\/2017\/08\/3D11-225x300.jpg 225w, https:\/\/old.ventinella.com\/wp-content\/uploads\/2017\/08\/3D11-113x150.jpg 113w, https:\/\/old.ventinella.com\/wp-content\/uploads\/2017\/08\/3D11.jpg 345w\" sizes=\"auto, (max-width: 225px) 100vw, 225px\" \/>\n\t\t\t<\/dt><\/dl><dl class='gallery-item'>\n\t\t\t<dt class='gallery-icon portrait'>\n\t\t\t\t<img loading=\"lazy\" decoding=\"async\" width=\"225\" height=\"300\" src=\"https:\/\/old.ventinella.com\/wp-content\/uploads\/2017\/08\/3L7-225x300.jpg\" class=\"attachment-medium size-medium\" alt=\"\" srcset=\"https:\/\/old.ventinella.com\/wp-content\/uploads\/2017\/08\/3L7-225x300.jpg 225w, https:\/\/old.ventinella.com\/wp-content\/uploads\/2017\/08\/3L7-113x150.jpg 113w, https:\/\/old.ventinella.com\/wp-content\/uploads\/2017\/08\/3L7.jpg 345w\" sizes=\"auto, (max-width: 225px) 100vw, 225px\" \/>\n\t\t\t<\/dt><\/dl><dl class='gallery-item'>\n\t\t\t<dt class='gallery-icon portrait'>\n\t\t\t\t<img loading=\"lazy\" decoding=\"async\" width=\"225\" height=\"300\" src=\"https:\/\/old.ventinella.com\/wp-content\/uploads\/2017\/08\/3D3-225x300.jpg\" class=\"attachment-medium size-medium\" alt=\"\" srcset=\"https:\/\/old.ventinella.com\/wp-content\/uploads\/2017\/08\/3D3-225x300.jpg 225w, https:\/\/old.ventinella.com\/wp-content\/uploads\/2017\/08\/3D3-113x150.jpg 113w, https:\/\/old.ventinella.com\/wp-content\/uploads\/2017\/08\/3D3.jpg 345w\" sizes=\"auto, (max-width: 225px) 100vw, 225px\" \/>\n\t\t\t<\/dt><\/dl><br style=\"clear: both\" \/>\n\t\t<\/div>\n\n<p>&nbsp;<\/p>\n<h2 style=\"text-align: center;\"><strong><a href=\"http:\/\/www.ventinella.com\/fr\/modele4\/\">Mod\u00e8le 4: Panneau isolant<\/a><\/strong><\/h2>\n<h2>&nbsp;<\/h2>\n<div class='content-column one_third'><div style=\"padding-right:60px;padding-left:60px;\"><ul>\n<li><a href=\"http:\/\/www.ventinella.com\/wp-content\/uploads\/2017\/08\/FICHE-TECHNIQUE-PVC-MOD4.pdf\">Fiche technique PVC<\/a><\/div><\/div><\/li>\n<\/ul>\n<div class='content-column one_third'><div style=\"padding-right:60px;padding-left:60px;\"><ul>\n<li><a href=\"http:\/\/www.ventinella.com\/wp-content\/uploads\/2017\/08\/FICHE-TECHNIQUE-ALU-MOD4.pdf\">Fiche technique ALU<\/a><\/div><\/div><\/li>\n<\/ul>\n<div class='content-column one_third last_column'><div style=\"padding-right:60px;padding-left:60px;\"><ul>\n<li>FT sur demande<\/div><\/div><div class='clear_column'><\/div><\/li>\n<\/ul>\n<p>&nbsp;<\/p>\n\n\t\t<style type=\"text\/css\">\n\t\t\t#gallery-4 {\n\t\t\t\tmargin: auto;\n\t\t\t}\n\t\t\t#gallery-4 .gallery-item {\n\t\t\t\tfloat: left;\n\t\t\t\tmargin-top: 10px;\n\t\t\t\ttext-align: center;\n\t\t\t\twidth: 33%;\n\t\t\t}\n\t\t\t#gallery-4 img {\n\t\t\t\tborder: 2px solid #cfcfcf;\n\t\t\t}\n\t\t\t#gallery-4 .gallery-caption {\n\t\t\t\tmargin-left: 0;\n\t\t\t}\n\t\t\t\/* see gallery_shortcode() in wp-includes\/media.php *\/\n\t\t<\/style>\n\t\t<div id='gallery-4' class='gallery galleryid-3218 gallery-columns-3 gallery-size-medium'><dl class='gallery-item'>\n\t\t\t<dt class='gallery-icon portrait'>\n\t\t\t\t<img loading=\"lazy\" decoding=\"async\" width=\"225\" height=\"300\" src=\"https:\/\/old.ventinella.com\/wp-content\/uploads\/2017\/08\/4D4-225x300.jpg\" class=\"attachment-medium size-medium\" alt=\"\" srcset=\"https:\/\/old.ventinella.com\/wp-content\/uploads\/2017\/08\/4D4-225x300.jpg 225w, https:\/\/old.ventinella.com\/wp-content\/uploads\/2017\/08\/4D4-113x150.jpg 113w, https:\/\/old.ventinella.com\/wp-content\/uploads\/2017\/08\/4D4.jpg 345w\" sizes=\"auto, (max-width: 225px) 100vw, 225px\" \/>\n\t\t\t<\/dt><\/dl><dl class='gallery-item'>\n\t\t\t<dt class='gallery-icon portrait'>\n\t\t\t\t<img loading=\"lazy\" decoding=\"async\" width=\"225\" height=\"300\" src=\"https:\/\/old.ventinella.com\/wp-content\/uploads\/2017\/08\/4D6-225x300.jpg\" class=\"attachment-medium size-medium\" alt=\"\" srcset=\"https:\/\/old.ventinella.com\/wp-content\/uploads\/2017\/08\/4D6-225x300.jpg 225w, https:\/\/old.ventinella.com\/wp-content\/uploads\/2017\/08\/4D6-113x150.jpg 113w, https:\/\/old.ventinella.com\/wp-content\/uploads\/2017\/08\/4D6.jpg 340w\" sizes=\"auto, (max-width: 225px) 100vw, 225px\" \/>\n\t\t\t<\/dt><\/dl><dl class='gallery-item'>\n\t\t\t<dt class='gallery-icon portrait'>\n\t\t\t\t<img loading=\"lazy\" decoding=\"async\" width=\"225\" height=\"300\" src=\"https:\/\/old.ventinella.com\/wp-content\/uploads\/2017\/08\/4L6-225x300.jpg\" class=\"attachment-medium size-medium\" alt=\"\" srcset=\"https:\/\/old.ventinella.com\/wp-content\/uploads\/2017\/08\/4L6-225x300.jpg 225w, https:\/\/old.ventinella.com\/wp-content\/uploads\/2017\/08\/4L6-113x150.jpg 113w, https:\/\/old.ventinella.com\/wp-content\/uploads\/2017\/08\/4L6.jpg 340w\" sizes=\"auto, (max-width: 225px) 100vw, 225px\" \/>\n\t\t\t<\/dt><\/dl><br style=\"clear: both\" \/>\n\t\t<\/div>\n\n<p>&nbsp;<\/p>\n<h2 style=\"text-align: center;\"><strong>Mod\u00e8le 5: Lames r\u00e9glables<\/strong><\/h2>\n<h2><strong>&nbsp;<\/strong><\/h2>\n\n\t\t<style type=\"text\/css\">\n\t\t\t#gallery-5 {\n\t\t\t\tmargin: auto;\n\t\t\t}\n\t\t\t#gallery-5 .gallery-item {\n\t\t\t\tfloat: left;\n\t\t\t\tmargin-top: 10px;\n\t\t\t\ttext-align: center;\n\t\t\t\twidth: 33%;\n\t\t\t}\n\t\t\t#gallery-5 img {\n\t\t\t\tborder: 2px solid #cfcfcf;\n\t\t\t}\n\t\t\t#gallery-5 .gallery-caption {\n\t\t\t\tmargin-left: 0;\n\t\t\t}\n\t\t\t\/* see gallery_shortcode() in wp-includes\/media.php *\/\n\t\t<\/style>\n\t\t<div id='gallery-5' class='gallery galleryid-3218 gallery-columns-3 gallery-size-medium'><dl class='gallery-item'>\n\t\t\t<dt class='gallery-icon landscape'>\n\t\t\t\t<img loading=\"lazy\" decoding=\"async\" width=\"300\" height=\"225\" src=\"https:\/\/old.ventinella.com\/wp-content\/uploads\/2017\/08\/5D1-300x225.jpg\" class=\"attachment-medium size-medium\" alt=\"\" srcset=\"https:\/\/old.ventinella.com\/wp-content\/uploads\/2017\/08\/5D1-300x225.jpg 300w, https:\/\/old.ventinella.com\/wp-content\/uploads\/2017\/08\/5D1-150x113.jpg 150w, https:\/\/old.ventinella.com\/wp-content\/uploads\/2017\/08\/5D1.jpg 460w\" sizes=\"auto, (max-width: 300px) 100vw, 300px\" \/>\n\t\t\t<\/dt><\/dl><dl class='gallery-item'>\n\t\t\t<dt class='gallery-icon landscape'>\n\t\t\t\t<img loading=\"lazy\" decoding=\"async\" width=\"300\" height=\"225\" src=\"https:\/\/old.ventinella.com\/wp-content\/uploads\/2017\/08\/5D2-300x225.jpg\" class=\"attachment-medium size-medium\" alt=\"\" srcset=\"https:\/\/old.ventinella.com\/wp-content\/uploads\/2017\/08\/5D2-300x225.jpg 300w, https:\/\/old.ventinella.com\/wp-content\/uploads\/2017\/08\/5D2-150x113.jpg 150w, https:\/\/old.ventinella.com\/wp-content\/uploads\/2017\/08\/5D2.jpg 460w\" sizes=\"auto, (max-width: 300px) 100vw, 300px\" \/>\n\t\t\t<\/dt><\/dl><dl class='gallery-item'>\n\t\t\t<dt class='gallery-icon landscape'>\n\t\t\t\t<img loading=\"lazy\" decoding=\"async\" width=\"300\" height=\"225\" src=\"https:\/\/old.ventinella.com\/wp-content\/uploads\/2017\/08\/5D3-300x225.jpg\" class=\"attachment-medium size-medium\" alt=\"\" srcset=\"https:\/\/old.ventinella.com\/wp-content\/uploads\/2017\/08\/5D3-300x225.jpg 300w, https:\/\/old.ventinella.com\/wp-content\/uploads\/2017\/08\/5D3-150x113.jpg 150w, https:\/\/old.ventinella.com\/wp-content\/uploads\/2017\/08\/5D3.jpg 460w\" sizes=\"auto, (max-width: 300px) 100vw, 300px\" \/>\n\t\t\t<\/dt><\/dl><br style=\"clear: both\" \/>\n\t\t<\/div>\n\n<h2>&nbsp;<\/h2>\n<h2 style=\"text-align: center;\"><strong>Mod\u00e8le 6: Volet \u00e0 clef<\/strong><\/h2>\n<h1 style=\"text-align: center;\">&nbsp;<\/h1>\n<h2 style=\"text-align: center;\"><strong>Mod\u00e8le 7: Volet \u00e0 barres<\/strong><\/h2>\n<h1 style=\"text-align: center;\">&nbsp;<\/h1>\n<h2 style=\"text-align: center;\"><strong><a href=\"http:\/\/www.ventinella.com\/fr\/modele678\/\">Mod\u00e8le 8: Volet \u00e0 barres et \u00e9charpes<\/a><\/strong><\/h2>\n<h2>&nbsp;<\/h2>\n<div class='content-column one_third'><div style=\"padding-right:60px;padding-left:60px;\"><ul>\n<li><a href=\"http:\/\/www.ventinella.com\/wp-content\/uploads\/2017\/08\/FICHE-TECHNIQUE-PVC-MOD6-7-8.pdf\">Fiche technique PVC<\/a><\/div><\/div><\/li>\n<\/ul>\n<div class='content-column one_third'><div style=\"padding-right:60px;padding-left:60px;\"><ul>\n<li><a href=\"http:\/\/www.ventinella.com\/wp-content\/uploads\/2017\/08\/FICHE-TECHNIQUE-ALU-MOD-6-7-8.pdf\">Fiche technique ALU<\/a><\/div><\/div><\/li>\n<\/ul>\n<div class='content-column one_third last_column'><div style=\"padding-right:60px;padding-left:60px;\"><ul>\n<li>FT sur demande<\/div><\/div><div class='clear_column'><\/div><\/li>\n<\/ul>\n<p>&nbsp;<\/p>\n\n\t\t<style type=\"text\/css\">\n\t\t\t#gallery-6 {\n\t\t\t\tmargin: auto;\n\t\t\t}\n\t\t\t#gallery-6 .gallery-item {\n\t\t\t\tfloat: left;\n\t\t\t\tmargin-top: 10px;\n\t\t\t\ttext-align: center;\n\t\t\t\twidth: 33%;\n\t\t\t}\n\t\t\t#gallery-6 img {\n\t\t\t\tborder: 2px solid #cfcfcf;\n\t\t\t}\n\t\t\t#gallery-6 .gallery-caption {\n\t\t\t\tmargin-left: 0;\n\t\t\t}\n\t\t\t\/* see gallery_shortcode() in wp-includes\/media.php *\/\n\t\t<\/style>\n\t\t<div id='gallery-6' class='gallery galleryid-3218 gallery-columns-3 gallery-size-medium'><dl class='gallery-item'>\n\t\t\t<dt class='gallery-icon portrait'>\n\t\t\t\t<img loading=\"lazy\" decoding=\"async\" width=\"225\" height=\"300\" src=\"https:\/\/old.ventinella.com\/wp-content\/uploads\/2017\/08\/6L1-225x300.jpg\" class=\"attachment-medium size-medium\" alt=\"\" aria-describedby=\"gallery-6-4553\" srcset=\"https:\/\/old.ventinella.com\/wp-content\/uploads\/2017\/08\/6L1-225x300.jpg 225w, https:\/\/old.ventinella.com\/wp-content\/uploads\/2017\/08\/6L1-113x150.jpg 113w, https:\/\/old.ventinella.com\/wp-content\/uploads\/2017\/08\/6L1.jpg 375w\" sizes=\"auto, (max-width: 225px) 100vw, 225px\" \/>\n\t\t\t<\/dt>\n\t\t\t\t<dd class='wp-caption-text gallery-caption' id='gallery-6-4553'>\n\t\t\t\tMod. 6\n\t\t\t\t<\/dd><\/dl><dl class='gallery-item'>\n\t\t\t<dt class='gallery-icon portrait'>\n\t\t\t\t<img loading=\"lazy\" decoding=\"async\" width=\"225\" height=\"300\" src=\"https:\/\/old.ventinella.com\/wp-content\/uploads\/2017\/08\/7L1-225x300.jpg\" class=\"attachment-medium size-medium\" alt=\"\" aria-describedby=\"gallery-6-4556\" srcset=\"https:\/\/old.ventinella.com\/wp-content\/uploads\/2017\/08\/7L1-225x300.jpg 225w, https:\/\/old.ventinella.com\/wp-content\/uploads\/2017\/08\/7L1-113x150.jpg 113w, https:\/\/old.ventinella.com\/wp-content\/uploads\/2017\/08\/7L1.jpg 375w\" sizes=\"auto, (max-width: 225px) 100vw, 225px\" \/>\n\t\t\t<\/dt>\n\t\t\t\t<dd class='wp-caption-text gallery-caption' id='gallery-6-4556'>\n\t\t\t\tMod. 7\n\t\t\t\t<\/dd><\/dl><dl class='gallery-item'>\n\t\t\t<dt class='gallery-icon portrait'>\n\t\t\t\t<img loading=\"lazy\" decoding=\"async\" width=\"225\" height=\"300\" src=\"https:\/\/old.ventinella.com\/wp-content\/uploads\/2017\/08\/8L7-225x300.jpg\" class=\"attachment-medium size-medium\" alt=\"\" aria-describedby=\"gallery-6-4559\" srcset=\"https:\/\/old.ventinella.com\/wp-content\/uploads\/2017\/08\/8L7-225x300.jpg 225w, https:\/\/old.ventinella.com\/wp-content\/uploads\/2017\/08\/8L7-113x150.jpg 113w, https:\/\/old.ventinella.com\/wp-content\/uploads\/2017\/08\/8L7.jpg 345w\" sizes=\"auto, (max-width: 225px) 100vw, 225px\" \/>\n\t\t\t<\/dt>\n\t\t\t\t<dd class='wp-caption-text gallery-caption' id='gallery-6-4559'>\n\t\t\t\tMod. 8\n\t\t\t\t<\/dd><\/dl><br style=\"clear: both\" \/>\n\t\t<\/div>\n\n<h1>&nbsp;<\/h1>\n<h2 style=\"text-align: center;\">&nbsp; <strong><a href=\"http:\/\/www.ventinella.com\/fr\/modeles-combi-cintres\/\">Mod\u00e8les sp\u00e9ciaux<\/a><\/strong><\/h2>\n<p>&nbsp;<\/p>\n\n\t\t<style type=\"text\/css\">\n\t\t\t#gallery-7 {\n\t\t\t\tmargin: auto;\n\t\t\t}\n\t\t\t#gallery-7 .gallery-item {\n\t\t\t\tfloat: left;\n\t\t\t\tmargin-top: 10px;\n\t\t\t\ttext-align: center;\n\t\t\t\twidth: 33%;\n\t\t\t}\n\t\t\t#gallery-7 img {\n\t\t\t\tborder: 2px solid #cfcfcf;\n\t\t\t}\n\t\t\t#gallery-7 .gallery-caption {\n\t\t\t\tmargin-left: 0;\n\t\t\t}\n\t\t\t\/* see gallery_shortcode() in wp-includes\/media.php *\/\n\t\t<\/style>\n\t\t<div id='gallery-7' class='gallery galleryid-3218 gallery-columns-3 gallery-size-medium'><dl class='gallery-item'>\n\t\t\t<dt class='gallery-icon portrait'>\n\t\t\t\t<img loading=\"lazy\" decoding=\"async\" width=\"225\" height=\"300\" src=\"https:\/\/old.ventinella.com\/wp-content\/uploads\/2017\/08\/1L32-225x300.jpg\" class=\"attachment-medium size-medium\" alt=\"\" srcset=\"https:\/\/old.ventinella.com\/wp-content\/uploads\/2017\/08\/1L32-225x300.jpg 225w, https:\/\/old.ventinella.com\/wp-content\/uploads\/2017\/08\/1L32-113x150.jpg 113w, https:\/\/old.ventinella.com\/wp-content\/uploads\/2017\/08\/1L32.jpg 340w\" sizes=\"auto, (max-width: 225px) 100vw, 225px\" \/>\n\t\t\t<\/dt><\/dl><dl class='gallery-item'>\n\t\t\t<dt class='gallery-icon landscape'>\n\t\t\t\t<img loading=\"lazy\" decoding=\"async\" width=\"300\" height=\"225\" src=\"https:\/\/old.ventinella.com\/wp-content\/uploads\/2017\/08\/2-1-300x225.jpg\" class=\"attachment-medium size-medium\" alt=\"\" srcset=\"https:\/\/old.ventinella.com\/wp-content\/uploads\/2017\/08\/2-1-300x225.jpg 300w, https:\/\/old.ventinella.com\/wp-content\/uploads\/2017\/08\/2-1-150x113.jpg 150w, https:\/\/old.ventinella.com\/wp-content\/uploads\/2017\/08\/2-1.jpg 460w\" sizes=\"auto, (max-width: 300px) 100vw, 300px\" \/>\n\t\t\t<\/dt><\/dl><dl class='gallery-item'>\n\t\t\t<dt class='gallery-icon portrait'>\n\t\t\t\t<img loading=\"lazy\" decoding=\"async\" width=\"225\" height=\"300\" src=\"https:\/\/old.ventinella.com\/wp-content\/uploads\/2017\/08\/3-225x300.jpg\" class=\"attachment-medium size-medium\" alt=\"\" srcset=\"https:\/\/old.ventinella.com\/wp-content\/uploads\/2017\/08\/3-225x300.jpg 225w, https:\/\/old.ventinella.com\/wp-content\/uploads\/2017\/08\/3-113x150.jpg 113w, https:\/\/old.ventinella.com\/wp-content\/uploads\/2017\/08\/3.jpg 340w\" sizes=\"auto, (max-width: 225px) 100vw, 225px\" \/>\n\t\t\t<\/dt><\/dl><br style=\"clear: both\" \/>\n\t\t<\/div>\n\n<h1>&nbsp;<\/h1>\n","protected":false},"excerpt":{"rendered":"<p>&nbsp; Gamme compl\u00e8te en Pvc, Alu et Bois &nbsp; Demander un devis ? C&rsquo;est facile, rapide et sans engagement. &nbsp; Mod\u00e8le 1: Lames ouvertes \u00e0 l&rsquo;Am\u00e9ricaine &nbsp; &nbsp; &nbsp; Mod\u00e8le 2: Lames \u00e0 chevrons &nbsp; &nbsp; &nbsp; Mod\u00e8le 3: Planchettes [&hellip;]<\/p>\n","protected":false},"author":2,"featured_media":0,"parent":0,"menu_order":0,"comment_status":"closed","ping_status":"closed","template":"","meta":{"ngg_post_thumbnail":0,"footnotes":""},"class_list":["post-3218","page","type-page","status-publish","hentry"],"_links":{"self":[{"href":"https:\/\/old.ventinella.com\/fr\/wp-json\/wp\/v2\/pages\/3218\/"}],"collection":[{"href":"https:\/\/old.ventinella.com\/fr\/wp-json\/wp\/v2\/pages\/"}],"about":[{"href":"https:\/\/old.ventinella.com\/fr\/wp-json\/wp\/v2\/types\/page\/"}],"author":[{"embeddable":true,"href":"https:\/\/old.ventinella.com\/fr\/wp-json\/wp\/v2\/users\/2\/"}],"replies":[{"embeddable":true,"href":"https:\/\/old.ventinella.com\/fr\/wp-json\/wp\/v2\/comments\/?post=3218"}],"version-history":[{"count":6,"href":"https:\/\/old.ventinella.com\/fr\/wp-json\/wp\/v2\/pages\/3218\/revisions\/"}],"predecessor-version":[{"id":6303,"href":"https:\/\/old.ventinella.com\/fr\/wp-json\/wp\/v2\/pages\/3218\/revisions\/6303\/"}],"wp:attachment":[{"href":"https:\/\/old.ventinella.com\/fr\/wp-json\/wp\/v2\/media\/?parent=3218"}],"curies":[{"name":"wp","href":"https:\/\/api.w.org\/{rel}","templated":true}]}}