{"id":3232,"date":"2017-08-23T15:28:47","date_gmt":"2017-08-23T13:28:47","guid":{"rendered":"http:\/\/www.ventinella.com\/?page_id=3232"},"modified":"2021-11-11T14:34:14","modified_gmt":"2021-11-11T13:34:14","slug":"modeles-combi-cintres","status":"publish","type":"page","link":"https:\/\/old.ventinella.com\/fr\/modeles-combi-cintres\/","title":{"rendered":"MODELES COMBI ET CINTRES NEW"},"content":{"rendered":"<h1>&nbsp;<\/h1>\n<h1 style=\"text-align: center;\">Mod\u00e8les combin\u00e9s et cintr\u00e9s<\/h1>\n<p>&nbsp;<\/p>\n<p>&nbsp;<\/p>\nngg_shortcode_0_placeholder\n","protected":false},"excerpt":{"rendered":"<p>&nbsp; Mod\u00e8les combin\u00e9s et cintr\u00e9s &nbsp; &nbsp;<\/p>\n","protected":false},"author":2,"featured_media":0,"parent":0,"menu_order":0,"comment_status":"closed","ping_status":"closed","template":"","meta":{"ngg_post_thumbnail":0,"footnotes":""},"class_list":["post-3232","page","type-page","status-publish","hentry"],"_links":{"self":[{"href":"https:\/\/old.ventinella.com\/fr\/wp-json\/wp\/v2\/pages\/3232\/"}],"collection":[{"href":"https:\/\/old.ventinella.com\/fr\/wp-json\/wp\/v2\/pages\/"}],"about":[{"href":"https:\/\/old.ventinella.com\/fr\/wp-json\/wp\/v2\/types\/page\/"}],"author":[{"embeddable":true,"href":"https:\/\/old.ventinella.com\/fr\/wp-json\/wp\/v2\/users\/2\/"}],"replies":[{"embeddable":true,"href":"https:\/\/old.ventinella.com\/fr\/wp-json\/wp\/v2\/comments\/?post=3232"}],"version-history":[{"count":1,"href":"https:\/\/old.ventinella.com\/fr\/wp-json\/wp\/v2\/pages\/3232\/revisions\/"}],"predecessor-version":[{"id":6170,"href":"https:\/\/old.ventinella.com\/fr\/wp-json\/wp\/v2\/pages\/3232\/revisions\/6170\/"}],"wp:attachment":[{"href":"https:\/\/old.ventinella.com\/fr\/wp-json\/wp\/v2\/media\/?parent=3232"}],"curies":[{"name":"wp","href":"https:\/\/api.w.org\/{rel}","templated":true}]}}