{"id":3358,"date":"2017-08-24T14:03:08","date_gmt":"2017-08-24T12:03:08","guid":{"rendered":"http:\/\/www.ventinella.com\/?page_id=3358"},"modified":"2025-01-15T14:49:36","modified_gmt":"2025-01-15T13:49:36","slug":"la-pose","status":"publish","type":"page","link":"https:\/\/old.ventinella.com\/fr\/la-pose\/","title":{"rendered":"LA POSE"},"content":{"rendered":"<h1>&nbsp;<\/h1>\n<h1 style=\"text-align: center;\">Pose facile en r\u00e9novation ou \u00e0 neuf&nbsp;<\/h1>\n<p>&nbsp;<\/p>\n<h2 style=\"text-align: center;\"><strong><a href=\"https:\/\/www.ventinella.com\/wp-content\/uploads\/2021\/11\/PRISE-DES-COTES-AVEC-GONDS-EXISTANTS.pdf\">Prise des c\u00f4tes avec gonds existants<\/a><\/strong><\/h2>\n<p>&nbsp;<\/p>\n<h2 style=\"text-align: center;\"><strong><a href=\"https:\/\/www.ventinella.com\/wp-content\/uploads\/2021\/11\/PRISE-DES-COTES-POUR-POSE-A-NEUF.pdf\">&nbsp;Prise des c\u00f4tes pour pose \u00e0 neuf<\/a><\/strong><\/h2>\n<p>&nbsp;<\/p>\n<h2 style=\"text-align: center;\"><strong><a href=\"https:\/\/www.ventinella.com\/wp-content\/uploads\/2023\/01\/OFF9993-NOTICE-DE-POSE-VOLETS-FONCTIONNELS-POSE-A-NEUF.pdf\">Poser des volets battants<\/a><\/strong><\/h2>\n<p>&nbsp;<\/p>\n<h2 style=\"text-align: center;\"><strong><a href=\"http:\/\/www.ventinella.com\/fr\/contact-fr\/\">Demander un devis&nbsp;<\/a><\/strong><\/h2>\n<p>&nbsp;<\/p>\n<h2 style=\"text-align: center;\"><strong style=\"color: #000000;\">Vid\u00e9o d&rsquo;instruction: Poser des volets battants<\/strong><\/h2>\n<p>&nbsp;<\/p>\n<p>&nbsp;<\/p>\n<p><iframe loading=\"lazy\" title=\"Poser des volets battants\" width=\"500\" height=\"281\" src=\"https:\/\/www.youtube.com\/embed\/zf6kNJLJqC0?feature=oembed&#038;enablejsapi=1&#038;origin=https:\/\/www.ventinella.com\" frameborder=\"0\" allow=\"accelerometer; autoplay; clipboard-write; encrypted-media; gyroscope; picture-in-picture; web-share\" referrerpolicy=\"strict-origin-when-cross-origin\" allowfullscreen><\/iframe><\/p>\n<p>&nbsp;<\/p>\n<h1 style=\"text-align: center;\">Diff\u00e9rents types de pose<\/h1>\n<h2><strong>Pose en d\u00e9coratif (postiche fix\u00e9 au mur)<\/strong><\/h2>\n<p>&nbsp;<\/p>\n<div class=\"content-column two_third\">\n<p>Nous usinons 4 ou 6 trous d\u2019accrochage sur le dos du volet.La fourniture comprend un gabarit de pose au format, par hauteur de volet.<\/p>\n<p>Nous fournissons les chevilles et les crochets.<\/p>\n<p>Le temps de pose est de +- 15\u2032.<\/p>\n<p>Les volets se d\u00e9crochent pour le nettoyage.<\/p>\n<\/div>\n<div class=\"content-column one_third last_column\"><img loading=\"lazy\" decoding=\"async\" class=\"wp-image-2685 aligncenter\" src=\"http:\/\/www.ventinella.fr\/\/wp-content\/uploads\/2011\/10\/DSCN0292-150x150.jpg\" alt=\"\" width=\"125\" height=\"167\"><\/div>\n<p>&nbsp;<\/p>\n<h2 style=\"text-align: left;\"><strong>Pose fonctionelle en r\u00e9novation<\/strong><\/h2>\n<div class=\"content-column two_third\">\n<p>Vous pouvez garder vos gonds et arr\u00eats.Les pentures sont pr\u00e9mont\u00e9es en usine.<\/p>\n<p>Les n\u0153uds (rouge sur le dessin) sont r\u00e9glables et peuvent \u00eatre adapt\u00e9s au diam\u00e8tre de vos gonds actuels.<\/p>\n<p>La pose se limite \u00e0 l\u2019accrochage des volets et un r\u00e9glage final avant blocage.<\/p>\n<\/div>\n<div class=\"content-column one_third last_column\"><img loading=\"lazy\" decoding=\"async\" class=\"size-medium wp-image-2709 aligncenter\" src=\"http:\/\/www.ventinella.fr\/\/wp-content\/uploads\/2017\/06\/A4-300x112.jpg\" alt=\"\" width=\"300\" height=\"112\"><\/div>\n<div class=\"clear_column\">&nbsp;<\/div>\n<h2>&nbsp;<\/h2>\n<h2 style=\"text-align: left;\"><strong>Pose fonctionelle \u00e0 neuf<\/strong><\/h2>\n<div class=\"content-column two_third\">\n<p>Scotchez l\u2019axe des platines au n\u0153uds des volets.Calez les volets dans la baie.<\/p>\n<p>Les platines murales indiquent les endroits \u00e0 percer.<\/p>\n<p>Vous percez droit sur le mur, pas en angle.<\/p>\n<p>Apr\u00e8s fixation, faites un r\u00e9glage final puis bloquez.<\/p>\n<\/div>\n<div class=\"content-column one_third last_column\"><img loading=\"lazy\" decoding=\"async\" class=\"wp-image-2694 aligncenter\" src=\"http:\/\/www.ventinella.fr\/\/wp-content\/uploads\/2011\/10\/PLATINE2-300x141.jpg\" alt=\"\" width=\"250\" height=\"118\"><\/div>\n<div>&nbsp;<\/div>\n<div>&nbsp;<\/div>\n<div>&nbsp;<\/div>\n<div>&nbsp;<\/div>\n<div>&nbsp;<\/div>\n<div>&nbsp;<\/div>\n<div>&nbsp;<\/div>\n<div>&nbsp;<\/div>\n","protected":false},"excerpt":{"rendered":"<p>&nbsp; Pose facile en r\u00e9novation ou \u00e0 neuf&nbsp; &nbsp; Prise des c\u00f4tes avec gonds existants &nbsp; &nbsp;Prise des c\u00f4tes pour pose \u00e0 neuf &nbsp; Poser des volets battants &nbsp; Demander un devis&nbsp; &nbsp; Vid\u00e9o d&rsquo;instruction: Poser des volets battants &nbsp; [&hellip;]<\/p>\n","protected":false},"author":2,"featured_media":0,"parent":0,"menu_order":0,"comment_status":"closed","ping_status":"closed","template":"","meta":{"ngg_post_thumbnail":0,"footnotes":""},"class_list":["post-3358","page","type-page","status-publish","hentry"],"_links":{"self":[{"href":"https:\/\/old.ventinella.com\/fr\/wp-json\/wp\/v2\/pages\/3358\/"}],"collection":[{"href":"https:\/\/old.ventinella.com\/fr\/wp-json\/wp\/v2\/pages\/"}],"about":[{"href":"https:\/\/old.ventinella.com\/fr\/wp-json\/wp\/v2\/types\/page\/"}],"author":[{"embeddable":true,"href":"https:\/\/old.ventinella.com\/fr\/wp-json\/wp\/v2\/users\/2\/"}],"replies":[{"embeddable":true,"href":"https:\/\/old.ventinella.com\/fr\/wp-json\/wp\/v2\/comments\/?post=3358"}],"version-history":[{"count":22,"href":"https:\/\/old.ventinella.com\/fr\/wp-json\/wp\/v2\/pages\/3358\/revisions\/"}],"predecessor-version":[{"id":6425,"href":"https:\/\/old.ventinella.com\/fr\/wp-json\/wp\/v2\/pages\/3358\/revisions\/6425\/"}],"wp:attachment":[{"href":"https:\/\/old.ventinella.com\/fr\/wp-json\/wp\/v2\/media\/?parent=3358"}],"curies":[{"name":"wp","href":"https:\/\/api.w.org\/{rel}","templated":true}]}}