{"id":67,"date":"2011-09-26T17:14:18","date_gmt":"2011-09-26T15:14:18","guid":{"rendered":"http:\/\/www.ventinella.be\/?page_id=67"},"modified":"2017-09-26T10:40:43","modified_gmt":"2017-09-26T08:40:43","slug":"couleurs","status":"publish","type":"page","link":"https:\/\/old.ventinella.com\/fr\/couleurs\/","title":{"rendered":"COULEURS OLD"},"content":{"rendered":"<h1 style=\"text-align: center;\"><strong>VOUS AVEZ LE CHOIX ENTRE 125 D\u00c9CORS \u00c0 L&rsquo; ASPECT DU BOIS NATUREL OU <\/strong><\/h1>\n<h1 style=\"text-align: center;\"><strong>BOIS PEINT<br \/>\n<\/strong><\/h1>\n<p>&nbsp;<\/p>\n<h1 style=\"text-align: center;\"><a href=\"http:\/\/www.ventinella.com\/wp-content\/uploads\/2014\/05\/D\u00c9CORS-VENTINELLA.xlsx\">NOTRE GAMME DE D\u00c9CORS EN FORMAT EXCELL<\/a><\/h1>\n<p>&nbsp;<\/p>\n<p><a href=\"http:\/\/www.ventinella.com\/wp-content\/uploads\/2013\/12\/D\u00c9CORS-VENTINELLA.pdf\">Notre gamme de d\u00e9cors en format PDF<\/a><\/p>\n<p style=\"text-align: left;\"><strong>Les films de plaxage ont une surface nervur\u00e9e ou lisse.<br \/>\n<\/strong><\/p>\n<p style=\"text-align: left;\"><strong>Vous pouvez combiner 2 d\u00e9cors sur un volet<\/strong><\/p>\n<p>Les films de plaxage sont fournies par les soci\u00e9t\u00e9s r\u00e9put\u00e9es Renolit (<a href=\"http:\/\/www.renolit.com\/\">www.renolit.com<\/a>) et Hornschuch (<a href=\"http:\/\/www.hornschuch.com\/\">www.hornschuch.com<\/a>). Les m\u00eames films sont appliqu\u00e9s depuis des dizaines d&rsquo;ann\u00e9es pour d\u00e9corer les fen\u00eatres et portes d&rsquo;entr\u00e9e.<\/p>\n<p>&nbsp;<\/p>\n<p>Une s\u00e9lection de nos d\u00e9cors est pr\u00e9sent\u00e9e ci-dessous. Cliquez sur le rectangle pour obtenir les d\u00e9tails.<br \/>\nngg_shortcode_0_placeholder<\/p>\n","protected":false},"excerpt":{"rendered":"<p>VOUS AVEZ LE CHOIX ENTRE 125 D\u00c9CORS \u00c0 L&rsquo; ASPECT DU BOIS NATUREL OU BOIS PEINT &nbsp; NOTRE GAMME DE D\u00c9CORS EN FORMAT EXCELL &nbsp; Notre gamme de d\u00e9cors en format PDF Les films de plaxage ont une surface nervur\u00e9e [&hellip;]<\/p>\n","protected":false},"author":1,"featured_media":0,"parent":0,"menu_order":0,"comment_status":"closed","ping_status":"open","template":"tpl_sliderPagina.php","meta":{"ngg_post_thumbnail":0,"footnotes":""},"class_list":["post-67","page","type-page","status-publish","hentry"],"_links":{"self":[{"href":"https:\/\/old.ventinella.com\/fr\/wp-json\/wp\/v2\/pages\/67\/"}],"collection":[{"href":"https:\/\/old.ventinella.com\/fr\/wp-json\/wp\/v2\/pages\/"}],"about":[{"href":"https:\/\/old.ventinella.com\/fr\/wp-json\/wp\/v2\/types\/page\/"}],"author":[{"embeddable":true,"href":"https:\/\/old.ventinella.com\/fr\/wp-json\/wp\/v2\/users\/1\/"}],"replies":[{"embeddable":true,"href":"https:\/\/old.ventinella.com\/fr\/wp-json\/wp\/v2\/comments\/?post=67"}],"version-history":[{"count":0,"href":"https:\/\/old.ventinella.com\/fr\/wp-json\/wp\/v2\/pages\/67\/revisions\/"}],"wp:attachment":[{"href":"https:\/\/old.ventinella.com\/fr\/wp-json\/wp\/v2\/media\/?parent=67"}],"curies":[{"name":"wp","href":"https:\/\/api.w.org\/{rel}","templated":true}]}}