{"id":9,"date":"2011-09-12T11:51:13","date_gmt":"2011-09-12T09:51:13","guid":{"rendered":"http:\/\/www.ventinella.be\/?page_id=9"},"modified":"2017-09-26T11:12:13","modified_gmt":"2017-09-26T09:12:13","slug":"oldbienvenue","status":"publish","type":"page","link":"https:\/\/old.ventinella.com\/fr\/oldbienvenue\/","title":{"rendered":"ACCEUIL OLD"},"content":{"rendered":"<h1 style=\"text-align: center;\">&nbsp;<\/h1>\n<h1 style=\"text-align: center;\">&nbsp;<\/h1>\n<h1 style=\"text-align: center;\">FABRICATION DE VOLETS EN PVC ET ALU<\/h1>\n<p>&nbsp;<\/p>\n<h1 style=\"text-align: center;\" align=\"center\">&nbsp;<\/h1>\n<h1 style=\"text-align: center;\" align=\"center\">&nbsp;Ventinella fabrique des volets-battants en PVC et<\/h1>\n<h1 style=\"text-align: center;\" align=\"center\">&nbsp; ALU qui ne se distinguent pas d&rsquo;un volet en bois.<\/h1>\n<p>&nbsp;<\/p>\n<p><span style=\"color: #000000;\">Les <strong>volets en bois<\/strong> ont un charme particulier mais&nbsp;demandent de l&rsquo;entretien.<\/span><\/p>\n<p><span style=\"color: #000000;\">Ventinella produit des volets durables en PVC et ALU comme le ferait un <strong>menuisier.<\/strong><\/span><\/p>\n<p><span style=\"color: #000000;\">Le r\u00e9sultat est <strong>une imitation quasi parfaite du bois<\/strong>: un cadre massif sans parcloses, les contours de lame frais\u00e9s individuellement et l&rsquo;assemblage des coins soit \u00e0 jonction droite \u00e0 tenon et mortaise (comme le bois), soit \u00e0 angle soud\u00e9.<\/span><\/p>\n<p><span style=\"color: #000000;\">La fabrication se fait avec des profil\u00e9s&nbsp; solides \u00e0 3 chambres avec un renforcement int\u00e9rieur plein contour.<\/span><\/p>\n<p><span style=\"color: #000000;\">Nous proposons<\/span> <strong><a href=\"http:\/\/www.ventinella.com\/modeles\">le plus vaste choix de mod\u00e8les<\/a><\/strong><span style=\"color: #000000;\"> en volets cadre et volets barre et \u00e9charpe. Vous pouvez combiner 2 types de lames sur un volet.<br \/>\n<\/span><\/p>\n<p><span style=\"color: #000000;\">Vous avez le choix entre <\/span><strong><a href=\"http:\/\/www.ventinella.com\/couleurs\">125 d\u00e9cors<\/a><\/strong><span style=\"color: #000000;\"> plax\u00e9s (films RENOLIT). Ces films ont une structure nervur\u00e9e et&nbsp; imitent parfaitement l&rsquo;aspect d&rsquo; un bois naturel ou bois peint.Le contact est agr\u00e9able, m\u00eame en hiver. Vous pouvez combiner 2 couleurs sur un volet sans majoration de prix.<\/span><\/p>\n<p><span style=\"color: #000000;\">&nbsp;Nous attachons une grande importance \u00e0 la&nbsp;<a href=\"https:\/\/youtu.be\/zf6kNJLJqC0\" data-rel=\"lightbox-video-0\"><strong> facilit\u00e9 de pose<\/strong><\/a>. Notre <strong><a href=\"http:\/\/www.ventinella.com\/ferrure\">ferrure<\/a><\/strong> est r\u00e9glable en hauteur et largeur et avec nos gonds \u00e0 platine vous percezdroit sur le mur. <\/span><\/p>\n<p><span style=\"color: #000000;\">Si vous ne posez pas vous-m\u00eame, vous pouvez vous adresser \u00e0 un de nos <strong><a title=\"PARTENAIRES\" href=\"http:\/\/www.ventinella.com\/fr\/partenaires\/\">partenaires&nbsp; <\/a><\/strong>installateurs dans votre r\u00e9gion.<\/span><\/p>\n<p style=\"text-align: justify;\"><span style=\"color: #000000;\">Nous pouvons proposer ces produits haut de gamme \u00e0 des<a href=\"http:\/\/www.ventinella.com\/wp-content\/uploads\/2015\/11\/PRIJSAANVRAAG-FR.xlsx\"><strong> prix attractifs<\/strong><\/a>, car:<\/span><\/p>\n<p style=\"text-align: justify;\"><span style=\"color: #000000;\">&#8211; Notre fabrication est enti\u00e8rement automatis\u00e9e<\/span><\/p>\n<p style=\"text-align: justify;\"><span style=\"color: #000000;\">&#8211; Nous travaillons avec notre propre gamme de profil\u00e9s<\/span><\/p>\n<p style=\"text-align: justify;\"><span style=\"color: #000000;\">&#8211; Notre proc\u00e9d\u00e9 demande jusqu&rsquo;\u00e0 30% moins de composants.<\/span><\/p>\n<p style=\"text-align: justify;\"><strong><a href=\"http:\/\/www.ventinella.com\/wp-content\/uploads\/2015\/11\/PRIJSAANVRAAG-FR.xlsx\">Demandez un devis gratuit sans engagement de votre part.<\/a><\/strong><\/p>\n<p><span style=\"color: #000000;\">Postez votre demande \u00e0 l&rsquo;adresse mail<\/span> <strong><a href=\"mailto:info@ventinella.com\">info@ventinella<\/a><\/strong>.com<\/p>\n<p>&nbsp;<\/p>\n<p><span style=\"color: #000000;\"><strong>VOUS RECEVEZ NOTRE DEVIS END\u00c9ANS LES 48 HEURES<\/strong><\/span><\/p>\n<p>&nbsp;<\/p>\n<p><span style=\"color: #000000;\">Notre usine se trouve \u00e0 F-59122 Hondschoote pr\u00e8s de Dunkerque.<\/span><\/p>\n<p><span style=\"color: #000000;\">Nous fabriquons vos volets fonctionnels et d\u00e9coratifs sur mesure<\/span><\/p>\n<p style=\"text-align: left;\"><span style=\"color: #000000;\"><strong>&nbsp;<\/strong><\/span><\/p>\n<p><span style=\"color: #000000;\">&nbsp;<\/span><\/p>\n<p><span style=\"color: #000000;\">&nbsp;<\/span><\/p>\n<p><span style=\"color: #000000;\">&nbsp;<\/span><\/p>\n<p>&nbsp;<\/p>\n","protected":false},"excerpt":{"rendered":"<p>&nbsp; &nbsp; FABRICATION DE VOLETS EN PVC ET ALU &nbsp; &nbsp; &nbsp;Ventinella fabrique des volets-battants en PVC et &nbsp; ALU qui ne se distinguent pas d&rsquo;un volet en bois. &nbsp; Les volets en bois ont un charme particulier mais&nbsp;demandent de [&hellip;]<\/p>\n","protected":false},"author":1,"featured_media":0,"parent":0,"menu_order":0,"comment_status":"closed","ping_status":"closed","template":"tpl_sliderPagina_sidebar.php","meta":{"ngg_post_thumbnail":0,"footnotes":""},"class_list":["post-9","page","type-page","status-publish","hentry"],"_links":{"self":[{"href":"https:\/\/old.ventinella.com\/fr\/wp-json\/wp\/v2\/pages\/9\/"}],"collection":[{"href":"https:\/\/old.ventinella.com\/fr\/wp-json\/wp\/v2\/pages\/"}],"about":[{"href":"https:\/\/old.ventinella.com\/fr\/wp-json\/wp\/v2\/types\/page\/"}],"author":[{"embeddable":true,"href":"https:\/\/old.ventinella.com\/fr\/wp-json\/wp\/v2\/users\/1\/"}],"replies":[{"embeddable":true,"href":"https:\/\/old.ventinella.com\/fr\/wp-json\/wp\/v2\/comments\/?post=9"}],"version-history":[{"count":0,"href":"https:\/\/old.ventinella.com\/fr\/wp-json\/wp\/v2\/pages\/9\/revisions\/"}],"wp:attachment":[{"href":"https:\/\/old.ventinella.com\/fr\/wp-json\/wp\/v2\/media\/?parent=9"}],"curies":[{"name":"wp","href":"https:\/\/api.w.org\/{rel}","templated":true}]}}