{"id":917,"date":"2013-04-19T11:32:54","date_gmt":"2013-04-19T09:32:54","guid":{"rendered":"http:\/\/www.ventinella.com\/?page_id=917"},"modified":"2017-09-26T10:42:57","modified_gmt":"2017-09-26T08:42:57","slug":"ferrure","status":"publish","type":"page","link":"https:\/\/old.ventinella.com\/fr\/ferrure\/","title":{"rendered":"FERRURE OLD"},"content":{"rendered":"<h1><strong>VOLETS FONCTIONNELS<br \/>\n<\/strong><\/h1>\n<p>Nous proposons une gamme compl\u00e8te de ferrure de fournisseurs r\u00e9put\u00e9s. Les pentures en aluminium sont r\u00e9glables en hauteur et en largeur. Ceci garantit une pose facile sur chantier.<\/p>\n<ul>\n<li><span style=\"line-height: 15px;\"><a href=\"http:\/\/www.ventinella.com\/wp-content\/uploads\/2016\/08\/CATALOGUE-FERRURE-.pdf\"><strong>CATALOGUE&nbsp; FERRURE<\/strong><\/a><br \/>\n<\/span><\/li>\n<li><a href=\"https:\/\/youtu.be\/zf6kNJLJqC0\" data-rel=\"lightbox-video-0\"><strong>POSE DE VOLETS (FILM YOUTUBE 3 MIN)<\/strong><\/a><\/li>\n<li><strong><a href=\"http:\/\/www.ventinella.com\/wp-content\/uploads\/2013\/09\/LA-POSE-DE-VOLETS.pdf\">LA POSE DE VOLETS<\/a><\/strong> (pdf)<\/li>\n<li><a href=\"http:\/\/www.ventinella.com\/wp-content\/uploads\/2013\/04\/CHOIX-DE-FERRURE.pdf\" target=\"_blank\" rel=\"noopener\"><strong>CHOIX DE LA FERRURE<\/strong><\/a><\/li>\n<\/ul>\n<p>&nbsp;<\/p>\n<h1><strong>VOLETS FIXES (D\u00c9CORATIFS)<br \/>\n<\/strong><\/h1>\n<p>Les volets destin\u00e9s \u00e0 \u00eatre accroch\u00e9s au mur pour une fonction purement d\u00e9corative, sont munis de 4 (ou 6 selon le format) trous oblongs 40*10 mm, frais\u00e9s verticalement sur le dos des montants .Pour faciliter le montage, un gabarit de pose sur la pleine hauteur ainsi que crochets et chevilles sont fournis.<\/p>\n<p>&nbsp;<\/p>\n","protected":false},"excerpt":{"rendered":"<p>VOLETS FONCTIONNELS Nous proposons une gamme compl\u00e8te de ferrure de fournisseurs r\u00e9put\u00e9s. Les pentures en aluminium sont r\u00e9glables en hauteur et en largeur. Ceci garantit une pose facile sur chantier. CATALOGUE&nbsp; FERRURE POSE DE VOLETS (FILM YOUTUBE 3 MIN) LA [&hellip;]<\/p>\n","protected":false},"author":1,"featured_media":0,"parent":0,"menu_order":0,"comment_status":"closed","ping_status":"open","template":"tpl_sliderPagina.php","meta":{"ngg_post_thumbnail":0,"footnotes":""},"class_list":["post-917","page","type-page","status-publish","hentry"],"_links":{"self":[{"href":"https:\/\/old.ventinella.com\/fr\/wp-json\/wp\/v2\/pages\/917\/"}],"collection":[{"href":"https:\/\/old.ventinella.com\/fr\/wp-json\/wp\/v2\/pages\/"}],"about":[{"href":"https:\/\/old.ventinella.com\/fr\/wp-json\/wp\/v2\/types\/page\/"}],"author":[{"embeddable":true,"href":"https:\/\/old.ventinella.com\/fr\/wp-json\/wp\/v2\/users\/1\/"}],"replies":[{"embeddable":true,"href":"https:\/\/old.ventinella.com\/fr\/wp-json\/wp\/v2\/comments\/?post=917"}],"version-history":[{"count":0,"href":"https:\/\/old.ventinella.com\/fr\/wp-json\/wp\/v2\/pages\/917\/revisions\/"}],"wp:attachment":[{"href":"https:\/\/old.ventinella.com\/fr\/wp-json\/wp\/v2\/media\/?parent=917"}],"curies":[{"name":"wp","href":"https:\/\/api.w.org\/{rel}","templated":true}]}}